{"id":17579,"date":"2024-07-09T16:02:14","date_gmt":"2024-07-09T14:02:14","guid":{"rendered":"https:\/\/volztapes.com\/informacje\/ows\/"},"modified":"2024-07-09T16:21:29","modified_gmt":"2024-07-09T14:21:29","slug":"ows","status":"publish","type":"page","link":"https:\/\/volztapes.com\/pl\/informacje\/ows\/","title":{"rendered":"OWS"},"content":{"rendered":"[vc_row full_width=&#8221;stretch_row&#8221; css=&#8221;.vc_custom_1490964315091{margin-top: -30px !important;background-image: url(https:\/\/volztapes.com\/wp-content\/uploads\/2016\/11\/bg_title_service.jpg?id=1313) !important;background-position: center !important;background-repeat: no-repeat !important;background-size: cover !important;}&#8221;][vc_column width=&#8221;1\/3&#8243;][vc_custom_heading source=&#8221;post_title&#8221; font_container=&#8221;tag:h1|text_align:left|color:%23ffffff&#8221; use_theme_fonts=&#8221;yes&#8221; css=&#8221;.vc_custom_1490961223486{margin-top: 80px !important;margin-bottom: 80px !important;padding-top: 10px !important;padding-right: 20px !important;padding-bottom: 10px !important;padding-left: 20px !important;background-color: rgba(0,163,222,0.8) !important;*background-color: rgb(0,163,222) !important;}&#8221; el_class=&#8221;bannertitle&#8221;][\/vc_column][vc_column width=&#8221;1\/3&#8243;][\/vc_column][vc_column width=&#8221;1\/3&#8243;][\/vc_column][\/vc_row][vc_row][vc_column][vc_empty_space height=&#8221;30&#8243;][\/vc_column][\/vc_row][vc_row][vc_column width=&#8221;1\/4&#8243;][vc_custom_heading text=&#8221;Og\u00f3lne Warunki Sprzeda\u017cy&#8221; font_container=&#8221;tag:h2|font_size:24|text_align:left&#8221; use_theme_fonts=&#8221;yes&#8221;][vc_empty_space height=&#8221;30&#8243;]\t<div class=\"ts-feature-wrapper  feature-horizontal icon-small\">\n\t\t<div class=\"feature-content\">\n\t\t\n\t\t\t\t\t\t\t<a target=\"_blank\" class=\"feature-icon\" href=\"https:\/\/volztapes.com\/wp-content\/uploads\/2021\/12\/OWS-VOLZ-TAPES-POLSKA.pdf\">\n\t\t\t\t\t<i class=\"fa fa-file-pdf-o\"><\/i>\n\t\t\t\t<\/a>\n\t\t\t\t\t\t\n\t\t\t\t\t\t\n\t\t\t\t\t\t\t<header class=\"feature-header\">\n\t\t\t\t\t\t\n\t\t\t\t\t\t\t\t\t<h3 class=\"feature-title heading-title entry-title\">\n\t\t\t\t\t\t<a target=\"_blank\" href=\"https:\/\/volztapes.com\/wp-content\/uploads\/2021\/12\/OWS-VOLZ-TAPES-POLSKA.pdf\">PDF Download<\/a>\n\t\t\t\t\t<\/h3>\n\t\t\t\t\t\t\t\t\n\t\t\t\t\t\t\t\t\t<div class=\"feature-excerpt\">\n\t\t\t\t\t\tVOLZ\u00ae TAPES Polsky Sp. z o. o. Og\u00f3lne Warunki Sprzeda\u017cy (stan na maj 2024 r.)\t\t\t\t\t<\/div>\n\t\t\t\t\t\t\t\n\t\t\t\t\t\t\t<\/header>\n\t\t\t\t\t<\/div>\n\t<\/div>\n\t[\/vc_column][vc_column width=&#8221;3\/4&#8243;][vc_tta_accordion][vc_tta_section title=&#8221;I Zakres zastosowania&#8221; tab_id=&#8221;1479922506016-25050c3d-39f7&#8243;][vc_column_text]\r\n1.1 Oferty, sprzeda\u017c i dostawy towar\u00f3w przez Volz Tapes Polska Sp. z o.o. z siedzib\u0105 w Go\u015blinowie (KRS: 0001090727) s\u0105 realizowane wy\u0142\u0105cznie na podstawie niniejszych Og\u00f3lnych Warunk\u00f3w Sprzeda\u017cy (dalej: \u201eOWS\u201d).\r\n1.2. Niniejsze OWS staj\u0105 si\u0119 cz\u0119\u015bci\u0105 ofert i um\u00f3w, kt\u00f3re zawieramy z naszymi klientami w zakresie sprzeda\u017cy i dostawy naszych towar\u00f3w. Ka\u017cdy klient po otrzymaniu oferty lub przed zawarciem z nami umowy powinien zapozna\u0107 si\u0119 z niniejszymi OWS, kt\u00f3re s\u0105 zawsze z \u0142atwo\u015bci\u0105 dost\u0119pne na naszej stronie internetowej pod adresem www.volztapes.pl\/OWS. Nasze OWS obowi\u0105zuj\u0105 r\u00f3wnie\u017c w przypadku przysz\u0142ych stosunk\u00f3w z klientem.\r\n1.3. Wy\u0142\u0105czone jest stosowanie og\u00f3lnych warunk\u00f3w i\/lub wzorc\u00f3w um\u00f3w klient\u00f3w.\r\n1.4. Warunki handlowe naszych klient\u00f3w nie maj\u0105 zastosowania, nawet je\u015bli nie wniesiemy odr\u0119bnego sprzeciwu co do ich stosowania w indywidualnych przypadkach. Nawet je\u015bli odpowiadamy na korespondencj\u0119 lub pisma zawieraj\u0105ce lub odnosz\u0105ce si\u0119 do warunk\u00f3w klient\u00f3w lub osoby trzeciej, nie oznacza to naszej akceptacji dla takich warunk\u00f3w.\r\n1.5. W przypadku z\u0142o\u017cenia przez nas oferty lub dokonania przez nas dostawy klientowi, kt\u00f3ry w odniesieniu do um\u00f3w danego rodzaju tak\u017ce stosuje og\u00f3lne warunki lub wzorce umowne informujemy, \u017ce nie wyra\u017camy zgody na zawarcie umowy ze skutkiem okre\u015blonym w art. 3854 \u00a7 1 kodeksu cywilnego. Przyjmujemy, \u017ce w braku zastrze\u017ce\u0144 klienta zaakceptowa\u0142 on niniejsze OWS w ca\u0142o\u015bci. Jakiekolwiek odst\u0119pstwa od OWS mog\u0105 wynika\u0107 wy\u0142\u0105cznie z indywidualnie wynegocjowanych warunk\u00f3w wsp\u00f3\u0142pracy, zawartych w formie pisemnej pod rygorem niewa\u017cno\u015bci.\r\n[\/vc_column_text][\/vc_tta_section][vc_tta_section title=&#8221;II. Oferty&#8221; tab_id=&#8221;1479922506112-d43f173c-19bb&#8221;][vc_column_text]\r\n2.1. Nasze oferty obowi\u0105zuj\u0105 przez 2 tygodnie, a po ich akceptacji przez klienta zawsze podlegaj\u0105 jeszcze potwierdzeniu.\r\n2.2. Nasze oferty mog\u0105 by\u0107 przyj\u0119te jedynie bez zastrze\u017ce\u0144. Sprzeciwiamy si\u0119 w\u0142\u0105czeniu do umowy zastrze\u017ce\u0144 klienta, chyba \u017ce wyrazimy zgod\u0119 na indywidualnie wynegocjowane warunki w formie pisemnej lub dokumentowej pod rygorem niewa\u017cno\u015bci.\r\n2.3. O\u015bwiadczenia, jakie sk\u0142adamy wobec klient\u00f3w, dotycz\u0105ce danych technicznych ta\u015bm klej\u0105cych i produkt\u00f3w specjalnych, opieramy g\u0142\u00f3wnie na w\u0142asnych testach i do\u015bwiadczeniach lub na o\u015bwiadczeniach r\u00f3\u017cnych producent\u00f3w, przy czym zastrzegamy sobie prawo do niewielkich waha\u0144 jako\u015bciowych, zw\u0142aszcza niewielkich r\u00f3\u017cnic kolorystycznych w kolorowych wydrukach. Przed zamierzonym zastosowaniem naszych ta\u015bm samoprzylepnych klient powinien we w\u0142asnym zakresie sprawdzi\u0107 przydatno\u015b\u0107 naszych ta\u015bm do zamierzonego przez klienta celu. Pr\u00f3bki wysy\u0142amy jedynie na \u017cyczenie.\r\n2.4. Przekazane klientowi obrazy, grafiki, obliczenia i inne informacje pozostaj\u0105 nasz\u0105 w\u0142asno\u015bci\u0105 (r\u00f3wnie\u017c w zakresie praw autorskich). Wyprodukowane przez nas narz\u0119dzia oraz nasze pliki do druku tak\u017ce pozostaj\u0105 nasz\u0105 w\u0142asno\u015bci\u0105. Zastrze\u017cenie to dotyczy r\u00f3wnie\u017c wszelkich pisemnych dokument\u00f3w, w szczeg\u00f3lno\u015bci oznaczonych jako poufne. Przed przekazaniem czegokolwiek uzyskanego od nas osobom trzecim klient musi uzyska\u0107 nasz\u0105 wyra\u017an\u0105 i pisemn\u0105 zgod\u0119\r\n[\/vc_column_text][\/vc_tta_section][vc_tta_section title=&#8221;III. Ceny, Warunki p\u0142atno\u015bci&#8221; tab_id=&#8221;1496062743245-33e98e4e-e108&#8243;][vc_column_text]\r\n3.1. Je\u017celi z oferty lub potwierdzenia zam\u00f3wienia nie wynika inaczej, nasze ceny nale\u017cy zawsze rozumie\u0107 jako \u201eex fabryka\u201d, z wy\u0142\u0105czeniem opakowa\u0144, wysy\u0142ki i ubezpieczenia spedycyjnego, kt\u00f3re mog\u0105 by\u0107 fakturowane osobno.\r\n3.2. Wszystkie nasze ceny s\u0105 cenami netto (bez podatku VAT).\r\n3.3. Do odliczenia rabatu wymagana jest odr\u0119bna umowa.\r\n3.4. Je\u017celi w potwierdzeniu zam\u00f3wienia nie wskazano inaczej, za cen\u0119 zakupu nale\u017cy rozumie\u0107 cen\u0119 netto (bez rabatu) p\u0142atn\u0105 w terminie 30 dni od daty wystawienia faktury.\r\n3.5. Klient ma prawo do potr\u0105cenia lub wstrzymania p\u0142atno\u015bci jedynie wtedy, gdy jego roszczenie wzajemne zosta\u0142o prawomocnie stwierdzone, jest bezsporne i przez nas uznane.\r\n[\/vc_column_text][\/vc_tta_section][vc_tta_section title=&#8221;IV. Termin i warunki dostawy&#8221; tab_id=&#8221;1496062836154-ba84407f-131e&#8221;][vc_column_text]\r\n4.1. Termin dostawy nie jest wi\u0105\u017c\u0105cy, o ile dotrzymanie ustalonego przez nas terminu dostawy jest uzale\u017cnione od wyja\u015bnienia wszystkich kwestii technicznych jak r\u00f3wnie\u017c od terminowego i prawid\u0142owego wype\u0142nienia zobowi\u0105za\u0144 przez klienta. Je\u017celi realizacja op\u00f3\u017ania si\u0119 z powodu si\u0142y wy\u017cszej, takiej jak strajk, brak surowc\u00f3w lub op\u00f3\u017anienia w dostawach ze strony naszych dostawc\u00f3w, termin dostawy ulega odpowiedniemu przed\u0142u\u017ceniu.\r\n4.2. W przypadku naszej zw\u0142oki w realizacji dostaw klientowi przys\u0142uguje prawo do odst\u0105pienia od umowy wy\u0142\u0105cznie w przypadku gdy wyznaczy nam odpowiedni dodatkowy termin do wykonania dostawy z zagro\u017ceniem, i\u017c w razie bezskutecznego up\u0142ywu wyznaczonego terminu b\u0119dzie uprawniony do odst\u0105pienia od umowy.\r\n4.3. W przypadku niewywi\u0105zania si\u0119 przez klienta z obowi\u0105zku odebrania dostawy b\u0119dziemy przechowywa\u0107 towary na koszt i ryzyko klienta. Niebezpiecze\u0144stwo przypadkowego zniszczenia lub mo\u017cliwej utraty warto\u015bci towaru przechodzi na klienta z up\u0142ywem zaplanowanego terminu dostawy.\r\n4.4. W przypadku naruszenia zobowi\u0105za\u0144 przez klienta jeste\u015bmy uprawnieni do odst\u0105pienia od umowy w okresie roku od jej zawarcia, sk\u0142adaj\u0105c w formie pisemnej lub dokumentowej o\u015bwiadczenie z podaniem przyczyny.\r\n4.5. Je\u015bli klient zwleka z przyj\u0119ciem dostawy lub w spos\u00f3b zawiniony narusza inne obowi\u0105zki umowne, zastrzegamy sobie prawo do \u017c\u0105dania odszkodowania.\r\n4.6. Odbi\u00f3r opakowa\u0144 jest mo\u017cliwy wy\u0142\u0105cznie na podstawie dodatkowych uzgodnie\u0144 w formie pisemnej lub dokumentowej pod rygorem niewa\u017cno\u015bci.\r\n4.7. Na \u017cyczenie klienta dostawa zostanie obj\u0119ta ubezpieczeniem transportowym; powsta\u0142e w ten spos\u00f3b koszty obci\u0105\u017caj\u0105 klienta.\r\n\r\n[\/vc_column_text][\/vc_tta_section][vc_tta_section title=&#8221;V. Gwarancja&#8221; tab_id=&#8221;1496062912283-34b01616-b614&#8243;][vc_column_text]\r\n5.1. Udzielamy gwarancji na nasze produkty w okresie 12 miesi\u0119cy od daty dostawy, chyba \u017ce w karcie produktu lub jego specyfikacji zastrze\u017cony zosta\u0142 inny termin. Gwarancja jest wa\u017cna pod warunkiem dochowania przez klienta zalecanych warunk\u00f3w transportu lub przechowywania.\r\n5.2. Wy\u0142\u0105czona zostaje nasza odpowiedzialno\u015b\u0107 z tytu\u0142u r\u0119kojmi za wady fizyczne naszych produkt\u00f3w.\r\n5.3. Nie gwarantujemy konkretnej przydatno\u015bci naszych produkt\u00f3w do konkretnego celu klienta. Broszury, wytyczne i inne opisy lub zalecenia stosowania naszych produkt\u00f3w zosta\u0142y opracowane w oparciu o nasz\u0105 najnowsz\u0105 wiedz\u0119 i praktyczne do\u015bwiadczenia. Nie s\u0105\u0328 one jednak wi\u0105\u017c\u0105ce. W ka\u017cdym przypadku klient powinien samodzielnie sprawdzi\u0107 i potwierdzi\u0107 przydatno\u015b\u0107 zamawianych towar\u00f3w do zamierzonego przez klienta celu.\r\n5.4. Klient jest w pe\u0142ni \u015bwiadomy faktu, \u017ce nasze ta\u015bmy samoprzylepne i produkty klejowe maj\u0105 ograniczon\u0105 trwa\u0142o\u015b\u0107 i warunki przechowywania ze wzgl\u0119du na sw\u00f3j sk\u0142ad. Zasadniczo nie mo\u017cna okre\u015bli\u0107 czy nasze produkty, pod warunkiem ich prawid\u0142owego przechowywania, po up\u0142ywie okre\u015blonego przez nas okresu przydatno\u015bci do u\u017cycia b\u0119d\u0105 nadawa\u0142y si\u0119 do u\u017cytku w zamierzonym przez klienta celu.\r\n5.5. Klient powinien sprawdzi\u0107 produkty natychmiast po ich odebraniu, najp\u00f3\u017aniej do 14 dni po dacie odbioru. W przypadku zauwa\u017cenia jakichkolwiek wad lub niezgodno\u015bci z zam\u00f3wieniem klient powinien je natychmiast zg\u0142osi\u0107. Dokonanie odbioru oznacza, \u017ce towar uwa\u017ca si\u0119 za przyj\u0119ty bez zastrze\u017ce\u0144, chyba \u017ce ma wad\u0119\u0328, kt\u00f3rej nie mo\u017cna by\u0142o zauwa\u017cy\u0107 podczas ogl\u0119dzin w trakcie odbioru.\r\n5.6. W przypadku wadliwej dostawy Klient ma prawo \u017c\u0105da\u0107 p\u00f3\u017aniejszego wykonania zam\u00f3wienia poprzez usuni\u0119cie wadliwego towaru lub dostaw\u0119 nowego, wolnego od wad towaru. W przypadku usuni\u0119cia wady jeste\u015bmy zobowi\u0105zani ponie\u015b\u0107 wszelkie niezb\u0119dne koszty w celu usuni\u0119cia wady, w szczeg\u00f3lno\u015bci koszty transportu.\r\n5.7. Zg\u0142oszenie wady nie zostanie przez nas rozpatrzone po up\u0142ywie 12 miesi\u0119cy od daty odbioru.\r\n[\/vc_column_text][\/vc_tta_section][vc_tta_section title=&#8221;VI. Zastrze\u017cenie w\u0142asno\u015bci towar\u00f3w&#8221; tab_id=&#8221;1496062959043-7ceb989f-25af&#8221;][vc_column_text]\r\n6.1. Zastrzegamy sobie prawo w\u0142asno\u015bci dostarczonych towar\u00f3w do czasu otrzymania od klienta wszystkich p\u0142atno\u015bci wynikaj\u0105cych z wszystkich stosunk\u00f3w handlowych z klientem. W przypadku naruszenia zobowi\u0105za\u0144 przez klienta, w szczeg\u00f3lno\u015bci w przypadku op\u00f3\u017anienia w p\u0142atno\u015bci, mamy prawo odebra\u0107 dostarczony towar.\r\n6.2. Klient ma obowi\u0105zek obchodzi\u0107 si\u0119 z towarem z nale\u017cyt\u0105 staranno\u015bci\u0105; jest on w szczeg\u00f3lno\u015bci zobowi\u0105zany do ubezpieczenia towaru.\r\n6.3. W przypadku zaj\u0119cia mienia klienta lub innych narusze\u0144 ze strony os\u00f3b trzecich, klient ma obowi\u0105zek niezw\u0142ocznie poinformowa\u0107 nas o tym na pi\u015bmie, co umo\u017cliwi nam zg\u0142oszenie roszcze\u0144.\r\n6.4. Klient mo\u017ce sprzedawa\u0107 towary obj\u0119te zastrze\u017ceniem w normalnym trybie handlowym. Klient tym samym dokonuje na nas cesji swoich wierzytelno\u015bci z tytu\u0142u sprzeda\u017cy towar\u00f3w, a my tak\u0105 cesj\u0119 przyjmujemy. Klient nie mo\u017ce zastawia\u0107 towar\u00f3w obj\u0119tych zastrze\u017ceniem ani ustanawia\u0107\r\n6.5. Je\u017celi towary obj\u0119te zastrze\u017ceniem zostan\u0105 po\u0142\u0105czone z innymi materia\u0142ami, kt\u00f3re nie s\u0105 nasz\u0105 w\u0142asno\u015bci\u0105, nabywamy roszczenia do nowopowsta\u0142ych przedmiot\u00f3w w proporcji warto\u015bci brutto towaru obj\u0119tego zastrze\u017ceniem.\r\n[\/vc_column_text][\/vc_tta_section][vc_tta_section title=&#8221;VII. Prawo w\u0142a\u015bciwe, jurysdykcja&#8221; tab_id=&#8221;1496063006029-efc57be4-e8e5&#8243;][vc_column_text]\r\n7.1. Miejscem spe\u0142nienia \u015bwiadcze\u0144 wobec nas jest nasza siedziba.\r\n7.2. Wszelkie spory b\u0119d\u0105 rozstrzygane przez s\u0105d powszechny w\u0142a\u015bciwy dla miejsca naszej siedziby.\r\n7.3. Umowy zawierane pomi\u0119dzy nami a dostawc\u0105 podlegaj\u0105 prawu polskiemu z wy\u0142\u0105czeniem Konwencji o umowach mi\u0119dzynarodowej sprzeda\u017cy towar\u00f3w (Konwencja Narod\u00f3w Zjednoczonych o umowach mi\u0119dzynarodowej sprzeda\u017cy towar\u00f3w).\r\n[\/vc_column_text][\/vc_tta_section][vc_tta_section title=&#8221;VIII. Klauzula salwatoryjna&#8221; tab_id=&#8221;1496063061457-8e09ccac-d396&#8243;][vc_column_text]\r\n8.1. Je\u017celi poszczeg\u00f3lne postanowienia umowy z klientem, w tym niniejsze og\u00f3lne warunki sprzeda\u017cy, oka\u017c\u0105 si\u0119 w ca\u0142o\u015bci lub w cz\u0119\u015bci niewa\u017cne lub niekompletne, nie ma to wp\u0142ywu na wa\u017cno\u015b\u0107 pozosta\u0142ych postanowie\u0144. W miejsce postanowienia ca\u0142kowicie lub cz\u0119\u015bciowo nieskutecznego lub niekompletnego stosuje si\u0119 takie skuteczne i\/lub kompletne postanowienie, jakie strony uzgodni\u0142yby w dobrej wierze, bior\u0105c pod uwag\u0119 powszechny zwyczaj, sens i cel oraz skutek ekonomiczny nieskutecznego lub niekompletnego postanowienia, gdyby od pocz\u0105tku uzna\u0142y nieskuteczno\u015b\u0107 lub niekompletno\u015b\u0107 danego postanowienia.\r\n[\/vc_column_text][\/vc_tta_section][vc_tta_section tab_id=&#8221;1496063125427-3289548c-51be&#8221;][vc_column_text]\r\n\r\n[\/vc_column_text][\/vc_tta_section][\/vc_tta_accordion][\/vc_column][\/vc_row]","protected":false},"excerpt":{"rendered":"[vc_row full_width=&#8221;stretch_row&#8221; css=&#8221;.vc_custom_1490964315091{margin-top: -30px !important;background-image: url(https:\/\/volztapes.com\/wp-content\/uploads\/2016\/11\/bg_title_service.jpg?id=1313) !important;background-position: center !important;background-repeat: no-repeat !important;background-size: cover !important;}&#8221;][vc_column width=&#8221;1\/3&#8243;][vc_custom_heading source=&#8221;post_title&#8221; font_container=&#8221;tag:h1|text_align:left|color:%23ffffff&#8221; use_theme_fonts=&#8221;yes&#8221; css=&#8221;.vc_custom_1490961223486{margin-top: 80px !important;margin-bottom: 80px !important;padding-top: 10px !important;padding-right: 20px !important;padding-bottom: 10px !important;padding-left: 20px !important;background-color: rgba(0,163,222,0.8) !important;*background-color: rgb(0,163,222) !important;}&#8221; el_class=&#8221;bannertitle&#8221;][\/vc_column][vc_column width=&#8221;1\/3&#8243;][\/vc_column][vc_column width=&#8221;1\/3&#8243;][\/vc_column][\/vc_row][vc_row][vc_column][vc_empty_space height=&#8221;30&#8243;][\/vc_column][\/vc_row][vc_row][vc_column width=&#8221;1\/4&#8243;][vc_custom_heading text=&#8221;Og\u00f3lne Warunki Sprzeda\u017cy&#8221; font_container=&#8221;tag:h2|font_size:24|text_align:left&#8221; use_theme_fonts=&#8221;yes&#8221;][vc_empty_space height=&#8221;30&#8243;][\/vc_column][vc_column width=&#8221;3\/4&#8243;][vc_tta_accordion][vc_tta_section title=&#8221;I Zakres zastosowania&#8221; tab_id=&#8221;1479922506016-25050c3d-39f7&#8243;][vc_column_text] 1.1 Oferty, sprzeda\u017c i dostawy [&hellip;]","protected":false},"author":37,"featured_media":0,"parent":17507,"menu_order":0,"comment_status":"closed","ping_status":"closed","template":"","meta":{"footnotes":""},"_links":{"self":[{"href":"https:\/\/volztapes.com\/pl\/wp-json\/wp\/v2\/pages\/17579"}],"collection":[{"href":"https:\/\/volztapes.com\/pl\/wp-json\/wp\/v2\/pages"}],"about":[{"href":"https:\/\/volztapes.com\/pl\/wp-json\/wp\/v2\/types\/page"}],"author":[{"embeddable":true,"href":"https:\/\/volztapes.com\/pl\/wp-json\/wp\/v2\/users\/37"}],"replies":[{"embeddable":true,"href":"https:\/\/volztapes.com\/pl\/wp-json\/wp\/v2\/comments?post=17579"}],"version-history":[{"count":4,"href":"https:\/\/volztapes.com\/pl\/wp-json\/wp\/v2\/pages\/17579\/revisions"}],"predecessor-version":[{"id":17586,"href":"https:\/\/volztapes.com\/pl\/wp-json\/wp\/v2\/pages\/17579\/revisions\/17586"}],"up":[{"embeddable":true,"href":"https:\/\/volztapes.com\/pl\/wp-json\/wp\/v2\/pages\/17507"}],"wp:attachment":[{"href":"https:\/\/volztapes.com\/pl\/wp-json\/wp\/v2\/media?parent=17579"}],"curies":[{"name":"wp","href":"https:\/\/api.w.org\/{rel}","templated":true}]}}