{"id":17576,"date":"2024-07-09T15:53:38","date_gmt":"2024-07-09T13:53:38","guid":{"rendered":"https:\/\/volztapes.com\/informacje\/slowniczek-tasm-samoprzylepnych\/"},"modified":"2024-07-17T09:50:29","modified_gmt":"2024-07-17T07:50:29","slug":"slowniczek-tasm-samoprzylepnych","status":"publish","type":"page","link":"https:\/\/volztapes.com\/pl\/informacje\/slowniczek-tasm-samoprzylepnych\/","title":{"rendered":"S\u0142owniczek ta\u015bm samoprzylepnych"},"content":{"rendered":"[vc_row full_width=&#8221;stretch_row&#8221; css=&#8221;.vc_custom_1490964124061{margin-top: -30px !important;background-image: url(https:\/\/volztapes.com\/wp-content\/uploads\/2016\/11\/bg_title_service.jpg?id=1313) !important;background-position: center !important;background-repeat: no-repeat !important;background-size: cover !important;}&#8221;][vc_column width=&#8221;1\/2&#8243;][vc_custom_heading source=&#8221;post_title&#8221; font_container=&#8221;tag:h1|text_align:left|color:%23ffffff&#8221; use_theme_fonts=&#8221;yes&#8221; css=&#8221;.vc_custom_1490961057558{margin-top: 80px !important;margin-bottom: 80px !important;padding-top: 10px !important;padding-right: 20px !important;padding-bottom: 10px !important;padding-left: 20px !important;background-color: rgba(0,163,222,0.8) !important;*background-color: rgb(0,163,222) !important;}&#8221; el_class=&#8221;bannertitle&#8221;][\/vc_column][vc_column width=&#8221;1\/2&#8243;][\/vc_column][\/vc_row][vc_row][vc_column][vc_empty_space height=&#8221;30&#8243;][\/vc_column][\/vc_row][vc_row][vc_column width=&#8221;1\/4&#8243;][vc_column_text]\r\n<h2>Technologia ta\u015bm samoprzylepnych od A-Z<\/h2>\r\n[\/vc_column_text][\/vc_column][vc_column width=&#8221;1\/12&#8243;][\/vc_column][vc_column width=&#8221;2\/3&#8243;][vc_tta_accordion][vc_tta_section title=&#8221;Klej akrylanowy&#8221; tab_id=&#8221;1479918121686-ec9cbcc7-18fd&#8221;][vc_column_text](engl. acrylic adhesive)\r\nPodstaw\u0105 chemiczn\u0105 klej\u00f3w akrylowych s\u0105 spolimeryzowane monomery estr\u00f3w akrylowych. Z regu\u0142y dodawane s\u0105 \u017cywice syntetyczne. Kleje te mog\u0105 by\u0107 rozpuszczane w rozpuszczalnikach lub w dyspersjach wodnych. Wyj\u0105tkowe w\u0142a\u015bciwo\u015bci klej\u00f3w akrylowych to ich wysoka odporno\u015b\u0107 na starzenie i temperatur\u0119, a tak\u017ce najwi\u0119ksza mo\u017cliwa niewra\u017cliwo\u015b\u0107 na promieniowanie UV i utlenianie.[\/vc_column_text][\/vc_tta_section][vc_tta_section title=&#8221;Adhezja&#8221; tab_id=&#8221;1479918121785-80501336-537a&#8221;][vc_column_text](engl. adhesion)\r\n=&gt; Adhezja\r\nSi\u0142a przylegania ta\u015bmy do powierzchni[\/vc_column_text][\/vc_tta_section][vc_tta_section title=&#8221;Odporno\u015b\u0107 na starzenie&#8221; tab_id=&#8221;1490772720478-3e8f4425-090f&#8221;][vc_column_text](engl. aging resistance)\r\n\r\nWszystkie ta\u015bmy starzej\u0105 si\u0119. Im d\u0142u\u017cej s\u0105 przechowywane, tym bardziej zmieniaj\u0105 si\u0119 ich w\u0142a\u015bciwo\u015bci. Te zmiany chemiczno-fizyczne niekoniecznie zmniejszaj\u0105 u\u017cyteczno\u015b\u0107 ta\u015bmy samoprzylepnej.\u00a0 Niekt\u00f3re kleje maj\u0105 w rzeczywisto\u015bci wy\u017csze warto\u015bci kohezji dopiero po starzeniu. Jednak w ci\u0105gu pierwszych sze\u015bciu miesi\u0119cy ta\u015bmy nie powinny wykazywa\u0107 \u017cadnych mierzalnych zmian w\u0142a\u015bciwo\u015bci. Je\u015bli po 12 miesi\u0105cach nie mo\u017cna zmierzy\u0107 \u017cadnych negatywnych w\u0142a\u015bciwo\u015bci, uznaje si\u0119, \u017ce ta\u015bma ma dobr\u0105 odporno\u015b\u0107 na starzenie. Nawet po kilku latach przechowywania wi\u0119kszo\u015b\u0107 naszych ta\u015bm samoprzylepnych nadal spe\u0142nia swoje przeznaczenie.[\/vc_column_text][\/vc_tta_section][vc_tta_section title=&#8221;Pocz\u0105tkowa si\u0142a przyczepno\u015bci&#8221; tab_id=&#8221;1490772786629-c8eb8ca6-159c&#8221;][vc_column_text](engl. initial adhesion, initial tack)\r\n\r\nWskazuje natychmiastow\u0105 przyczepno\u015b\u0107 ta\u015bmy samoprzylepnej, ale nie pozwala na stwierdzenie jako\u015bci lub przydatno\u015bci ta\u015bmy samoprzylepnej.\r\n\r\n[\/vc_column_text][\/vc_tta_section][vc_tta_section title=&#8221;Przylepno\u015b\u0107 pocz\u0105tkowa (TACK)&#8221; tab_id=&#8221;1590740432258-4e4ecc8e-d190&#8243;][vc_column_text]Odnosi si\u0119 do natychmiastowej przyczepno\u015bci ta\u015bmy samoprzylepnej podczas zetkni\u0119cia si\u0119 z pod\u0142o\u017cem przy u\u017cyciu niewielkiego nacisku[\/vc_column_text][\/vc_tta_section][vc_tta_section title=&#8221;G\u0119sto\u015b\u0107&#8221; tab_id=&#8221;1490772906676-a1a4e3b7-d053&#8243;][vc_column_text](engl. density)\r\nIlo\u015b\u0107 materia\u0142u w stosunku do jednostki obj\u0119to\u015bci. G\u0119sto\u015b\u0107 jest podawana jako waga metra sze\u015bciennego (=waga obj\u0119to\u015bciowa). W sektorze ta\u015bm wa\u017cna jest tylko g\u0119sto\u015b\u0107 no\u015bnik\u00f3w piankowych.[\/vc_column_text][\/vc_tta_section][vc_tta_section title=&#8221;Napi\u0119cie przebicia&#8221; tab_id=&#8221;1490773031447-72cdacda-6906&#8243;][vc_column_text](engl. voltage, dielectric strength, dielectric breakdown)\r\nMaksymalne napi\u0119cie, kt\u00f3re mo\u017cna przy\u0142o\u017cy\u0107 do materia\u0142u izolacyjnego bez powodowania jego uszkodzenia. Wytrzyma\u0142o\u015b\u0107 dielektryczna jest mierzona w woltach.[\/vc_column_text][\/vc_tta_section][vc_tta_section title=&#8221;Primer&#8221; tab_id=&#8221;1490774617250-c8b66c94-a9d1&#8243;][vc_column_text](engl. primer)\r\nPreparat s\u0142u\u017c\u0105cy do aktywacji powierzchni klejonej w celu zwi\u0119kszenia przyczepno\u015b\u0107i.[\/vc_column_text][\/vc_tta_section][vc_tta_section title=&#8221;Klej hot-melt&#8221; tab_id=&#8221;1490774701913-ea80bca1-fd49&#8243;][vc_column_text](engl. hotmelt adhesive)\r\n\r\nKleje te sk\u0142adaj\u0105 si\u0119 z suchych, nieprzylepnych \u017cywic syntetycznych, kt\u00f3re s\u0105 topione w wysokich temperaturach od 130 \u00b0 C do 180 \u00b0 C i zachowuj\u0105 wysoki stopie\u0144 lepko\u015bci i przyczepno\u015bci po sch\u0142odzeniu. Zalet\u0105 klej\u00f3w termotopliwych jest ich bardzo wysoka przyczepno\u015b\u0107 w normalnych temperaturach. Wady obejmuj\u0105 wra\u017cliwo\u015b\u0107 na temperatury powy\u017cej 40 \u00b0 C i promieniowanie UV, brak odporno\u015bci na plastyfikatory i nisk\u0105 odporno\u015b\u0107 na starzenie. Jednak dzi\u0119ki domieszkom te negatywne w\u0142a\u015bciwo\u015bci s\u0105 zmniejszone.[\/vc_column_text][\/vc_tta_section][vc_tta_section title=&#8221;Klasa izolacji&#8221; tab_id=&#8221;1490774767635-76cee365-bf20&#8243;][vc_column_text]\r\n<p align=\"justify\">(engl. electric insulation classes)\r\nTa\u015bmy samoprzylepne stosowane w sektorze elektrycznym s\u0105 klasyfikowane wed\u0142ug zakres\u00f3w odporno\u015bci na temperatur\u0119, zwanych klasami cieplnymi. S\u0105 one klasyfikowane zgodnie z ich ci\u0105g\u0142\u0105 obci\u0105\u017calno\u015bci\u0105 ciepln\u0105 lub ci\u0105g\u0142\u0105 odporno\u015bci\u0105 na temperatur\u0119.<\/p>\r\n\r\n<blockquote>Klasa Y &#8211; ci\u0105g\u0142y zakres odporno\u015bci na temperatur\u0119 do 95\u00b0C\r\nKlasa E &#8211; ci\u0105g\u0142y zakres odporno\u015bci na temperatur\u0119 do 120\u00b0C\r\nKlasa B &#8211; ci\u0105g\u0142y zakres odporno\u015bci na temperatur\u0119 do 130\u00b0C\r\nKlasa F &#8211; ci\u0105g\u0142y zakres odporno\u015bci na temperatur\u0119 do 155\u00b0C\r\nKlasa H &#8211; ci\u0105g\u0142y zakres odporno\u015bci na temperatur\u0119 do 180\u00b0C\r\nKlasa C &#8211; ci\u0105g\u0142y zakres odporno\u015bci na temperatur\u0119 do 200\u00b0C<\/blockquote>\r\n[\/vc_column_text][\/vc_tta_section][vc_tta_section title=&#8221;Klej kauczukowy&#8221; tab_id=&#8221;1490775039680-5a256783-183b&#8221;][vc_column_text]\r\n<p align=\"justify\">(engl. rubber-solvent adhesive)<\/p>\r\nKlej ten jest produkowany na bazie naturalnych lub syntetycznych kauczuk\u00f3w. Kleje te wyr\u00f3\u017cniaj\u0105 si\u0119 wysok\u0105 przyczepno\u015bci\u0105 i bardzo dobr\u0105 wytrzyma\u0142o\u015bci\u0105 na \u015bcinanie. Ich wadami s\u0105: \u015brednia odporno\u015b\u0107 na temperatur\u0119 i starzenie, brak odporno\u015bci na promieniowanie UV oraz wra\u017cliwo\u015b\u0107 na niskie (poni\u017cej 10\u00b0C) i podwy\u017cszone (od 50\u00b0C) temperatury.\r\n[\/vc_column_text][\/vc_tta_section][vc_tta_section title=&#8221;Kohezja&#8221; tab_id=&#8221;1490775437844-a27b6e47-3f7f&#8221;][vc_column_text](engl. cohesion)\r\nStopniowe \u015bcieranie, rozpoczynaj\u0105ce si\u0119 najpierw na powierzchni i ostatecznie prowadz\u0105ce do ca\u0142kowitego zniszczenia materia\u0142\u00f3w sta\u0142ych w wyniku dzia\u0142ania gaz\u00f3w, kwas\u00f3w i zasad.[\/vc_column_text][\/vc_tta_section][vc_tta_section title=&#8221;Korozja&#8221; tab_id=&#8221;1490775475871-a1e20b38-4c92&#8243;][vc_column_text](engl. corrosion)\r\nStopniowe \u015bcieranie, rozpoczynaj\u0105ce si\u0119 najpierw na powierzchni i ostatecznie prowadz\u0105ce do ca\u0142kowitego zniszczenia materia\u0142\u00f3w sta\u0142ych w wyniku dzia\u0142ania gaz\u00f3w, kwas\u00f3w i zasad.[\/vc_column_text][\/vc_tta_section][vc_tta_section title=&#8221;Test kulki Rolling ball&#8221; tab_id=&#8221;1490775614347-66452943-a232&#8243;][vc_column_text](engl. rolling ball tack test)\r\nTest polegaj\u0105cy na toczeniu stalowej kulki z pochy\u0142ej p\u0142aszczyzny na samoprzylepn\u0105 stron\u0119 ta\u015bmy w celu okre\u015blenia poziomu jej przyczepno\u015bci. Im kr\u00f3tsz\u0105 drog\u0119 mo\u017ce przeby\u0107 kulka, tym wi\u0119ksz\u0105 przyczepno\u015b\u0107 ma klej. Test kulki jest mierzony w cm.[\/vc_column_text][\/vc_tta_section][vc_tta_section title=&#8221;Przechowywanie&#8221; tab_id=&#8221;1490775726891-0e42d939-78fe&#8221;][vc_column_text](engl. storage)\r\nTa\u015bmy samoprzylepne powinny by\u0107 przechowywane w ciemnym miejscu w temperaturze oko\u0142o 18\u00b0C. Czas przechowywania ta\u015bmy zwykle odgrywa niewielk\u0105 rol\u0119, poniewa\u017c wi\u0119kszo\u015b\u0107 ta\u015bm ma dobr\u0105 odporno\u015b\u0107 na starzenie.[\/vc_column_text][\/vc_tta_section][vc_tta_section title=&#8221;Laminowanie&#8221; tab_id=&#8221;1490775768923-4588b701-9945&#8243;][vc_column_text](engl. laminate)\r\nTrwa\u0142e po\u0142\u0105czenie dw\u00f3ch lub wi\u0119cej no\u015bnik\u00f3w w celu dodania ich odpowiednich w\u0142a\u015bciwo\u015bci, zapewniaj\u0105c w ten spos\u00f3b optymalny no\u015bnik.[\/vc_column_text][\/vc_tta_section][vc_tta_section title=&#8221;Wytrzyma\u0142o\u015b\u0107 na zerwanie&#8221; tab_id=&#8221;1490776136110-e84cf550-4f5e&#8221;][vc_column_text](engl. tensile strength)\r\nWytrzyma\u0142o\u015b\u0107 na rozci\u0105ganie to si\u0142a wymagana do rozerwania kawa\u0142ka ta\u015bmy poprzez proste poci\u0105gni\u0119cie za przeciwleg\u0142e ko\u0144ce w okre\u015blonych warunkach.[\/vc_column_text][\/vc_tta_section][vc_tta_section title=&#8221;Klej silikonowy&#8221; tab_id=&#8221;1490776510627-099a15ea-8c9e&#8221;][vc_column_text](engl. silicone rubber adhesive)\r\n\r\nKlej silikonowy sk\u0142ada si\u0119 z syntetycznych polimer\u00f3w o w\u0142a\u015bciwo\u015bciach podobnych do gumy (elastomer\u00f3w). W po\u0142\u0105czeniu z organicznymi zwi\u0105zkami silikonowymi zapewnia klej o niezwykle szerokim zakresie temperatur, odporny zar\u00f3wno na bardzo wysokie, jak i ekstremalnie niskie temperatury. Kleje silikonowe s\u0105 jedynymi, kt\u00f3re przylegaj\u0105 do silikonowanych folii i papier\u00f3w.[\/vc_column_text][\/vc_tta_section][vc_tta_section title=&#8221;Splice&#8221; tab_id=&#8221;1490776540087-0049fc2b-6e7d&#8221;][vc_column_text](engl. splice)\r\n\u0141\u0105czenie metod\u0105 splice polega na trwa\u0142ym po\u0142\u0105czeniu dw\u00f3ch oddzielnych element\u00f3w poprzez na\u0142o\u017cenie na siebie lub splecenie ich ko\u0144c\u00f3w. \u0141\u0105czenie jest bardzo powszechne w bran\u017cy folii, papieru i tektury.[\/vc_column_text][\/vc_tta_section][vc_tta_section title=&#8221;Temperatura pracy&#8221; tab_id=&#8221;1490776684996-de269501-23b3&#8243;][vc_column_text](engl. operating temperature)\r\n\r\nWraz ze wzrostem temperatury wzrasta lepko\u015b\u0107 ta\u015bmy i spada si\u0142a wi\u0105zania (z wyj\u0105tkiem klej\u00f3w termoutwardzalnych). Chocia\u017c kleisto\u015b\u0107 zmniejsza si\u0119, gdy temperatura spada, si\u0142a wi\u0105zania wzrasta tylko w zakresie \u015brednich temperatur od oko\u0142o 18 \u00b0 C do 25 \u00b0 C. W sytuacji przechowywania ta\u015bm samoprzylepnych w niskiej temperaturze, nale\u017cy je doprowadzi\u0107 do temperatury pokojowej oko\u0142o 20 \u00b0 C w celu aplikacji.[\/vc_column_text][\/vc_tta_section][vc_tta_section title=&#8221;Przykrycie&#8221; tab_id=&#8221;1490776841638-64639e65-e804&#8243;][vc_column_text](engl. liner)\r\n\r\nWarstwa oddzielaj\u0105ca, kt\u00f3ra mo\u017ce by\u0107 foli\u0105, foli\u0105 lub g\u0142adkim papierem, kt\u00f3ry zosta\u0142 silikonowany z jednej lub obu stron, a zatem jest odporny na klej. Warstwa rozdzielaj\u0105ca musi znajdowa\u0107 si\u0119 pomi\u0119dzy poszczeg\u00f3lnymi warstwami ta\u015bmy samoprzylepnej, je\u015bli klej zbyt mocno przylega do w\u0142asnego no\u015bnika lub je\u015bli jest to klej zgrzewany na zimno (butylowy).[\/vc_column_text][\/vc_tta_section][vc_tta_section title=&#8221;Sieciowanie&#8221; tab_id=&#8221;1490777062750-2844c10c-755d&#8221;][vc_column_text](engl. cross-linking)\r\n\r\nSieciowanie to chemiczna modyfikacja \u0142a\u0144cuch\u00f3w molekularnych substancji w celu utworzenia tr\u00f3jwymiarowej struktury. Sieciowanie klej\u00f3w pomaga kontrolowa\u0107 przyczepno\u015b\u0107 i sp\u00f3jno\u015b\u0107 oraz zwi\u0119ksza ich odporno\u015b\u0107 na czynniki chemiczne i termiczne.[\/vc_column_text][\/vc_tta_section][\/vc_tta_accordion][\/vc_column][\/vc_row]","protected":false},"excerpt":{"rendered":"[vc_row full_width=&#8221;stretch_row&#8221; css=&#8221;.vc_custom_1490964124061{margin-top: -30px !important;background-image: url(https:\/\/volztapes.com\/wp-content\/uploads\/2016\/11\/bg_title_service.jpg?id=1313) !important;background-position: center !important;background-repeat: no-repeat !important;background-size: cover !important;}&#8221;][vc_column width=&#8221;1\/2&#8243;][vc_custom_heading source=&#8221;post_title&#8221; font_container=&#8221;tag:h1|text_align:left|color:%23ffffff&#8221; use_theme_fonts=&#8221;yes&#8221; css=&#8221;.vc_custom_1490961057558{margin-top: 80px !important;margin-bottom: 80px !important;padding-top: 10px !important;padding-right: 20px !important;padding-bottom: 10px !important;padding-left: 20px !important;background-color: rgba(0,163,222,0.8) !important;*background-color: rgb(0,163,222) !important;}&#8221; el_class=&#8221;bannertitle&#8221;][\/vc_column][vc_column width=&#8221;1\/2&#8243;][\/vc_column][\/vc_row][vc_row][vc_column][vc_empty_space height=&#8221;30&#8243;][\/vc_column][\/vc_row][vc_row][vc_column width=&#8221;1\/4&#8243;][vc_column_text] Technologia ta\u015bm samoprzylepnych od A-Z [\/vc_column_text][\/vc_column][vc_column width=&#8221;1\/12&#8243;][\/vc_column][vc_column width=&#8221;2\/3&#8243;][vc_tta_accordion][vc_tta_section title=&#8221;Klej akrylanowy&#8221; tab_id=&#8221;1479918121686-ec9cbcc7-18fd&#8221;][vc_column_text](engl. acrylic adhesive) Podstaw\u0105 chemiczn\u0105 klej\u00f3w akrylowych [&hellip;]","protected":false},"author":37,"featured_media":0,"parent":17507,"menu_order":0,"comment_status":"closed","ping_status":"closed","template":"","meta":{"footnotes":""},"_links":{"self":[{"href":"https:\/\/volztapes.com\/pl\/wp-json\/wp\/v2\/pages\/17576"}],"collection":[{"href":"https:\/\/volztapes.com\/pl\/wp-json\/wp\/v2\/pages"}],"about":[{"href":"https:\/\/volztapes.com\/pl\/wp-json\/wp\/v2\/types\/page"}],"author":[{"embeddable":true,"href":"https:\/\/volztapes.com\/pl\/wp-json\/wp\/v2\/users\/37"}],"replies":[{"embeddable":true,"href":"https:\/\/volztapes.com\/pl\/wp-json\/wp\/v2\/comments?post=17576"}],"version-history":[{"count":4,"href":"https:\/\/volztapes.com\/pl\/wp-json\/wp\/v2\/pages\/17576\/revisions"}],"predecessor-version":[{"id":17666,"href":"https:\/\/volztapes.com\/pl\/wp-json\/wp\/v2\/pages\/17576\/revisions\/17666"}],"up":[{"embeddable":true,"href":"https:\/\/volztapes.com\/pl\/wp-json\/wp\/v2\/pages\/17507"}],"wp:attachment":[{"href":"https:\/\/volztapes.com\/pl\/wp-json\/wp\/v2\/media?parent=17576"}],"curies":[{"name":"wp","href":"https:\/\/api.w.org\/{rel}","templated":true}]}}