{"id":17525,"date":"2024-07-08T11:44:19","date_gmt":"2024-07-08T09:44:19","guid":{"rendered":"https:\/\/volztapes.com\/o-nas\/zarzadzanie-jakoscia-i-srodowiskiem\/"},"modified":"2025-03-18T14:55:55","modified_gmt":"2025-03-18T13:55:55","slug":"zarzadzanie-jakoscia-i-srodowiskiem-2","status":"publish","type":"page","link":"https:\/\/volztapes.com\/pl\/o-nas\/zarzadzanie-jakoscia-i-srodowiskiem-2\/","title":{"rendered":"Zarz\u0105dzanie jako\u015bci\u0105 i \u015brodowiskiem"},"content":{"rendered":"[vc_row full_width=&#8221;stretch_row&#8221; css=&#8221;.vc_custom_1700206908309{margin-top: -30px !important;padding-top: 100px !important;padding-bottom: 35px !important;background-image: url(https:\/\/volztapes.com\/wp-content\/uploads\/2016\/11\/bg_title_qualitaetsmanagement.jpg?id=1681) !important;background-position: center !important;background-repeat: no-repeat !important;background-size: cover !important;}&#8221; el_class=&#8221;banner_new&#8221;][vc_column width=&#8221;7\/12&#8243;][vc_custom_heading text=&#8221;ZARZ\u0104DZANIE JAKO\u015aCI\u0104&#8221; font_container=&#8221;tag:h2|font_size:40px|text_align:center|color:%23ffffff|line_height:60px&#8221; use_theme_fonts=&#8221;yes&#8221; css=&#8221;.vc_custom_1700206894946{padding-top: 4% !important;padding-right: 4% !important;padding-bottom: 4% !important;padding-left: 4% !important;background-color: rgba(0,162,226,0.8) !important;*background-color: rgb(0,162,226) !important;}&#8221;][\/vc_column][vc_column width=&#8221;5\/12&#8243;][\/vc_column][\/vc_row][vc_row full_width=&#8221;stretch_row&#8221; css=&#8221;.vc_custom_1480098587880{margin-top: -30px !important;margin-bottom: 0px !important;padding-top: 80px !important;padding-bottom: 0px !important;background-color: #ededed !important;}&#8221;][vc_column width=&#8221;1\/2&#8243;][vc_custom_heading text=&#8221;Certyfikowana jako\u015b\u0107&#8221; font_container=&#8221;tag:h1|font_size:32|text_align:left|line_height:1.3&#8243; use_theme_fonts=&#8221;yes&#8221;][vc_column_text]Aby zapewni\u0107 wysoki standard jako\u015bci, firma VOLZ\u00ae TAPES zainwestowa\u0142a w najnowocze\u015bniejsze laboratorium badawczo-rozwojowe z najnowocze\u015bniejszym sprz\u0119tem do testowania. Precyzyjnie sprawdzamy i oceniamy nasze produkty, aby zagwarantowa\u0107, \u017ce okre\u015blone warto\u015bci s\u0105 stale. Nasze Systemy zarz\u0105dzania jako\u015bci\u0105 i zarz\u0105dzania \u015brodowiskowego to\r\n\r\nDIN ISO 9001:2015 i DIN ISO 14001:2015. Wiele naszych ta\u015bm elektroizolacyjnych i dwustronnych posiada certyfikat UL.[\/vc_column_text][\/vc_column][vc_column width=&#8221;1\/2&#8243;][vc_row_inner][vc_column_inner][vc_empty_space][\/vc_column_inner][\/vc_row_inner][vc_row_inner][vc_column_inner width=&#8221;1\/4&#8243; offset=&#8221;vc_col-xs-6&#8243;][vc_single_image image=&#8221;18259&#8243; img_size=&#8221;full&#8221;][\/vc_column_inner][vc_column_inner width=&#8221;1\/4&#8243; offset=&#8221;vc_col-xs-6&#8243;][vc_single_image image=&#8221;22371&#8243; img_size=&#8221;medium&#8221; onclick=&#8221;custom_link&#8221; img_link_target=&#8221;_blank&#8221; link=&#8221;https:\/\/volztapes.com\/wp-content\/uploads\/2021\/12\/Certificate-ISO-9001-2015-Volz-Selbstklebetechnik-GmbH-valid-until-2028-03-14.pdf&#8221;][\/vc_column_inner][vc_column_inner width=&#8221;1\/4&#8243; offset=&#8221;vc_col-xs-6&#8243;][vc_single_image image=&#8221;18260&#8243; img_size=&#8221;full&#8221;][\/vc_column_inner][vc_column_inner width=&#8221;1\/4&#8243; offset=&#8221;vc_col-xs-6&#8243;][vc_single_image image=&#8221;22376&#8243; img_size=&#8221;medium&#8221; onclick=&#8221;custom_link&#8221; img_link_target=&#8221;_blank&#8221; link=&#8221;https:\/\/volztapes.com\/wp-content\/uploads\/2021\/12\/Certificate-ISO-14001-2015-Volz-Selbstklebetechnik-GmbH-valid-until-2028-03-14.pdf&#8221;][\/vc_column_inner][\/vc_row_inner][\/vc_column][\/vc_row][vc_row full_width=&#8221;stretch_row&#8221; css=&#8221;.vc_custom_1480098587880{margin-top: -30px !important;margin-bottom: 0px !important;padding-top: 80px !important;padding-bottom: 0px !important;background-color: #ededed !important;}&#8221;][vc_column width=&#8221;1\/2&#8243;][vc_row_inner][vc_column_inner width=&#8221;1\/3&#8243; offset=&#8221;vc_col-xs-6&#8243;][vc_single_image image=&#8221;18013&#8243; img_size=&#8221;full&#8221;][\/vc_column_inner][vc_column_inner width=&#8221;1\/3&#8243;][vc_single_image image=&#8221;18008&#8243; img_size=&#8221;full&#8221;][\/vc_column_inner][vc_column_inner width=&#8221;1\/3&#8243;][vc_single_image image=&#8221;18009&#8243; img_size=&#8221;full&#8221;][\/vc_column_inner][\/vc_row_inner][vc_row_inner][vc_column_inner width=&#8221;1\/3&#8243; offset=&#8221;vc_col-xs-6&#8243;][vc_single_image image=&#8221;22406&#8243; img_size=&#8221;115&#215;153&#8243; onclick=&#8221;custom_link&#8221; img_link_target=&#8221;_blank&#8221; link=&#8221;https:\/\/volztapes.com\/wp-content\/uploads\/2016\/11\/CO2-Zertifikat-VOLZ-TAPES.pdf&#8221;][\/vc_column_inner][vc_column_inner width=&#8221;1\/3&#8243;][vc_single_image image=&#8221;6760&#8243;][\/vc_column_inner][vc_column_inner width=&#8221;1\/3&#8243;][\/vc_column_inner][\/vc_row_inner][\/vc_column][vc_column width=&#8221;1\/2&#8243;][vc_row_inner][vc_column_inner width=&#8221;1\/3&#8243; offset=&#8221;vc_col-xs-6&#8243;][vc_single_image image=&#8221;18014&#8243; img_size=&#8221;full&#8221;][\/vc_column_inner][vc_column_inner width=&#8221;1\/3&#8243; offset=&#8221;vc_col-xs-6&#8243;][vc_single_image image=&#8221;18012&#8243; img_size=&#8221;full&#8221; onclick=&#8221;custom_link&#8221; img_link_target=&#8221;_blank&#8221; link=&#8221;https:\/\/volztapes.com\/wp-content\/uploads\/2016\/11\/E354783-20120515-CertificateofCompliance-1.pdf&#8221;][\/vc_column_inner][vc_column_inner width=&#8221;1\/3&#8243; offset=&#8221;vc_col-xs-6&#8243;][vc_single_image image=&#8221;18011&#8243; img_size=&#8221;full&#8221; onclick=&#8221;custom_link&#8221; img_link_target=&#8221;_blank&#8221; link=&#8221;https:\/\/volztapes.com\/wp-content\/uploads\/2016\/11\/E354783-20120516-CertificateofCompliance-1.pdf&#8221;][\/vc_column_inner][\/vc_row_inner][\/vc_column][\/vc_row][vc_row full_width=&#8221;stretch_row&#8221; css=&#8221;.vc_custom_1480098524924{margin-bottom: 0px !important;padding-bottom: 0px !important;background-color: #ededed !important;}&#8221;][vc_column]\n\t\t\t<!-- START PL  Qualitymanagement REVOLUTION SLIDER 6.5.14 --><p class=\"rs-p-wp-fix\"><\/p>\n\t\t\t<rs-module-wrap id=\"rev_slider_28_1_wrapper\" data-source=\"gallery\" style=\"visibility:hidden;background:transparent;padding:0;margin:0px auto;margin-top:0;margin-bottom:0;\">\n\t\t\t\t<rs-module id=\"rev_slider_28_1\" style=\"\" data-version=\"6.5.14\">\n\t\t\t\t\t<rs-slides>\n\t\t\t\t\t\t<rs-slide style=\"position: absolute;\" data-key=\"rs-225\" data-title=\"Schwerkraft\" data-thumb=\"\/\/volztapes.com\/wp-content\/uploads\/2016\/11\/bg_slide_Schwerkraftpruefer2-100x50.jpg\" data-in=\"o:0;\" data-out=\"a:false;\">\n\t\t\t\t\t\t\t<img decoding=\"async\" src=\"\/\/volztapes.com\/wp-content\/plugins\/revslider\/public\/assets\/assets\/dummy.png\" alt=\"\" title=\"Zarz\u0105dzanie jako\u015bci\u0105 i \u015brodowiskiem\" class=\"rev-slidebg tp-rs-img rs-lazyload\" data-lazyload=\"\/\/volztapes.com\/wp-content\/uploads\/2016\/11\/bg_slide_Schwerkraftpruefer2.jpg\" data-no-retina>\n<!--\n\t\t\t\t\t\t\t--><rs-layer\n\t\t\t\t\t\t\t\tid=\"slider-28-slide-225-layer-1\" \n\t\t\t\t\t\t\t\tclass=\"tp-shape tp-shapewrapper rs-selectable\"\n\t\t\t\t\t\t\t\tdata-type=\"shape\"\n\t\t\t\t\t\t\t\tdata-rsp_ch=\"on\"\n\t\t\t\t\t\t\t\tdata-xy=\"y:b;yo:76px;\"\n\t\t\t\t\t\t\t\tdata-text=\"w:normal;fw:100;\"\n\t\t\t\t\t\t\t\tdata-dim=\"w:560px;h:220px;\"\n\t\t\t\t\t\t\t\tdata-frame_0=\"x:-100%;o:1;\"\n\t\t\t\t\t\t\t\tdata-frame_0_mask=\"u:t;\"\n\t\t\t\t\t\t\t\tdata-frame_1=\"st:500;sp:1500;sR:500;\"\n\t\t\t\t\t\t\t\tdata-frame_1_mask=\"u:t;\"\n\t\t\t\t\t\t\t\tdata-frame_999=\"o:0;st:w;sR:7000.0006103516;\"\n\t\t\t\t\t\t\t\tstyle=\"z-index:5;background-color:rgba(0,163,226,0.8);\"\n\t\t\t\t\t\t\t> \n\t\t\t\t\t\t\t<\/rs-layer><!--\n\n\t\t\t\t\t\t\t--><rs-layer\n\t\t\t\t\t\t\t\tid=\"slider-28-slide-225-layer-2\" \n\t\t\t\t\t\t\t\tclass=\"rs-selectable\"\n\t\t\t\t\t\t\t\tdata-type=\"text\"\n\t\t\t\t\t\t\t\tdata-color=\"rgba(255, 255, 255, 1)\"\n\t\t\t\t\t\t\t\tdata-rsp_ch=\"on\"\n\t\t\t\t\t\t\t\tdata-xy=\"xo:44px,44px,44px,40px;yo:238px,238px,238px,440px;\"\n\t\t\t\t\t\t\t\tdata-text=\"w:normal;s:40,40,40,34;l:47;fw:700;\"\n\t\t\t\t\t\t\t\tdata-dim=\"w:486px,486px,486px,400px;\"\n\t\t\t\t\t\t\t\tdata-frame_1=\"e:power2.inOut;st:800;sp:1000;sR:800;\"\n\t\t\t\t\t\t\t\tdata-frame_999=\"o:0;e:nothing;st:w;sR:7200.0006103516;\"\n\t\t\t\t\t\t\t\tstyle=\"z-index:6;font-family:'Roboto';text-transform:uppercase;\"\n\t\t\t\t\t\t\t>Static Sheer Adhesion Test \n\t\t\t\t\t\t\t<\/rs-layer><!--\n\n\t\t\t\t\t\t\t--><rs-layer\n\t\t\t\t\t\t\t\tid=\"slider-28-slide-225-layer-3\" \n\t\t\t\t\t\t\t\tclass=\"rs-selectable\"\n\t\t\t\t\t\t\t\tdata-type=\"text\"\n\t\t\t\t\t\t\t\tdata-color=\"rgba(255, 255, 255, 1)\"\n\t\t\t\t\t\t\t\tdata-rsp_ch=\"on\"\n\t\t\t\t\t\t\t\tdata-xy=\"xo:50px,50px,50px,40px;yo:356px,356px,356px,500px;\"\n\t\t\t\t\t\t\t\tdata-text=\"w:normal;l:30;\"\n\t\t\t\t\t\t\t\tdata-dim=\"w:480px,480px,480px,420px;\"\n\t\t\t\t\t\t\t\tdata-frame_1=\"e:power2.inOut;st:800;sp:1000;sR:800;\"\n\t\t\t\t\t\t\t\tdata-frame_999=\"o:0;e:nothing;st:w;sR:7200.0006103516;\"\n\t\t\t\t\t\t\t\tstyle=\"z-index:7;font-family:'Roboto';\"\n\t\t\t\t\t\t\t>Zgodnie z norm\u0105 AFERA 5012 \n\t\t\t\t\t\t\t<\/rs-layer><!--\n-->\t\t\t\t\t\t<\/rs-slide>\n\t\t\t\t\t\t<rs-slide style=\"position: absolute;\" data-key=\"rs-227\" data-title=\"Reissdehnung\" data-thumb=\"\/\/volztapes.com\/wp-content\/uploads\/2016\/11\/bg_slide_Reissdehnung-100x50.jpg\" data-in=\"o:0;\" data-out=\"a:false;\">\n\t\t\t\t\t\t\t<img decoding=\"async\" src=\"\/\/volztapes.com\/wp-content\/plugins\/revslider\/public\/assets\/assets\/dummy.png\" alt=\"\" title=\"Zarz\u0105dzanie jako\u015bci\u0105 i \u015brodowiskiem\" class=\"rev-slidebg tp-rs-img rs-lazyload\" data-lazyload=\"\/\/volztapes.com\/wp-content\/uploads\/2016\/11\/bg_slide_Reissdehnung.jpg\" data-no-retina>\n<!--\n\t\t\t\t\t\t\t--><rs-layer\n\t\t\t\t\t\t\t\tid=\"slider-28-slide-227-layer-0\" \n\t\t\t\t\t\t\t\tclass=\"rs-selectable\"\n\t\t\t\t\t\t\t\tdata-type=\"text\"\n\t\t\t\t\t\t\t\tdata-rsp_ch=\"on\"\n\t\t\t\t\t\t\t\tdata-xy=\"xo:60px,52px,39px,24px;yo:352px,305px,231px,142px;\"\n\t\t\t\t\t\t\t\tdata-text=\"w:normal;s:20,17,12,7;l:25,21,15,9;\"\n\t\t\t\t\t\t\t\tdata-dim=\"w:433.0071px,375px,284px,175px;\"\n\t\t\t\t\t\t\t\tdata-frame_1=\"st:800;sp:1000;sR:780;\"\n\t\t\t\t\t\t\t\tdata-frame_999=\"o:0;st:w;sR:7920;\"\n\t\t\t\t\t\t\t\tstyle=\"z-index:9;font-family:'Roboto';\"\n\t\t\t\t\t\t\t>Loop Tack Test zgodnie z norm\u0105 FINAT 9<br \/>\n \n\t\t\t\t\t\t\t<\/rs-layer><!--\n\n\t\t\t\t\t\t\t--><rs-layer\n\t\t\t\t\t\t\t\tid=\"slider-28-slide-227-layer-1\" \n\t\t\t\t\t\t\t\tclass=\"tp-shape tp-shapewrapper rs-selectable\"\n\t\t\t\t\t\t\t\tdata-type=\"shape\"\n\t\t\t\t\t\t\t\tdata-rsp_ch=\"on\"\n\t\t\t\t\t\t\t\tdata-xy=\"y:b;yo:76px;\"\n\t\t\t\t\t\t\t\tdata-text=\"w:normal;fw:100;\"\n\t\t\t\t\t\t\t\tdata-dim=\"w:560px;h:220px;\"\n\t\t\t\t\t\t\t\tdata-frame_0=\"x:-100%;o:1;\"\n\t\t\t\t\t\t\t\tdata-frame_0_mask=\"u:t;\"\n\t\t\t\t\t\t\t\tdata-frame_1=\"st:500;sp:1500;sR:500;\"\n\t\t\t\t\t\t\t\tdata-frame_1_mask=\"u:t;\"\n\t\t\t\t\t\t\t\tdata-frame_999=\"o:0;st:w;sR:7000;\"\n\t\t\t\t\t\t\t\tstyle=\"z-index:8;background-color:rgba(0,163,226,0.8);\"\n\t\t\t\t\t\t\t> \n\t\t\t\t\t\t\t<\/rs-layer><!--\n\n\t\t\t\t\t\t\t--><rs-layer\n\t\t\t\t\t\t\t\tid=\"slider-28-slide-227-layer-2\" \n\t\t\t\t\t\t\t\tclass=\"rs-selectable\"\n\t\t\t\t\t\t\t\tdata-type=\"text\"\n\t\t\t\t\t\t\t\tdata-color=\"rgba(255, 255, 255, 1)\"\n\t\t\t\t\t\t\t\tdata-rsp_ch=\"on\"\n\t\t\t\t\t\t\t\tdata-xy=\"xo:58px,58px,58px,60px;yo:234px,234px,234px,450px;\"\n\t\t\t\t\t\t\t\tdata-text=\"w:normal;s:40;l:47;fw:700;\"\n\t\t\t\t\t\t\t\tdata-dim=\"w:486px,486px,486px,400px;\"\n\t\t\t\t\t\t\t\tdata-frame_1=\"e:power2.inOut;st:800;sp:1000;sR:800;\"\n\t\t\t\t\t\t\t\tdata-frame_999=\"o:0;e:nothing;st:w;sR:7200;\"\n\t\t\t\t\t\t\t\tstyle=\"z-index:10;font-family:'Roboto';\"\n\t\t\t\t\t\t\t>Tensile Strength \n \n\t\t\t\t\t\t\t<\/rs-layer><!--\n\n\t\t\t\t\t\t\t--><rs-layer\n\t\t\t\t\t\t\t\tid=\"slider-28-slide-227-layer-3\" \n\t\t\t\t\t\t\t\tclass=\"rs-selectable\"\n\t\t\t\t\t\t\t\tdata-type=\"text\"\n\t\t\t\t\t\t\t\tdata-color=\"rgba(255, 255, 255, 1)\"\n\t\t\t\t\t\t\t\tdata-rsp_ch=\"on\"\n\t\t\t\t\t\t\t\tdata-xy=\"xo:62px,60px,60px,60px;yo:307px,338px,338px,550px;\"\n\t\t\t\t\t\t\t\tdata-text=\"w:normal;l:30;\"\n\t\t\t\t\t\t\t\tdata-dim=\"w:389.988px,471px,471px,400px;h:35px,auto,auto,auto;\"\n\t\t\t\t\t\t\t\tdata-frame_1=\"e:power2.inOut;st:800;sp:1000;sR:800;\"\n\t\t\t\t\t\t\t\tdata-frame_999=\"o:0;e:nothing;st:w;sR:7200;\"\n\t\t\t\t\t\t\t\tstyle=\"z-index:11;font-family:'Roboto';\"\n\t\t\t\t\t\t\t>Zgodnie z norm\u0105 AFERA 5004 \n\t\t\t\t\t\t\t<\/rs-layer><!--\n-->\t\t\t\t\t\t<\/rs-slide>\n\t\t\t\t\t\t<rs-slide style=\"position: absolute;\" data-key=\"rs-226\" data-title=\"Rolling Ball\" data-thumb=\"\/\/volztapes.com\/wp-content\/uploads\/2016\/11\/bg_slide_Rolling-Ball-Track2-100x50.jpg\" data-in=\"o:0;\" data-out=\"a:false;\">\n\t\t\t\t\t\t\t<img decoding=\"async\" src=\"\/\/volztapes.com\/wp-content\/plugins\/revslider\/public\/assets\/assets\/dummy.png\" alt=\"\" title=\"Zarz\u0105dzanie jako\u015bci\u0105 i \u015brodowiskiem\" class=\"rev-slidebg tp-rs-img rs-lazyload\" data-lazyload=\"\/\/volztapes.com\/wp-content\/uploads\/2016\/11\/bg_slide_Rolling-Ball-Track2.jpg\" data-no-retina>\n<!--\n\t\t\t\t\t\t\t--><rs-layer\n\t\t\t\t\t\t\t\tid=\"slider-28-slide-226-layer-1\" \n\t\t\t\t\t\t\t\tclass=\"tp-shape tp-shapewrapper rs-selectable\"\n\t\t\t\t\t\t\t\tdata-type=\"shape\"\n\t\t\t\t\t\t\t\tdata-rsp_ch=\"on\"\n\t\t\t\t\t\t\t\tdata-xy=\"y:b;yo:76px;\"\n\t\t\t\t\t\t\t\tdata-text=\"w:normal;fw:100;\"\n\t\t\t\t\t\t\t\tdata-dim=\"w:560px;h:220px;\"\n\t\t\t\t\t\t\t\tdata-frame_0=\"x:-100%;o:1;\"\n\t\t\t\t\t\t\t\tdata-frame_0_mask=\"u:t;\"\n\t\t\t\t\t\t\t\tdata-frame_1=\"st:500;sp:1500;sR:500;\"\n\t\t\t\t\t\t\t\tdata-frame_1_mask=\"u:t;\"\n\t\t\t\t\t\t\t\tdata-frame_999=\"o:0;st:w;sR:7000.0006103516;\"\n\t\t\t\t\t\t\t\tstyle=\"z-index:5;background-color:rgba(0,163,226,0.8);\"\n\t\t\t\t\t\t\t> \n\t\t\t\t\t\t\t<\/rs-layer><!--\n\n\t\t\t\t\t\t\t--><rs-layer\n\t\t\t\t\t\t\t\tid=\"slider-28-slide-226-layer-2\" \n\t\t\t\t\t\t\t\tclass=\"rs-selectable\"\n\t\t\t\t\t\t\t\tdata-type=\"text\"\n\t\t\t\t\t\t\t\tdata-color=\"rgba(255, 255, 255, 1)\"\n\t\t\t\t\t\t\t\tdata-rsp_ch=\"on\"\n\t\t\t\t\t\t\t\tdata-xy=\"xo:60px,60px,60px,50px;yo:234px,234px,234px,470px;\"\n\t\t\t\t\t\t\t\tdata-text=\"w:normal;s:40,40,40,38;l:47;fw:700;\"\n\t\t\t\t\t\t\t\tdata-dim=\"w:470px,470px,470px,420px;\"\n\t\t\t\t\t\t\t\tdata-frame_1=\"e:power2.inOut;st:800;sp:1000;sR:800;\"\n\t\t\t\t\t\t\t\tdata-frame_999=\"o:0;e:nothing;st:w;sR:7200.0006103516;\"\n\t\t\t\t\t\t\t\tstyle=\"z-index:6;font-family:'Roboto';text-transform:uppercase;\"\n\t\t\t\t\t\t\t>Rolling Ball Tack \n\t\t\t\t\t\t\t<\/rs-layer><!--\n\n\t\t\t\t\t\t\t--><rs-layer\n\t\t\t\t\t\t\t\tid=\"slider-28-slide-226-layer-3\" \n\t\t\t\t\t\t\t\tclass=\"rs-selectable\"\n\t\t\t\t\t\t\t\tdata-type=\"text\"\n\t\t\t\t\t\t\t\tdata-color=\"rgba(255, 255, 255, 1)\"\n\t\t\t\t\t\t\t\tdata-rsp_ch=\"on\"\n\t\t\t\t\t\t\t\tdata-xy=\"xo:60px,60px,60px,50px;yo:301px,301px,301px,530px;\"\n\t\t\t\t\t\t\t\tdata-text=\"w:normal;l:30;\"\n\t\t\t\t\t\t\t\tdata-dim=\"w:471px,471px,471px,420px;h:auto,auto,auto,100px;\"\n\t\t\t\t\t\t\t\tdata-frame_1=\"e:power2.inOut;st:800;sp:1000;sR:800;\"\n\t\t\t\t\t\t\t\tdata-frame_999=\"o:0;e:nothing;st:w;sR:7200.0006103516;\"\n\t\t\t\t\t\t\t\tstyle=\"z-index:7;font-family:'Roboto';\"\n\t\t\t\t\t\t\t>Zgodnie z norm\u0105 PSTC-6 \n\t\t\t\t\t\t\t<\/rs-layer><!--\n-->\t\t\t\t\t\t<\/rs-slide>\n\t\t\t\t\t\t<rs-slide style=\"position: absolute;\" data-key=\"rs-228\" data-title=\"Stanzteilpr\u00fcfung\" data-thumb=\"\/\/volztapes.com\/wp-content\/uploads\/2016\/11\/projector-edited-100x50.png\" data-in=\"o:0;\" data-out=\"a:false;\">\n\t\t\t\t\t\t\t<img decoding=\"async\" src=\"\/\/volztapes.com\/wp-content\/plugins\/revslider\/public\/assets\/assets\/dummy.png\" alt=\"\" title=\"Zarz\u0105dzanie jako\u015bci\u0105 i \u015brodowiskiem\" class=\"rev-slidebg tp-rs-img rs-lazyload\" data-lazyload=\"\/\/volztapes.com\/wp-content\/uploads\/2016\/11\/projector-edited.png\" data-no-retina>\n<!--\n\t\t\t\t\t\t\t--><rs-layer\n\t\t\t\t\t\t\t\tid=\"slider-28-slide-228-layer-1\" \n\t\t\t\t\t\t\t\tclass=\"tp-shape tp-shapewrapper rs-selectable\"\n\t\t\t\t\t\t\t\tdata-type=\"shape\"\n\t\t\t\t\t\t\t\tdata-rsp_ch=\"on\"\n\t\t\t\t\t\t\t\tdata-xy=\"y:b;yo:76px;\"\n\t\t\t\t\t\t\t\tdata-text=\"w:normal;fw:100;\"\n\t\t\t\t\t\t\t\tdata-dim=\"w:644.988px,644px,644px,644px;h:220px;\"\n\t\t\t\t\t\t\t\tdata-frame_0=\"x:-100%;o:1;\"\n\t\t\t\t\t\t\t\tdata-frame_0_mask=\"u:t;\"\n\t\t\t\t\t\t\t\tdata-frame_1=\"st:500;sp:1500;sR:500;\"\n\t\t\t\t\t\t\t\tdata-frame_1_mask=\"u:t;\"\n\t\t\t\t\t\t\t\tdata-frame_999=\"o:0;st:w;sR:7000.0006103516;\"\n\t\t\t\t\t\t\t\tstyle=\"z-index:5;background-color:rgba(0,163,226,0.8);\"\n\t\t\t\t\t\t\t> \n\t\t\t\t\t\t\t<\/rs-layer><!--\n\n\t\t\t\t\t\t\t--><rs-layer\n\t\t\t\t\t\t\t\tid=\"slider-28-slide-228-layer-2\" \n\t\t\t\t\t\t\t\tclass=\"rs-selectable\"\n\t\t\t\t\t\t\t\tdata-type=\"text\"\n\t\t\t\t\t\t\t\tdata-color=\"rgba(255, 255, 255, 1)\"\n\t\t\t\t\t\t\t\tdata-rsp_ch=\"on\"\n\t\t\t\t\t\t\t\tdata-xy=\"xo:60px;yo:234px,234px,234px,470px;\"\n\t\t\t\t\t\t\t\tdata-text=\"w:normal;s:40,40,40,38;l:47;fw:700;\"\n\t\t\t\t\t\t\t\tdata-dim=\"w:548.992px,548px,548px,420px;\"\n\t\t\t\t\t\t\t\tdata-frame_1=\"e:power2.inOut;st:800;sp:1000;sR:800;\"\n\t\t\t\t\t\t\t\tdata-frame_999=\"o:0;e:nothing;st:w;sR:7200.0006103516;\"\n\t\t\t\t\t\t\t\tstyle=\"z-index:6;font-family:'Roboto';text-transform:uppercase;\"\n\t\t\t\t\t\t\t>AUDYT CZ\u0118\u015aCI T\u0141OCZONYCH\n \n\t\t\t\t\t\t\t<\/rs-layer><!--\n\n\t\t\t\t\t\t\t--><rs-layer\n\t\t\t\t\t\t\t\tid=\"slider-28-slide-228-layer-3\" \n\t\t\t\t\t\t\t\tclass=\"rs-selectable\"\n\t\t\t\t\t\t\t\tdata-type=\"text\"\n\t\t\t\t\t\t\t\tdata-color=\"rgba(255, 255, 255, 1)\"\n\t\t\t\t\t\t\t\tdata-rsp_ch=\"on\"\n\t\t\t\t\t\t\t\tdata-xy=\"xo:60px;yo:301px,301px,301px,530px;\"\n\t\t\t\t\t\t\t\tdata-text=\"w:normal;l:30;\"\n\t\t\t\t\t\t\t\tdata-dim=\"w:490.996px,490px,490px,420px;h:auto,auto,auto,68px;\"\n\t\t\t\t\t\t\t\tdata-frame_1=\"x:3px,0,0,0;y:33px,0,0,0;e:power2.inOut;st:800;sp:1000;sR:800;\"\n\t\t\t\t\t\t\t\tdata-frame_999=\"o:0;e:nothing;st:w;sR:7200.0006103516;\"\n\t\t\t\t\t\t\t\tstyle=\"z-index:7;font-family:'Roboto';\"\n\t\t\t\t\t\t\t>Ka\u017cda wykrawana cz\u0119\u015b\u0107 jest testowana i sprawdzana za pomoc\u0105 cyfrowego pomiaru optycznego.\n \n\t\t\t\t\t\t\t<\/rs-layer><!--\n-->\t\t\t\t\t\t<\/rs-slide>\n\t\t\t\t\t<\/rs-slides>\n\t\t\t\t<\/rs-module>\n\t\t\t\t<script>\n\t\t\t\t\tsetREVStartSize({c: 'rev_slider_28_1',rl:[1240,1024,778,480],el:[499.988,500,500,720],gw:[1180,1024,778,480],gh:[500,500,500,720],type:'standard',justify:'',layout:'fullwidth',mh:\"0\"});if (window.RS_MODULES!==undefined && window.RS_MODULES.modules!==undefined && window.RS_MODULES.modules[\"revslider281\"]!==undefined) {window.RS_MODULES.modules[\"revslider281\"].once = false;window.revapi28 = undefined;if (window.RS_MODULES.checkMinimal!==undefined) window.RS_MODULES.checkMinimal()}\n\t\t\t\t<\/script>\n\t\t\t<\/rs-module-wrap>\n\t\t\t<!-- END REVOLUTION SLIDER -->\n[\/vc_column][\/vc_row][vc_row][vc_column][vc_empty_space][\/vc_column][\/vc_row][vc_row][vc_column width=&#8221;1\/2&#8243;][vc_column_text]Testujemy nasze produkty klej\u0105ce zgodnie z normami AFERA, FINAT, PSTC, CATIA, TAAT i JATMA.\u00a0 Na \u017cyczenie mo\u017cemy testowa\u0107 zgodnie z innymi specyfikacjami i standardami wymaganymi przez naszych klient\u00f3w. Zapewniamy jako\u015b\u0107 naszych wykrawanych cz\u0119\u015bci przy u\u017cyciu zaawansowanej optycznej technologii pomiarowej, por\u00f3wnuj\u0105c produkty z unikalnym zestawem specyfikacji ka\u017cdego klienta. Wszystkie procedury testowe i odpowiednie wyniki s\u0105 dokumentowane w celu zapewnienia przejrzysto\u015bci i przysz\u0142ego odniesienia.[\/vc_column_text][vc_row_inner][vc_column_inner width=&#8221;1\/2&#8243; offset=&#8221;vc_col-xs-6&#8243;][vc_single_image image=&#8221;18015&#8243; img_size=&#8221;full&#8221;][\/vc_column_inner][vc_column_inner width=&#8221;1\/2&#8243; offset=&#8221;vc_col-xs-6&#8243;][vc_single_image image=&#8221;18017&#8243; img_size=&#8221;full&#8221;][\/vc_column_inner][\/vc_row_inner][vc_row_inner][vc_column_inner width=&#8221;1\/2&#8243; offset=&#8221;vc_col-xs-6&#8243;][vc_single_image image=&#8221;18016&#8243; img_size=&#8221;full&#8221;][\/vc_column_inner][vc_column_inner width=&#8221;1\/2&#8243; offset=&#8221;vc_col-xs-6&#8243;][vc_single_image image=&#8221;18117&#8243; img_size=&#8221;full&#8221;][\/vc_column_inner][\/vc_row_inner][vc_row_inner][vc_column_inner width=&#8221;1\/2&#8243; offset=&#8221;vc_col-xs-6&#8243;][vc_single_image image=&#8221;18116&#8243; img_size=&#8221;full&#8221;][\/vc_column_inner][vc_column_inner width=&#8221;1\/2&#8243; offset=&#8221;vc_col-xs-6&#8243;][vc_single_image image=&#8221;18115&#8243; img_size=&#8221;full&#8221;][\/vc_column_inner][\/vc_row_inner][\/vc_column][vc_column width=&#8221;1\/2&#8243;][vc_column_text]\r\n<h4>Nasze testy laboratoryjne obejmuj\u0105:<\/h4>\r\n[\/vc_column_text][vc_column_text]\r\n<ul>\r\n \t<li>Adhesive Strength Test 90\u00b0 i 180\u00b0 zgodnie z AFERA 5001<\/li>\r\n \t<li>Sheer Adhesion Test zgodnie z AFERA 5012<\/li>\r\n \t<li>Tensile Strength zgodnie z AFERA 5004<\/li>\r\n \t<li>Pomiar grubo\u015bci zgodnie z AFERA 5006<\/li>\r\n \t<li>Loop Tack Test zgodnie z Finat Nr. 9<\/li>\r\n \t<li>Rolling Ball Tack Test zgodnie z PSTC-6<\/li>\r\n \t<li>Przyczepno\u015b\u0107 przy odwijaniu DIN EN 1944<\/li>\r\n \t<li>Test struktury materia\u0142u<\/li>\r\n \t<li>Badanie jako\u015bci druku kod\u00f3w kreskowych<\/li>\r\n \t<li>Testy klimatyczne na \u017c\u0105danie<\/li>\r\n<\/ul>\r\n[\/vc_column_text][\/vc_column][\/vc_row]","protected":false},"excerpt":{"rendered":"[vc_row full_width=&#8221;stretch_row&#8221; css=&#8221;.vc_custom_1700206908309{margin-top: -30px !important;padding-top: 100px !important;padding-bottom: 35px !important;background-image: url(https:\/\/volztapes.com\/wp-content\/uploads\/2016\/11\/bg_title_qualitaetsmanagement.jpg?id=1681) !important;background-position: center !important;background-repeat: no-repeat !important;background-size: cover !important;}&#8221; el_class=&#8221;banner_new&#8221;][vc_column width=&#8221;7\/12&#8243;][vc_custom_heading text=&#8221;ZARZ\u0104DZANIE JAKO\u015aCI\u0104&#8221; font_container=&#8221;tag:h2|font_size:40px|text_align:center|color:%23ffffff|line_height:60px&#8221; use_theme_fonts=&#8221;yes&#8221; css=&#8221;.vc_custom_1700206894946{padding-top: 4% !important;padding-right: 4% !important;padding-bottom: 4% !important;padding-left: 4% !important;background-color: rgba(0,162,226,0.8) !important;*background-color: rgb(0,162,226) !important;}&#8221;][\/vc_column][vc_column width=&#8221;5\/12&#8243;][\/vc_column][\/vc_row][vc_row full_width=&#8221;stretch_row&#8221; css=&#8221;.vc_custom_1480098587880{margin-top: -30px !important;margin-bottom: 0px !important;padding-top: 80px !important;padding-bottom: 0px !important;background-color: #ededed !important;}&#8221;][vc_column width=&#8221;1\/2&#8243;][vc_custom_heading text=&#8221;Certyfikowana jako\u015b\u0107&#8221; font_container=&#8221;tag:h1|font_size:32|text_align:left|line_height:1.3&#8243; use_theme_fonts=&#8221;yes&#8221;][vc_column_text]Aby zapewni\u0107 [&hellip;]","protected":false},"author":37,"featured_media":0,"parent":17479,"menu_order":0,"comment_status":"closed","ping_status":"closed","template":"","meta":{"footnotes":""},"_links":{"self":[{"href":"https:\/\/volztapes.com\/pl\/wp-json\/wp\/v2\/pages\/17525"}],"collection":[{"href":"https:\/\/volztapes.com\/pl\/wp-json\/wp\/v2\/pages"}],"about":[{"href":"https:\/\/volztapes.com\/pl\/wp-json\/wp\/v2\/types\/page"}],"author":[{"embeddable":true,"href":"https:\/\/volztapes.com\/pl\/wp-json\/wp\/v2\/users\/37"}],"replies":[{"embeddable":true,"href":"https:\/\/volztapes.com\/pl\/wp-json\/wp\/v2\/comments?post=17525"}],"version-history":[{"count":27,"href":"https:\/\/volztapes.com\/pl\/wp-json\/wp\/v2\/pages\/17525\/revisions"}],"predecessor-version":[{"id":22429,"href":"https:\/\/volztapes.com\/pl\/wp-json\/wp\/v2\/pages\/17525\/revisions\/22429"}],"up":[{"embeddable":true,"href":"https:\/\/volztapes.com\/pl\/wp-json\/wp\/v2\/pages\/17479"}],"wp:attachment":[{"href":"https:\/\/volztapes.com\/pl\/wp-json\/wp\/v2\/media?parent=17525"}],"curies":[{"name":"wp","href":"https:\/\/api.w.org\/{rel}","templated":true}]}}