{"id":17522,"date":"2024-07-08T11:23:21","date_gmt":"2024-07-08T09:23:21","guid":{"rendered":"https:\/\/volztapes.com\/o-nas\/nasi-partnerzy\/"},"modified":"2025-12-09T12:08:27","modified_gmt":"2025-12-09T11:08:27","slug":"nasi-partnerzy","status":"publish","type":"page","link":"https:\/\/volztapes.com\/pl\/o-nas\/nasi-partnerzy\/","title":{"rendered":"Nasi partnerzy"},"content":{"rendered":"[vc_row][vc_column][vc_column_text]\r\n\r\nI am text block. Click edit button to change this text. Lorem ipsum dolor sit amet, consectetur adipiscing elit. Ut elit tellus, luctus nec ullamcorper mattis, pulvinar dapibus leo.\r\n\r\n[\/vc_column_text][vc_row full_width=&#8221;stretch_row&#8221; css=&#8221;.vc_custom_1490964062401{margin-top: -30px !important;background-image: url(https:\/\/volztapes.com\/wp-content\/uploads\/2016\/11\/bg_title_service.jpg?id=1313) !important;background-position: center !important;background-repeat: no-repeat !important;background-size: cover !important;}&#8221;][\/vc_row][vc_column width=&#8221;1\/3&#8243;][\/vc_column][vc_custom_heading source=&#8221;post_title&#8221; font_container=&#8221;tag:h1|text_align:center|color:%23ffffff&#8221; use_theme_fonts=&#8221;yes&#8221; css=&#8221;.vc_custom_1700206801836{margin-top: 80px !important;margin-bottom: 80px !important;padding-top: 4% !important;padding-bottom: 10px !important;padding-left: 4% !important;background-color: rgba(0,163,222,0.8) !important;*background-color: rgb(0,163,222) !important;}&#8221; el_class=&#8221;bannertitle&#8221;][\/vc_column][vc_column width=&#8221;1\/3&#8243;][\/vc_column][vc_column width=&#8221;1\/3&#8243;][\/vc_column][\/vc_row][vc_row][vc_column width=&#8221;1\/3&#8243;][vc_empty_space height=&#8221;24&#8243;][vc_custom_heading text=&#8221;Kluczowi partnerzy&#8221; font_container=&#8221;tag:h1|font_size:32|text_align:left&#8221; use_theme_fonts=&#8221;yes&#8221;][\/vc_column][vc_column width=&#8221;2\/3&#8243;][vc_empty_space height=&#8221;24&#8243;][vc_custom_heading text=&#8221;VOLZ\u00ae TAPES przez lata kultywowa\u0142 silne partnerstwa biznesowe z wiod\u0105cymi producentami w bran\u017cy, aby optymalizowa\u0107 nasz\u0105 zdolno\u015b\u0107 do dostarczania gotowych rozwi\u0105za\u0144 dla naszych klient\u00f3w w zakresie ta\u015bm samoprzylepnych, wykroj\u00f3w samoprzylepnych i etykiet. Dzia\u0142ania te obejmuj\u0105 zar\u00f3wno dystrybucj\u0119, jak i konfekcj\u0119 rozwi\u0105za\u0144 samoprzylepnych.&#8221; font_container=&#8221;tag:p|font_size:18|text_align:left&#8221; google_fonts=&#8221;font_family:Open%20Sans%3A300%2C300italic%2Cregular%2Citalic%2C600%2C600italic%2C700%2C700italic%2C800%2C800italic|font_style:400%20regular%3A400%3Anormal&#8221;][vc_empty_space height=&#8221;16&#8243;][vc_custom_heading text=&#8221;&#8221; font_container=&#8221;tag:p|font_size:18|text_align:left&#8221; google_fonts=&#8221;font_family:Open%20Sans%3A300%2C300italic%2Cregular%2Citalic%2C600%2C600italic%2C700%2C700italic%2C800%2C800italic|font_style:400%20regular%3A400%3Anormal&#8221;][\/vc_column][\/vc_row][vc_row][vc_column][vc_separator][\/vc_column][\/vc_row][vc_row][vc_column width=&#8221;1\/3&#8243;][vc_empty_space height=&#8221;48&#8243;][vc_single_image image=&#8221;18436&#8243; img_size=&#8221;medium&#8221; onclick=&#8221;custom_link&#8221; img_link_target=&#8221;_blank&#8221; link=&#8221;https:\/\/www.itape.com\/&#8221;]<div class=\"ts-button-wrapper\"><style type=\"text\/css\" scoped>.ts-button-wrapper a.ts-button-1{background:#00a3de;border-color:#e8e8e8;border-width:0px ;color:#ffffff;border-radius:0;}.ts-button-wrapper a.ts-button-1:hover{background:#e41613;border-color:#40bea7;color:#ffffff;}<\/style><a href=\"https:\/\/www.itape.com\/\" target=\"_blank\" class=\"ts-button ts-button-1 medium  \">Website<\/a><\/div>[\/vc_column][vc_column width=&#8221;2\/3&#8243;][vc_empty_space height=&#8221;48&#8243;][vc_custom_heading text=&#8221;VOLZ\u00ae TAPES jest renomowanym partnerem Intertape\u00ae w zakresie importu, dystrybucji i konfekcji.&#8221; font_container=&#8221;tag:h1|font_size:32|text_align:left&#8221; google_fonts=&#8221;font_family:Open%20Sans%3A300%2C300italic%2Cregular%2Citalic%2C600%2C600italic%2C700%2C700italic%2C800%2C800italic|font_style:400%20regular%3A400%3Anormal&#8221; el_id=&#8221;Intertape-Import-Vertriebs-und-Converting-Partner&#8221;][vc_empty_space height=&#8221;18&#8243;][vc_column_text]Jeste\u015bmy wysoce kompetentnym konwerterem z certyfikatem UL, niezale\u017cnym od materia\u0142u producenta. W zwi\u0105zku z tym oferujemy standardowe i niestandardowe rozwi\u0105zania w zakresie ta\u015bm elektrycznych i przemys\u0142owych Intertape\u00ae i mo\u017cemy zapewni\u0107, \u017ce certyfikaty UL materia\u0142\u00f3w, kt\u00f3re konwertujemy, pozostaj\u0105 wa\u017cne.[\/vc_column_text][vc_column_text]\r\n<ul>\r\n \t<li>Partner importowy w zakresie ta\u015bm elektrycznych i przemys\u0142owych od 2009 r.<\/li>\r\n \t<li>Bezpo\u015bredni partner handlowy w zakresie sprzeda\u017cy i przetwarzania ta\u015bm samoprzylepnych<\/li>\r\n \t<li>Globalny dystrybutor dla klient\u00f3w bezpo\u015brednich, przetw\u00f3rc\u00f3w i dealer\u00f3w<\/li>\r\n<\/ul>\r\n[\/vc_column_text][\/vc_column][\/vc_row][vc_row][vc_column width=&#8221;1\/3&#8243;][vc_empty_space height=&#8221;48&#8243;][vc_single_image image=&#8221;30105&#8243; img_size=&#8221;medium&#8221; onclick=&#8221;custom_link&#8221; img_link_target=&#8221;_blank&#8221; link=&#8221;https:\/\/www.tesa.com\/pl-pl&#8221;]<div class=\"ts-button-wrapper\"><style type=\"text\/css\" scoped>.ts-button-wrapper a.ts-button-2{background:#00a3de;border-color:#e8e8e8;border-width:0px ;color:#ffffff;border-radius:0;}.ts-button-wrapper a.ts-button-2:hover{background:#e41613;border-color:#40bea7;color:#ffffff;}<\/style><a href=\"http:\/\/www.tesa.de\/\" target=\"_blank\" class=\"ts-button ts-button-2 medium  \">Website<\/a><\/div>[\/vc_column][vc_column width=&#8221;2\/3&#8243;][vc_empty_space height=&#8221;48&#8243;][vc_custom_heading text=&#8221;VOLZ\u00ae TAPES jest zaufanym partnerem tesa\u00ae Gold Converting i oferuje ca\u0142e portfolio produkt\u00f3w tesa\u00ae Industry.&#8221; font_container=&#8221;tag:h1|font_size:32|text_align:left&#8221; google_fonts=&#8221;font_family:Open%20Sans%3A300%2C300italic%2Cregular%2Citalic%2C600%2C600italic%2C700%2C700italic%2C800%2C800italic|font_style:400%20regular%3A400%3Anormal&#8221; el_id=&#8221;tesa-gold-converting-partner&#8221;][vc_empty_space height=&#8221;18&#8243;][vc_column_text el_id=&#8221;tesa&#8221;]Status Gold Converting Partner firmy tesa\u00ae jest wyrazem uznania dla firm zajmuj\u0105cych si\u0119 obs\u0142ug\u0105 klienta za ich asortyment produkt\u00f3w przemys\u0142owych i koncentracj\u0119 na niestandardowych rozwi\u0105zaniach specjalnych w dziedzinie przetwarzania.\u00a0 Z niecierpliwo\u015bci\u0105 czekamy na mo\u017cliwo\u015b\u0107 podzielenia si\u0119 nasz\u0105 wiedz\u0105, aby spe\u0142ni\u0107 zar\u00f3wno standardowe, jak i niestandardowe wymagania.[\/vc_column_text][vc_column_text]\r\n<ul>\r\n \t<li>Z\u0142oty partner w dziedzinie przetwarzania od 2019 r.<\/li>\r\n \t<li>Partner bran\u017cowy od 2011 roku<\/li>\r\n \t<li>Bezpo\u015bredni partner w zakresie dystrybucji i przetwarzania ta\u015bm samoprzylepnych<\/li>\r\n<\/ul>\r\n[\/vc_column_text][\/vc_column][\/vc_row][vc_row][vc_column width=&#8221;1\/3&#8243;][vc_column_text]Prosimy o kontakt w celu uzyskania szczeg\u00f3\u0142owych informacji i wyceny dla konkretnego zastosowania.[\/vc_column_text][\/vc_column][vc_column width=&#8221;1\/3&#8243;][vc_single_image image=&#8221;19027&#8243; img_size=&#8221;medium&#8221; onclick=&#8221;custom_link&#8221; img_link_target=&#8221;_blank&#8221; link=&#8221;https:\/\/volztapes.com\/wp-content\/uploads\/2016\/11\/de-tesa-industrie-preisliste-s-gu-ltig-ab-01-09-2022-stand-22-07-2022_volz.pdf&#8221;][vc_column_text]\r\n<h6><a href=\"https:\/\/volztapes.com\/wp-content\/uploads\/2016\/11\/de-tesa-industrie-preisliste-s-gu-ltig-ab-01-09-2022-stand-22-07-2022_volz.pdf\">tesa\u00ae\u00a0Lista cenowa 01.09.2022 (<\/a>Niemiecki)<\/h6>\r\n[\/vc_column_text][\/vc_column][vc_column width=&#8221;1\/3&#8243;][vc_single_image image=&#8221;19026&#8243; img_size=&#8221;medium&#8221; onclick=&#8221;custom_link&#8221; img_link_target=&#8221;_blank&#8221;][vc_column_text]\r\n\r\n[\/vc_column_text][vc_empty_space height=&#8221;96&#8243;][\/vc_column][\/vc_row][vc_row][vc_column][vc_separator][\/vc_column][\/vc_row][vc_row][vc_column width=&#8221;1\/3&#8243;][vc_empty_space height=&#8221;32&#8243;][vc_single_image image=&#8221;18435&#8243; img_size=&#8221;large&#8221; onclick=&#8221;custom_link&#8221; img_link_target=&#8221;_blank&#8221;]<div class=\"ts-button-wrapper\"><style type=\"text\/css\" scoped>.ts-button-wrapper a.ts-button-3{background:#00a3de;border-color:#e8e8e8;border-width:0px ;color:#ffffff;border-radius:0;}.ts-button-wrapper a.ts-button-3:hover{background:#e41613;border-color:#40bea7;color:#ffffff;}<\/style><a href=\"https:\/\/www.3mdeutschland.de\/3M\/de_DE\/unternehmen-de\/\" target=\"_blank\" class=\"ts-button ts-button-3 medium  \">Website<\/a><\/div>[\/vc_column][vc_column width=&#8221;2\/3&#8243;][vc_empty_space height=&#8221;48&#8243;][vc_custom_heading text=&#8221;Jeste\u015bmy wieloletnim partnerem elektrycznych i przemys\u0142owych ta\u015bm samoprzylepnych 3M&#x2122;.&#8221; font_container=&#8221;tag:h1|font_size:32|text_align:left&#8221; google_fonts=&#8221;font_family:Open%20Sans%3A300%2C300italic%2Cregular%2Citalic%2C600%2C600italic%2C700%2C700italic%2C800%2C800italic|font_style:400%20regular%3A400%3Anormal&#8221; el_id=&#8221;3m-elektro-und-industrieklebeb\u00e4ndern&#8221;][vc_empty_space height=&#8221;18&#8243;][vc_column_text]Partnerzy 3M&#x2122; specjalizuj\u0105 si\u0119 w przekszta\u0142caniu produkt\u00f3w 3M&#x2122; tak, aby spe\u0142nia\u0142y okre\u015blone wymagania dotycz\u0105ce formy, kszta\u0142tu, rozmiaru lub ilo\u015bci.[\/vc_column_text][vc_column_text]\r\n<ul>\r\n \t<li>Partner w zakresie ta\u015bm elektrycznych i przemys\u0142owych od 2008 roku<\/li>\r\n \t<li>Bezpo\u015bredni partner handlowy w zakresie sprzeda\u017cy i przetwarzania ta\u015bm samoprzylepnych<\/li>\r\n<\/ul>\r\n[\/vc_column_text][\/vc_column][\/vc_row][vc_row][vc_column width=&#8221;1\/3&#8243;][vc_single_image image=&#8221;18424&#8243; img_size=&#8221;medium&#8221; onclick=&#8221;custom_link&#8221; img_link_target=&#8221;_blank&#8221;][vc_column_text]\r\n\r\n[\/vc_column_text][\/vc_column][vc_column width=&#8221;1\/3&#8243;][vc_single_image image=&#8221;18401&#8243; img_size=&#8221;medium&#8221; onclick=&#8221;custom_link&#8221; img_link_target=&#8221;_blank&#8221;][vc_column_text]\r\n\r\n[\/vc_column_text][\/vc_column][vc_column width=&#8221;1\/3&#8243;][vc_empty_space height=&#8221;96&#8243;][vc_column_text]Prosimy o kontakt w celu uzyskania szczeg\u00f3\u0142owych informacji i wyceny dla konkretnego zastosowania.[\/vc_column_text][\/vc_column][\/vc_row][vc_row][vc_column][vc_separator][\/vc_column][\/vc_row][vc_row][vc_column width=&#8221;1\/3&#8243;][vc_empty_space height=&#8221;32&#8243;][vc_single_image image=&#8221;17954&#8243; img_size=&#8221;300 x 300&#8243; onclick=&#8221;custom_link&#8221; img_link_target=&#8221;_blank&#8221; link=&#8221;http:\/\/www.scapa.com\/en\/scapadeutschland&#8221;]<div class=\"ts-button-wrapper\"><style type=\"text\/css\" scoped>.ts-button-wrapper a.ts-button-4{background:#00a3de;border-color:#e8e8e8;border-width:0px ;color:#ffffff;border-radius:0;}.ts-button-wrapper a.ts-button-4:hover{background:#e41613;border-color:#40bea7;color:#ffffff;}<\/style><a href=\"http:\/\/www.scapa.com\/en\/scapadeutschland\" target=\"_blank\" class=\"ts-button ts-button-4 medium  \">Website<\/a><\/div>[\/vc_column][vc_column width=&#8221;2\/3&#8243;][vc_empty_space height=&#8221;48&#8243;][vc_custom_heading text=&#8221;Jeste\u015bmy wiod\u0105cym partnerem Scapa w zakresie dystrybucji i konwertowania.&#8221; font_container=&#8221;tag:h1|font_size:32|text_align:left&#8221; google_fonts=&#8221;font_family:Open%20Sans%3A300%2C300italic%2Cregular%2Citalic%2C600%2C600italic%2C700%2C700italic%2C800%2C800italic|font_style:400%20regular%3A400%3Anormal&#8221;][vc_empty_space height=&#8221;18&#8243;][vc_column_text]Jako zaufany partner Scapa, naszym celem jest dostarczanie najlepszych innowacji, rozwi\u0105za\u0144 i obs\u0142ugi klienta.[\/vc_column_text][vc_column_text]\r\n<ul>\r\n \t<li>Partner od 2006 r.<\/li>\r\n \t<li>Bezpo\u015bredni partner handlowy w zakresie dystrybucji i przetwarzania ta\u015bm samoprzylepnych<\/li>\r\n<\/ul>\r\n[\/vc_column_text][\/vc_column][\/vc_row][vc_row][vc_column width=&#8221;5\/12&#8243;][\/vc_column][vc_column width=&#8221;1\/12&#8243;][\/vc_column][vc_column width=&#8221;5\/12&#8243;][\/vc_column][\/vc_row][vc_row][vc_column][vc_separator][\/vc_column][\/vc_row][vc_row][vc_column width=&#8221;1\/3&#8243;][vc_single_image image=&#8221;17958&#8243; img_size=&#8221;full&#8221; onclick=&#8221;custom_link&#8221; img_link_target=&#8221;_blank&#8221; link=&#8221;https:\/\/www.afera.com\/&#8221;][vc_column_text]AFERA\r\n<ul>\r\n \t<li>Cz\u0142onek od 2015 r.<\/li>\r\n<\/ul>\r\n[\/vc_column_text][\/vc_column][vc_column width=&#8221;1\/3&#8243;][vc_single_image image=&#8221;17956&#8243; img_size=&#8221;full&#8221; onclick=&#8221;custom_link&#8221; img_link_target=&#8221;_blank&#8221; link=&#8221;https:\/\/germany.ul.com\/en\/&#8221;][vc_column_text]UL certyfikat\r\n<ul>\r\n \t<li>Partner w zakresie jako\u015bci od 2010 r.<\/li>\r\n<\/ul>\r\n[\/vc_column_text][\/vc_column][vc_column width=&#8221;1\/3&#8243;][vc_single_image image=&#8221;18220&#8243; img_size=&#8221;full&#8221; onclick=&#8221;custom_link&#8221; img_link_target=&#8221;_blank&#8221; link=&#8221;https:\/\/ec.europa.eu\/taxation_customs\/dds2\/eos\/aeo_home.jsp?Lang=en&#8221;][vc_column_text]<strong>AEO<\/strong>\r\n<ul>\r\n \t<li>Certyfikowany od 2018 r.<\/li>\r\n<\/ul>\r\n[\/vc_column_text][\/vc_column][\/vc_row][vc_row][vc_column width=&#8221;1\/3&#8243;][vc_single_image image=&#8221;18268&#8243; img_size=&#8221;full&#8221; onclick=&#8221;custom_link&#8221; img_link_target=&#8221;_blank&#8221; link=&#8221;https:\/\/www.tuvsud.com\/pl-pl&#8221;][vc_column_text]T\u00dcV S\u00dcD &#8211; Zarz\u0105dzanie jako\u015bci\u0105\r\n<ul>\r\n \t<li>Certyfikowany od 2019 r. (Niemcy)<\/li>\r\n<\/ul>\r\n[\/vc_column_text][\/vc_column][vc_column width=&#8221;1\/3&#8243;][vc_single_image image=&#8221;18269&#8243; img_size=&#8221;full&#8221; onclick=&#8221;custom_link&#8221; img_link_target=&#8221;_blank&#8221; link=&#8221;https:\/\/www.tuvsud.com\/pl-pl&#8221;][vc_column_text]T\u00dcV S\u00dcD &#8211; System zarz\u0105dzania \u015brodowiskowego\r\n<ul>\r\n \t<li>Certyfikowany od 2019 r. (Niemcy)<\/li>\r\n<\/ul>\r\n[\/vc_column_text][\/vc_column][\/vc_row][vc_row][vc_column][vc_column_text]\r\n\r\n[\/vc_column_text][\/vc_column][\/vc_row]","protected":false},"excerpt":{"rendered":"[vc_row][vc_column][vc_column_text] I am text block. Click edit button to change this text. Lorem ipsum dolor sit amet, consectetur adipiscing elit. Ut elit tellus, luctus nec ullamcorper mattis, pulvinar dapibus leo. [\/vc_column_text][vc_row full_width=&#8221;stretch_row&#8221; css=&#8221;.vc_custom_1490964062401{margin-top: -30px !important;background-image: url(https:\/\/volztapes.com\/wp-content\/uploads\/2016\/11\/bg_title_service.jpg?id=1313) !important;background-position: center !important;background-repeat: no-repeat !important;background-size: cover !important;}&#8221;][\/vc_row][vc_column width=&#8221;1\/3&#8243;][\/vc_column][vc_custom_heading source=&#8221;post_title&#8221; font_container=&#8221;tag:h1|text_align:center|color:%23ffffff&#8221; use_theme_fonts=&#8221;yes&#8221; css=&#8221;.vc_custom_1700206801836{margin-top: 80px !important;margin-bottom: 80px !important;padding-top: 4% !important;padding-bottom: 10px [&hellip;]","protected":false},"author":5,"featured_media":0,"parent":17479,"menu_order":0,"comment_status":"closed","ping_status":"closed","template":"","meta":{"footnotes":""},"_links":{"self":[{"href":"https:\/\/volztapes.com\/pl\/wp-json\/wp\/v2\/pages\/17522"}],"collection":[{"href":"https:\/\/volztapes.com\/pl\/wp-json\/wp\/v2\/pages"}],"about":[{"href":"https:\/\/volztapes.com\/pl\/wp-json\/wp\/v2\/types\/page"}],"author":[{"embeddable":true,"href":"https:\/\/volztapes.com\/pl\/wp-json\/wp\/v2\/users\/5"}],"replies":[{"embeddable":true,"href":"https:\/\/volztapes.com\/pl\/wp-json\/wp\/v2\/comments?post=17522"}],"version-history":[{"count":7,"href":"https:\/\/volztapes.com\/pl\/wp-json\/wp\/v2\/pages\/17522\/revisions"}],"predecessor-version":[{"id":30109,"href":"https:\/\/volztapes.com\/pl\/wp-json\/wp\/v2\/pages\/17522\/revisions\/30109"}],"up":[{"embeddable":true,"href":"https:\/\/volztapes.com\/pl\/wp-json\/wp\/v2\/pages\/17479"}],"wp:attachment":[{"href":"https:\/\/volztapes.com\/pl\/wp-json\/wp\/v2\/media?parent=17522"}],"curies":[{"name":"wp","href":"https:\/\/api.w.org\/{rel}","templated":true}]}}