{"id":17519,"date":"2024-07-08T10:58:00","date_gmt":"2024-07-08T08:58:00","guid":{"rendered":"https:\/\/volztapes.com\/o-nas\/historia\/"},"modified":"2024-07-23T10:33:01","modified_gmt":"2024-07-23T08:33:01","slug":"historia","status":"publish","type":"page","link":"https:\/\/volztapes.com\/pl\/o-nas\/historia\/","title":{"rendered":"Historia"},"content":{"rendered":"<p>[vc_row full_width=&#8221;stretch_row&#8221; css=&#8221;.vc_custom_1721723579098{margin-top: -30px !important;padding-top: 100px !important;padding-bottom: 35px !important;background-image: url(https:\/\/volztapes.com\/wp-content\/uploads\/2024\/07\/vt-pl-building-slider_half.png?id=17542) !important;background-position: center !important;background-repeat: no-repeat !important;background-size: cover !important;}&#8221; el_class=&#8221;banner_new&#8221;][vc_column width=&#8221;1\/3&#8243;][vc_custom_heading text=&#8221;HISTORIA&#8221; font_container=&#8221;tag:h2|font_size:40px|text_align:center|color:%23ffffff|line_height:60px&#8221; use_theme_fonts=&#8221;yes&#8221; css=&#8221;.vc_custom_1700206692977{padding-top: 4% !important;padding-right: 4% !important;padding-bottom: 4% !important;padding-left: 4% !important;background-color: rgba(0,162,226,0.8) !important;*background-color: rgb(0,162,226) !important;}&#8221;][\/vc_column][vc_column width=&#8221;1\/3&#8243;][\/vc_column][vc_column width=&#8221;1\/3&#8243;][\/vc_column][\/vc_row][vc_row][vc_column][vc_empty_space height=&#8221;20&#8243;][\/vc_column][\/vc_row][vc_row][vc_column][vc_column_text]<\/p>\r\n<h1>Eksperci w dziedzinie technologii samoprzylepnej od 1976 roku<\/h1>\r\n<p>[\/vc_column_text][\/vc_column][\/vc_row][vc_row el_class=&#8221;equal-height&#8221; css=&#8221;.vc_custom_1480063892515{margin-bottom: 0px !important;padding-bottom: 0px !important;}&#8221;][vc_column width=&#8221;1\/6&#8243;][\/vc_column][vc_column width=&#8221;1\/6&#8243;][vc_column_text]<\/p>\r\n<h2>2024<\/h2>\r\n<p>[\/vc_column_text][\/vc_column][vc_column width=&#8221;1\/12&#8243; css=&#8221;.vc_custom_1480063685341{background-image: url(https:\/\/volztapes.com\/wp-content\/uploads\/2016\/11\/zeitstrahl-3.png?id=784) !important;background-position: 0 0 !important;background-repeat: no-repeat !important;}&#8221;][\/vc_column][vc_column width=&#8221;5\/12&#8243;][vc_column_text]2024 Stycze\u0144 \u2013 Maj &#8211; powo\u0142anie przez Andreasa Benza nowej jednostki VOLZ\u00ae TAPES Polska Sp. z o.o. z siedzib\u0105 w Gnie\u017anie, uruchomienie nowoczesnej hali magazynowo-produkcyjnej z parkiem maszynowym i budynkiem biurowym.[\/vc_column_text][vc_single_image image=&#8221;17501&#8243; img_size=&#8221;&#8221;][vc_empty_space height=&#8221;20&#8243;][\/vc_column][vc_column width=&#8221;2\/12&#8243;][\/vc_column][\/vc_row][vc_row el_class=&#8221;equal-height&#8221; css=&#8221;.vc_custom_1480063892515{margin-bottom: 0px !important;padding-bottom: 0px !important;}&#8221;][vc_column width=&#8221;1\/6&#8243;][\/vc_column][vc_column width=&#8221;1\/6&#8243;][vc_column_text]<\/p>\r\n<h2>2023<\/h2>\r\n<p>[\/vc_column_text][\/vc_column][vc_column width=&#8221;1\/12&#8243; css=&#8221;.vc_custom_1480063685341{background-image: url(https:\/\/volztapes.com\/wp-content\/uploads\/2016\/11\/zeitstrahl-3.png?id=784) !important;background-position: 0 0 !important;background-repeat: no-repeat !important;}&#8221;][\/vc_column][vc_column width=&#8221;5\/12&#8243;][vc_column_text]2023 Marzec &#8211; oficjalne oddanie do u\u017cytku nowego budynku z rozszerzonymi mo\u017cliwo\u015bciami produkcyjnymi i magazynowymi.<\/p>\r\n<p>[\/vc_column_text][vc_single_image image=&#8221;19074&#8243; img_size=&#8221;&#8221;][vc_empty_space height=&#8221;20&#8243;][\/vc_column][vc_column width=&#8221;2\/12&#8243;][\/vc_column][\/vc_row][vc_row el_class=&#8221;equal-height&#8221; css=&#8221;.vc_custom_1480063892515{margin-bottom: 0px !important;padding-bottom: 0px !important;}&#8221;][vc_column width=&#8221;1\/6&#8243;][\/vc_column][vc_column width=&#8221;1\/6&#8243;][vc_column_text]<\/p>\r\n<h2>2022<\/h2>\r\n<p>[\/vc_column_text][\/vc_column][vc_column width=&#8221;1\/12&#8243; css=&#8221;.vc_custom_1480063685341{background-image: url(https:\/\/volztapes.com\/wp-content\/uploads\/2016\/11\/zeitstrahl-3.png?id=784) !important;background-position: 0 0 !important;background-repeat: no-repeat !important;}&#8221;][\/vc_column][vc_column width=&#8221;5\/12&#8243;][vc_column_text]2022 Wrzesie\u0144 &#8211; firma VOLZ\u00ae TAPES organizuje uroczyste przyj\u0119cie z okazji rozbudowy zak\u0142adu w Schallstadt.[\/vc_column_text][vc_empty_space height=&#8221;20&#8243;][\/vc_column][vc_column width=&#8221;2\/12&#8243;][\/vc_column][\/vc_row][vc_row el_class=&#8221;equal-height&#8221; css=&#8221;.vc_custom_1480063892515{margin-bottom: 0px !important;padding-bottom: 0px !important;}&#8221;][vc_column width=&#8221;1\/6&#8243;][\/vc_column][vc_column width=&#8221;1\/6&#8243;][vc_column_text]<\/p>\r\n<h2>2021<\/h2>\r\n<p>[\/vc_column_text][\/vc_column][vc_column width=&#8221;1\/12&#8243; css=&#8221;.vc_custom_1480063685341{background-image: url(https:\/\/volztapes.com\/wp-content\/uploads\/2016\/11\/zeitstrahl-3.png?id=784) !important;background-position: 0 0 !important;background-repeat: no-repeat !important;}&#8221;][\/vc_column][vc_column width=&#8221;5\/12&#8243;][vc_column_text]2021 Firma VOLZ\u00ae TAPES otrzymuje znak jako\u015bci \u201cSystematyczne bezpiecze\u0144stwo\u201d od Niemieckiego Stowarzyszenia Ubezpiecze\u0144 Odpowiedzialno\u015bci Cywilnej Pracodawc\u00f3w dla Handlu i Logistyki Towar\u00f3w (BGHW). Znak ten potwierdza skuteczne wdro\u017cenie systemu zarz\u0105dzania bezpiecze\u0144stwem i higien\u0105 pracy (AMS) przez VOLZ\u00ae TAPES zgodnie z NLF \/ ILO-OSH 2001 i DIN ISO 45001:2018.[\/vc_column_text][vc_single_image image=&#8221;18576&#8243;][vc_empty_space height=&#8221;20&#8243;][vc_column_text]Firma VOLZ\u00ae TAPES rozpocz\u0119\u0142a gruntown\u0105 rozbudow\u0119 budynku, kt\u00f3ra znacznie zwi\u0119kszy dost\u0119pn\u0105 przestrze\u0144 biurow\u0105, produkcyjn\u0105 i magazynow\u0105.[\/vc_column_text][vc_empty_space height=&#8221;20&#8243;][\/vc_column][vc_column width=&#8221;2\/12&#8243;][\/vc_column][\/vc_row][vc_row el_class=&#8221;equal-height&#8221; css=&#8221;.vc_custom_1480063892515{margin-bottom: 0px !important;padding-bottom: 0px !important;}&#8221;][vc_column width=&#8221;1\/6&#8243;][\/vc_column][vc_column width=&#8221;1\/6&#8243;][vc_column_text]<\/p>\r\n<h2>2019<\/h2>\r\n<p>[\/vc_column_text][\/vc_column][vc_column width=&#8221;1\/12&#8243; css=&#8221;.vc_custom_1480063685341{background-image: url(https:\/\/volztapes.com\/wp-content\/uploads\/2016\/11\/zeitstrahl-3.png?id=784) !important;background-position: 0 0 !important;background-repeat: no-repeat !important;}&#8221;][\/vc_column][vc_column width=&#8221;5\/12&#8243;][vc_column_text]VOLZ\u00ae TAPES certyfikowany przez T\u00dcV S\u00dcD w zakresie zarz\u0105dzania jako\u015bci\u0105 (ISO 9001:2015) i zarz\u0105dzania \u015brodowiskowego (ISO 14001:2015) w dniu 30 pa\u017adziernika 2019 r.[\/vc_column_text][vc_single_image image=&#8221;18270&#8243; img_size=&#8221;full&#8221;][vc_empty_space height=&#8221;20&#8243;][vc_column_text]W dniu 1 lipca 2019 r. firma VOLZ\u00ae TAPES otrzyma\u0142a tytu\u0142 tesa Gold Converting Partner za swoje mo\u017cliwo\u015bci w zakresie konwertowania.[\/vc_column_text][vc_single_image image=&#8221;18258&#8243; img_size=&#8221;&#8221;][vc_empty_space height=&#8221;20&#8243;][vc_column_text]2019 Zmiana w zarz\u0105dzie sp\u00f3\u0142ki oraz przej\u0119cie udzia\u0142\u00f3w Maria Haselwander przez Tetian\u0119 Benz, \u017con\u0119 obecnego dyrektora zarz\u0105dzaj\u0105cego Andreasa Benza i do\u0142\u0105czenie 1 lipca do struktury zarz\u0105du Volz Tapes.[\/vc_column_text][vc_empty_space height=&#8221;20&#8243;][\/vc_column][vc_column width=&#8221;2\/12&#8243;][\/vc_column][\/vc_row][vc_row el_class=&#8221;equal-height&#8221; css=&#8221;.vc_custom_1480063892515{margin-bottom: 0px !important;padding-bottom: 0px !important;}&#8221;][vc_column width=&#8221;1\/6&#8243;][\/vc_column][vc_column width=&#8221;1\/6&#8243;][vc_column_text]<\/p>\r\n<h2>2018<\/h2>\r\n<p>[\/vc_column_text][\/vc_column][vc_column width=&#8221;1\/12&#8243; css=&#8221;.vc_custom_1480063685341{background-image: url(https:\/\/volztapes.com\/wp-content\/uploads\/2016\/11\/zeitstrahl-3.png?id=784) !important;background-position: 0 0 !important;background-repeat: no-repeat !important;}&#8221;][\/vc_column][vc_column width=&#8221;5\/12&#8243;][vc_column_text]2018 Volz uzyskuje status AEO (upowa\u017cniony przedsi\u0119biorca)[\/vc_column_text][vc_empty_space height=&#8221;20&#8243;][\/vc_column][vc_column width=&#8221;2\/12&#8243;][\/vc_column][\/vc_row][vc_row el_class=&#8221;equal-height&#8221; css=&#8221;.vc_custom_1480063892515{margin-bottom: 0px !important;padding-bottom: 0px !important;}&#8221;][vc_column width=&#8221;1\/6&#8243;][\/vc_column][vc_column width=&#8221;1\/6&#8243;][vc_column_text]<\/p>\r\n<h2>2017<\/h2>\r\n<p>[\/vc_column_text][\/vc_column][vc_column width=&#8221;1\/12&#8243; css=&#8221;.vc_custom_1480063685341{background-image: url(https:\/\/volztapes.com\/wp-content\/uploads\/2016\/11\/zeitstrahl-3.png?id=784) !important;background-position: 0 0 !important;background-repeat: no-repeat !important;}&#8221;][\/vc_column][vc_column width=&#8221;5\/12&#8243;][vc_column_text]Administracja, produkcja i logistyka w nowej siedzibie[\/vc_column_text][vc_single_image image=&#8221;18103&#8243; img_size=&#8221;full&#8221; alignment=&#8221;center&#8221;][vc_empty_space height=&#8221;20&#8243;][\/vc_column][vc_column width=&#8221;2\/12&#8243;][\/vc_column][\/vc_row][vc_row el_class=&#8221;equal-height&#8221; css=&#8221;.vc_custom_1480063892515{margin-bottom: 0px !important;padding-bottom: 0px !important;}&#8221;][vc_column width=&#8221;1\/6&#8243;][\/vc_column][vc_column width=&#8221;1\/6&#8243;][vc_column_text][\/vc_column_text][\/vc_column][vc_column width=&#8221;1\/12&#8243; css=&#8221;.vc_custom_1480063685341{background-image: url(https:\/\/volztapes.com\/wp-content\/uploads\/2016\/11\/zeitstrahl-3.png?id=784) !important;background-position: 0 0 !important;background-repeat: no-repeat !important;}&#8221;][\/vc_column][vc_column width=&#8221;5\/12&#8243;][vc_column_text]Zmiana identyfikacji wizualnej z VOLZ\u00ae Selbstklebetechnik na VOLZ\u00ae TAPES.[\/vc_column_text][vc_single_image image=&#8221;18064&#8243; img_size=&#8221;full&#8221; alignment=&#8221;center&#8221;][vc_empty_space height=&#8221;20&#8243;][\/vc_column][vc_column width=&#8221;2\/12&#8243;][\/vc_column][\/vc_row][vc_row el_class=&#8221;equal-height&#8221; css=&#8221;.vc_custom_1480063892515{margin-bottom: 0px !important;padding-bottom: 0px !important;}&#8221;][vc_column width=&#8221;1\/6&#8243;][\/vc_column][vc_column width=&#8221;1\/6&#8243;][vc_column_text]<\/p>\r\n<h2>2016<\/h2>\r\n<p>[\/vc_column_text][\/vc_column][vc_column width=&#8221;1\/12&#8243; css=&#8221;.vc_custom_1480063685341{background-image: url(https:\/\/volztapes.com\/wp-content\/uploads\/2016\/11\/zeitstrahl-3.png?id=784) !important;background-position: 0 0 !important;background-repeat: no-repeat !important;}&#8221;][\/vc_column][vc_column width=&#8221;5\/12&#8243;][vc_column_text]Rozpocz\u0119cie budowy nowego budynku produkcyjnego, logistycznego i administracyjnego przy Fischerinsel, Schallstadt.[\/vc_column_text][vc_empty_space height=&#8221;20&#8243;][\/vc_column][vc_column width=&#8221;2\/12&#8243;][\/vc_column][\/vc_row][vc_row el_class=&#8221;equal-height&#8221; css=&#8221;.vc_custom_1480063892515{margin-bottom: 0px !important;padding-bottom: 0px !important;}&#8221;][vc_column width=&#8221;1\/6&#8243;][\/vc_column][vc_column width=&#8221;1\/6&#8243;][vc_column_text]<\/p>\r\n<h2>2015<\/h2>\r\n<p>[\/vc_column_text][\/vc_column][vc_column width=&#8221;1\/12&#8243; css=&#8221;.vc_custom_1480063685341{background-image: url(https:\/\/volztapes.com\/wp-content\/uploads\/2016\/11\/zeitstrahl-3.png?id=784) !important;background-position: 0 0 !important;background-repeat: no-repeat !important;}&#8221;][\/vc_column][vc_column width=&#8221;5\/12&#8243;][vc_column_text]Do\u0142\u0105czenie do AFERA, Stowarzyszenia Europejskich Producent\u00f3w Ta\u015bm Przylepnych[\/vc_column_text][vc_single_image image=&#8221;18015&#8243; img_size=&#8221;full&#8221;][vc_empty_space height=&#8221;20&#8243;][\/vc_column][vc_column width=&#8221;2\/12&#8243;][\/vc_column][\/vc_row][vc_row el_class=&#8221;equal-height&#8221; css=&#8221;.vc_custom_1480063892515{margin-bottom: 0px !important;padding-bottom: 0px !important;}&#8221;][vc_column width=&#8221;1\/6&#8243;][\/vc_column][vc_column width=&#8221;1\/6&#8243;][vc_column_text]<\/p>\r\n<h2>2014<\/h2>\r\n<p>[\/vc_column_text][\/vc_column][vc_column width=&#8221;1\/12&#8243; css=&#8221;.vc_custom_1480063685341{background-image: url(https:\/\/volztapes.com\/wp-content\/uploads\/2016\/11\/zeitstrahl-3.png?id=784) !important;background-position: 0 0 !important;background-repeat: no-repeat !important;}&#8221;][\/vc_column][vc_column width=&#8221;5\/12&#8243;][vc_column_text]Rozpocz\u0119cie opracowywania i produkcji dwustronnych ta\u015bm samoprzylepnych oraz utworzenie w\u0142asnego laboratorium ta\u015bm samoprzylepnych.[\/vc_column_text][vc_empty_space height=&#8221;20&#8243;][\/vc_column][vc_column width=&#8221;2\/12&#8243;][\/vc_column][\/vc_row][vc_row el_class=&#8221;equal-height&#8221; css=&#8221;.vc_custom_1480063892515{margin-bottom: 0px !important;padding-bottom: 0px !important;}&#8221;][vc_column width=&#8221;1\/6&#8243;][\/vc_column][vc_column width=&#8221;1\/6&#8243;][vc_column_text]<\/p>\r\n<h2>2012<\/h2>\r\n<p>[\/vc_column_text][\/vc_column][vc_column width=&#8221;1\/12&#8243; css=&#8221;.vc_custom_1480063685341{background-image: url(https:\/\/volztapes.com\/wp-content\/uploads\/2016\/11\/zeitstrahl-3.png?id=784) !important;background-position: 0 0 !important;background-repeat: no-repeat !important;}&#8221;][\/vc_column][vc_column width=&#8221;5\/12&#8243;][vc_column_text]Volz staje si\u0119 zastrze\u017conym znakiem towarowym.<br \/>\r\nCertyfikat konwertera na li\u015bcie UL.[\/vc_column_text][vc_single_image image=&#8221;18014&#8243; img_size=&#8221;full&#8221;][vc_empty_space height=&#8221;20&#8243;][\/vc_column][vc_column width=&#8221;2\/12&#8243;][\/vc_column][\/vc_row][vc_row el_class=&#8221;equal-height&#8221; css=&#8221;.vc_custom_1480063892515{margin-bottom: 0px !important;padding-bottom: 0px !important;}&#8221;][vc_column width=&#8221;1\/6&#8243;][\/vc_column][vc_column width=&#8221;1\/6&#8243;][vc_column_text]<\/p>\r\n<h2>2010<\/h2>\r\n<p>[\/vc_column_text][\/vc_column][vc_column width=&#8221;1\/12&#8243; css=&#8221;.vc_custom_1480063685341{background-image: url(https:\/\/volztapes.com\/wp-content\/uploads\/2016\/11\/zeitstrahl-3.png?id=784) !important;background-position: 0 0 !important;background-repeat: no-repeat !important;}&#8221;][\/vc_column][vc_column width=&#8221;5\/12&#8243;][vc_column_text]Rozpocz\u0119cie rozwoju i produkcji elektrycznych ta\u015bm samoprzylepnych oraz rozpocz\u0119cie notowania UL produkt\u00f3w z tej gamy.[\/vc_column_text][vc_empty_space height=&#8221;20&#8243;][\/vc_column][vc_column width=&#8221;2\/12&#8243;][\/vc_column][\/vc_row][vc_row el_class=&#8221;equal-height&#8221; css=&#8221;.vc_custom_1480063892515{margin-bottom: 0px !important;padding-bottom: 0px !important;}&#8221;][vc_column width=&#8221;1\/6&#8243;][\/vc_column][vc_column width=&#8221;1\/6&#8243;][vc_column_text]<\/p>\r\n<h2>2009<\/h2>\r\n<p>[\/vc_column_text][\/vc_column][vc_column width=&#8221;1\/12&#8243; css=&#8221;.vc_custom_1480063685341{background-image: url(https:\/\/volztapes.com\/wp-content\/uploads\/2016\/11\/zeitstrahl-3.png?id=784) !important;background-position: 0 0 !important;background-repeat: no-repeat !important;}&#8221;][\/vc_column][vc_column width=&#8221;5\/12&#8243;][vc_column_text]Rozpocz\u0119cie wsp\u00f3\u0142pracy z Intertape Polymer Group w zakresie elektrycznych ta\u015bm samoprzylepnych[\/vc_column_text][vc_single_image image=&#8221;18065&#8243; img_size=&#8221;full&#8221; alignment=&#8221;center&#8221;][vc_empty_space height=&#8221;20&#8243;][\/vc_column][vc_column width=&#8221;2\/12&#8243;][\/vc_column][\/vc_row][vc_row el_class=&#8221;equal-height&#8221; css=&#8221;.vc_custom_1480063892515{margin-bottom: 0px !important;padding-bottom: 0px !important;}&#8221;][vc_column width=&#8221;1\/6&#8243;][\/vc_column][vc_column width=&#8221;1\/6&#8243;][vc_column_text]<\/p>\r\n<h2>2007<\/h2>\r\n<p>[\/vc_column_text][\/vc_column][vc_column width=&#8221;1\/12&#8243; css=&#8221;.vc_custom_1480063685341{background-image: url(https:\/\/volztapes.com\/wp-content\/uploads\/2016\/11\/zeitstrahl-3.png?id=784) !important;background-position: 0 0 !important;background-repeat: no-repeat !important;}&#8221;][\/vc_column][vc_column width=&#8221;5\/12&#8243;][vc_column_text]Volz po raz pierwszy uzyska\u0142 certyfikat ISO zgodnie z norm\u0105 DIN ISO 9001 od DQS[\/vc_column_text][vc_single_image image=&#8221;17993&#8243; img_size=&#8221;medium&#8221; alignment=&#8221;center&#8221;][vc_empty_space height=&#8221;20&#8243;][\/vc_column][vc_column width=&#8221;2\/12&#8243;][\/vc_column][\/vc_row][vc_row el_class=&#8221;equal-height&#8221; css=&#8221;.vc_custom_1480063892515{margin-bottom: 0px !important;padding-bottom: 0px !important;}&#8221;][vc_column width=&#8221;1\/6&#8243;][\/vc_column][vc_column width=&#8221;1\/6&#8243;][vc_column_text]<\/p>\r\n<h2>2006<\/h2>\r\n<p>[\/vc_column_text][\/vc_column][vc_column width=&#8221;1\/12&#8243; css=&#8221;.vc_custom_1480063685341{background-image: url(https:\/\/volztapes.com\/wp-content\/uploads\/2016\/11\/zeitstrahl-3.png?id=784) !important;background-position: 0 0 !important;background-repeat: no-repeat !important;}&#8221;][\/vc_column][vc_column width=&#8221;5\/12&#8243;][vc_column_text]2006 Rozpocz\u0119cie wsp\u00f3\u0142pracy z firm\u0105 Tesa w zakresie przemys\u0142owych ta\u015bm samoprzylepnych, a nast\u0119pnie uzyskanie statusu partnera przemys\u0142owego firmy Tesa.[\/vc_column_text][vc_single_image image=&#8221;17991&#8243; img_size=&#8221;full&#8221; alignment=&#8221;center&#8221;][vc_empty_space height=&#8221;20&#8243;][\/vc_column][vc_column width=&#8221;2\/12&#8243;][\/vc_column][\/vc_row][vc_row el_class=&#8221;equal-height&#8221; css=&#8221;.vc_custom_1480063892515{margin-bottom: 0px !important;padding-bottom: 0px !important;}&#8221;][vc_column width=&#8221;1\/6&#8243;][\/vc_column][vc_column width=&#8221;1\/6&#8243;][vc_column_text]<\/p>\r\n<h2>2005<\/h2>\r\n<p>[\/vc_column_text][\/vc_column][vc_column width=&#8221;1\/12&#8243; css=&#8221;.vc_custom_1480063685341{background-image: url(https:\/\/volztapes.com\/wp-content\/uploads\/2016\/11\/zeitstrahl-3.png?id=784) !important;background-position: 0 0 !important;background-repeat: no-repeat !important;}&#8221;][\/vc_column][vc_column width=&#8221;5\/12&#8243;][vc_column_text]2005 Sprzeda\u017c Volz Verpackungsmittel GmbH Andreasowi Benzowi i Mario Haselwanderowi, tym samym zmiana nazwa firmy na \u201cVolz Selbstklebetechnik GmbH\u201d. Koncentracja na technicznych ta\u015bmach samoprzylepnych, wykrojach samoprzylepnych, a tak\u017ce przetwarzaniu ta\u015bm samoprzylepnych.[\/vc_column_text][vc_single_image image=&#8221;17994&#8243; img_size=&#8221;full&#8221; alignment=&#8221;center&#8221;][vc_empty_space height=&#8221;20&#8243;][\/vc_column][vc_column width=&#8221;2\/12&#8243;][\/vc_column][\/vc_row][vc_row el_class=&#8221;equal-height&#8221; css=&#8221;.vc_custom_1480063892515{margin-bottom: 0px !important;padding-bottom: 0px !important;}&#8221;][vc_column width=&#8221;1\/6&#8243;][\/vc_column][vc_column width=&#8221;1\/6&#8243;][vc_column_text]<\/p>\r\n<h2>1999<\/h2>\r\n<p>[\/vc_column_text][\/vc_column][vc_column width=&#8221;1\/12&#8243; css=&#8221;.vc_custom_1480063685341{background-image: url(https:\/\/volztapes.com\/wp-content\/uploads\/2016\/11\/zeitstrahl-3.png?id=784) !important;background-position: 0 0 !important;background-repeat: no-repeat !important;}&#8221;][\/vc_column][vc_column width=&#8221;5\/12&#8243;][vc_column_text]Przej\u0119cie i zmiana nazwy na Volz Verpackungsmittel GmbH.[\/vc_column_text][vc_empty_space height=&#8221;20&#8243;][\/vc_column][vc_column width=&#8221;2\/12&#8243;][\/vc_column][\/vc_row][vc_row el_class=&#8221;equal-height&#8221; css=&#8221;.vc_custom_1480063804062{margin-bottom: 0px !important;padding-bottom: 0px !important;}&#8221;][vc_column width=&#8221;1\/6&#8243;][\/vc_column][vc_column width=&#8221;1\/6&#8243;][vc_column_text]<\/p>\r\n<h2>1976<\/h2>\r\n<p>[\/vc_column_text][\/vc_column][vc_column width=&#8221;1\/12&#8243; css=&#8221;.vc_custom_1480063685341{background-image: url(https:\/\/volztapes.com\/wp-content\/uploads\/2016\/11\/zeitstrahl-3.png?id=784) !important;background-position: 0 0 !important;background-repeat: no-repeat !important;}&#8221;][\/vc_column][vc_column width=&#8221;5\/12&#8243;][vc_column_text]Firma Volz Klebeb\u00e4nder zosta\u0142a za\u0142o\u017cona przez Hannelore Volz w Endingen \/ Kaiserstuhl. Koncentruje si\u0119 na sprzeda\u017cy ta\u015bm pakowych i maszyn pakuj\u0105cych.[\/vc_column_text][vc_empty_space height=&#8221;20&#8243;][\/vc_column][vc_column width=&#8221;2\/12&#8243;][\/vc_column][\/vc_row]<\/p>\r\n","protected":false},"excerpt":{"rendered":"[vc_row full_width=&#8221;stretch_row&#8221; css=&#8221;.vc_custom_1721723579098{margin-top: -30px !important;padding-top: 100px !important;padding-bottom: 35px !important;background-image: url(https:\/\/volztapes.com\/wp-content\/uploads\/2024\/07\/vt-pl-building-slider_half.png?id=17542) !important;background-position: center !important;background-repeat: no-repeat !important;background-size: cover !important;}&#8221; el_class=&#8221;banner_new&#8221;][vc_column width=&#8221;1\/3&#8243;][vc_custom_heading text=&#8221;HISTORIA&#8221; font_container=&#8221;tag:h2|font_size:40px|text_align:center|color:%23ffffff|line_height:60px&#8221; use_theme_fonts=&#8221;yes&#8221; css=&#8221;.vc_custom_1700206692977{padding-top: 4% !important;padding-right: 4% !important;padding-bottom: 4% !important;padding-left: 4% !important;background-color: rgba(0,162,226,0.8) !important;*background-color: rgb(0,162,226) !important;}&#8221;][\/vc_column][vc_column width=&#8221;1\/3&#8243;][\/vc_column][vc_column width=&#8221;1\/3&#8243;][\/vc_column][\/vc_row][vc_row][vc_column][vc_empty_space height=&#8221;20&#8243;][\/vc_column][\/vc_row][vc_row][vc_column][vc_column_text] Eksperci w dziedzinie technologii samoprzylepnej od 1976 roku [\/vc_column_text][\/vc_column][\/vc_row][vc_row el_class=&#8221;equal-height&#8221; css=&#8221;.vc_custom_1480063892515{margin-bottom: 0px !important;padding-bottom: 0px !important;}&#8221;][vc_column width=&#8221;1\/6&#8243;][\/vc_column][vc_column width=&#8221;1\/6&#8243;][vc_column_text] [&hellip;]","protected":false},"author":5,"featured_media":0,"parent":17479,"menu_order":0,"comment_status":"closed","ping_status":"closed","template":"","meta":{"footnotes":""},"_links":{"self":[{"href":"https:\/\/volztapes.com\/pl\/wp-json\/wp\/v2\/pages\/17519"}],"collection":[{"href":"https:\/\/volztapes.com\/pl\/wp-json\/wp\/v2\/pages"}],"about":[{"href":"https:\/\/volztapes.com\/pl\/wp-json\/wp\/v2\/types\/page"}],"author":[{"embeddable":true,"href":"https:\/\/volztapes.com\/pl\/wp-json\/wp\/v2\/users\/5"}],"replies":[{"embeddable":true,"href":"https:\/\/volztapes.com\/pl\/wp-json\/wp\/v2\/comments?post=17519"}],"version-history":[{"count":8,"href":"https:\/\/volztapes.com\/pl\/wp-json\/wp\/v2\/pages\/17519\/revisions"}],"predecessor-version":[{"id":19264,"href":"https:\/\/volztapes.com\/pl\/wp-json\/wp\/v2\/pages\/17519\/revisions\/19264"}],"up":[{"embeddable":true,"href":"https:\/\/volztapes.com\/pl\/wp-json\/wp\/v2\/pages\/17479"}],"wp:attachment":[{"href":"https:\/\/volztapes.com\/pl\/wp-json\/wp\/v2\/media?parent=17519"}],"curies":[{"name":"wp","href":"https:\/\/api.w.org\/{rel}","templated":true}]}}