{"id":17516,"date":"2024-07-08T10:48:13","date_gmt":"2024-07-08T08:48:13","guid":{"rendered":"https:\/\/volztapes.com\/o-nas\/branza\/"},"modified":"2024-07-16T13:50:14","modified_gmt":"2024-07-16T11:50:14","slug":"branza","status":"publish","type":"page","link":"https:\/\/volztapes.com\/pl\/o-nas\/branza\/","title":{"rendered":"Bran\u017ca"},"content":{"rendered":"[vc_row full_width=&#8221;stretch_row&#8221; css=&#8221;.vc_custom_1490964062401{margin-top: -30px !important;background-image: url(https:\/\/volztapes.com\/wp-content\/uploads\/2016\/11\/bg_title_service.jpg?id=1313) !important;background-position: center !important;background-repeat: no-repeat !important;background-size: cover !important;}&#8221;][vc_column width=&#8221;1\/3&#8243;][vc_custom_heading source=&#8221;post_title&#8221; font_container=&#8221;tag:h1|text_align:left|color:%23ffffff&#8221; use_theme_fonts=&#8221;yes&#8221; css=&#8221;.vc_custom_1490961223486{margin-top: 80px !important;margin-bottom: 80px !important;padding-top: 10px !important;padding-right: 20px !important;padding-bottom: 10px !important;padding-left: 20px !important;background-color: rgba(0,163,222,0.8) !important;*background-color: rgb(0,163,222) !important;}&#8221; el_class=&#8221;bannertitle&#8221;][\/vc_column][vc_column width=&#8221;1\/3&#8243;][\/vc_column][vc_column width=&#8221;1\/3&#8243;][\/vc_column][\/vc_row][vc_row][vc_column][vc_empty_space height=&#8221;20&#8243;][\/vc_column][\/vc_row][vc_row][vc_column width=&#8221;5\/12&#8243;][vc_custom_heading text=&#8221;Indywidualne rozwi\u0105zania samoprzylepne dla wielu bran\u017c&#8221; font_container=&#8221;tag:h2|font_size:32|text_align:left|line_height:1.3&#8243; use_theme_fonts=&#8221;yes&#8221;][vc_column_text]VOLZ\u00aeTAPES jest zaanga\u017cowany w produkcj\u0119 rozwi\u0105za\u0144 o najwy\u017cszym standardzie. Dzi\u0119ki naszemu do\u015bwiadczeniu, ci\u0119\u017ckiej pracy i zaanga\u017cowaniu w zadowolenie klienta, zdobyli\u015bmy zaufanie i szacunek renomowanych firm, instytucji, stowarzysze\u0144 i organizacji z wielu r\u00f3\u017cnych bran\u017c.[\/vc_column_text][vc_column_text]Nasze wysokiej jako\u015bci ta\u015bmy samoprzylepne obs\u0142uguj\u0105 z\u0142o\u017cone aplikacje w wielu sektorach przemys\u0142u, takich jak: Obr\u00f3bka Metali, In\u017cynieria Maszyn, Technologia Medyczna, Motoryzacja, Budownictwo i Handel, Urz\u0105dzenia i HVAC.[\/vc_column_text][\/vc_column][vc_column width=&#8221;7\/12&#8243;][vc_empty_space height=&#8221;20&#8243;][vc_single_image image=&#8221;859&#8243; img_size=&#8221;full&#8221;][vc_empty_space height=&#8221;20&#8243;][vc_column_text]Od 2011 roku VOLZ\u00aeTAPES jest wy\u0142\u0105cznym dostawc\u0105 wszystkich ta\u015bm samoprzylepnych dla niemieckich si\u0142 zbrojnych (Bundeswehry). Ponadto mamy umow\u0119 na wy\u0142\u0105czno\u015b\u0107 z rz\u0105dem federalnym Niemiec na dostarczanie produkt\u00f3w dla niemieckiej policji, s\u0142u\u017cb ratowniczych i innych podmiot\u00f3w federalnych.[\/vc_column_text][vc_custom_heading text=&#8221;Obs\u0142ugujemy klient\u00f3w na ca\u0142ym \u015bwiecie&#8221; font_container=&#8221;tag:h2|font_size:16|text_align:left&#8221; use_theme_fonts=&#8221;yes&#8221;][vc_separator css=&#8221;.vc_custom_1480083721942{margin-bottom: 20px !important;}&#8221;][vc_row_inner css=&#8221;.vc_custom_1480083789066{margin-bottom: 0px !important;padding-bottom: 0px !important;}&#8221;][vc_column_inner offset=&#8221;vc_col-lg-4&#8243;][vc_column_text]W ramach umowy na wy\u0142\u0105czno\u015b\u0107 dostarczamy do ponad 650 lokalizacji na ca\u0142ym \u015bwiecie ponad 130 r\u00f3\u017cnych produkt\u00f3w samoprzylepnych.[\/vc_column_text][\/vc_column_inner][vc_column_inner width=&#8221;1\/2&#8243; offset=&#8221;vc_col-lg-offset-0 vc_col-lg-4 vc_col-xs-6&#8243;]\t\t<div class=\"ts-milestone text-default\" data-number=\"650\">\n\t\t\t<span class=\"number\">\n\t\t\t\t650\t\t\t<\/span>\n\t\t\t<h3 class=\"subject\">\n\t\t\t\tLokalizacji\t\t\t<\/h3>\n\t\t<\/div>\n\t\t[\/vc_column_inner][vc_column_inner width=&#8221;1\/2&#8243; offset=&#8221;vc_col-lg-offset-0 vc_col-lg-4 vc_col-xs-6&#8243;]\t\t<div class=\"ts-milestone text-default\" data-number=\"130\">\n\t\t\t<span class=\"number\">\n\t\t\t\t130\t\t\t<\/span>\n\t\t\t<h3 class=\"subject\">\n\t\t\t\tR\u00f3\u017cne produkty\t\t\t<\/h3>\n\t\t<\/div>\n\t\t[\/vc_column_inner][\/vc_row_inner][vc_separator css=&#8221;.vc_custom_1480083721942{margin-bottom: 20px !important;}&#8221;][\/vc_column][\/vc_row][vc_row][vc_column][vc_row_inner css=&#8221;.vc_custom_1490873329464{margin-right: 10px !important;margin-left: 10px !important;padding-right: 20px !important;padding-bottom: 10px !important;padding-left: 20px !important;background-color: #00a3de !important;}&#8221;][vc_column_inner el_class=&#8221;textfarbe-weiss&#8221;][vc_column_text css=&#8221;.vc_custom_1586162312467{margin-bottom: 0px !important;padding-bottom: 0px !important;}&#8221;]\r\nSkontaktuj si\u0119 z nami i do\u0142\u0105cz do grona naszych zadowolonych klient\u00f3w. Z przyjemno\u015bci\u0105 udzielimy indywidualnych konsultacji, kt\u00f3re pomog\u0105 spe\u0142ni\u0107 zar\u00f3wno standardowe, jak i najbardziej skomplikowane wymagania dotycz\u0105ce produkt\u00f3w samoprzylepnych.[\/vc_column_text]<div class=\"ts-button-wrapper\"><style type=\"text\/css\" scoped>.ts-button-wrapper a.ts-button-1{background:#e41613;border-color:#e8e8e8;border-width:0px ;color:#ffffff;border-radius:0;}.ts-button-wrapper a.ts-button-1:hover{background:#ffffff;border-color:#00a3de;color:#00a3de;}<\/style><a href=\"https:\/\/volztapes.com\/pl\/kontakt\/\" target=\"_self\" class=\"ts-button ts-button-1 medium  \">Formularz kontaktowy<\/a><\/div>[\/vc_column_inner][\/vc_row_inner][\/vc_column][\/vc_row]","protected":false},"excerpt":{"rendered":"[vc_row full_width=&#8221;stretch_row&#8221; css=&#8221;.vc_custom_1490964062401{margin-top: -30px !important;background-image: url(https:\/\/volztapes.com\/wp-content\/uploads\/2016\/11\/bg_title_service.jpg?id=1313) !important;background-position: center !important;background-repeat: no-repeat !important;background-size: cover !important;}&#8221;][vc_column width=&#8221;1\/3&#8243;][vc_custom_heading source=&#8221;post_title&#8221; font_container=&#8221;tag:h1|text_align:left|color:%23ffffff&#8221; use_theme_fonts=&#8221;yes&#8221; css=&#8221;.vc_custom_1490961223486{margin-top: 80px !important;margin-bottom: 80px !important;padding-top: 10px !important;padding-right: 20px !important;padding-bottom: 10px !important;padding-left: 20px !important;background-color: rgba(0,163,222,0.8) !important;*background-color: rgb(0,163,222) !important;}&#8221; el_class=&#8221;bannertitle&#8221;][\/vc_column][vc_column width=&#8221;1\/3&#8243;][\/vc_column][vc_column width=&#8221;1\/3&#8243;][\/vc_column][\/vc_row][vc_row][vc_column][vc_empty_space height=&#8221;20&#8243;][\/vc_column][\/vc_row][vc_row][vc_column width=&#8221;5\/12&#8243;][vc_custom_heading text=&#8221;Indywidualne rozwi\u0105zania samoprzylepne dla wielu bran\u017c&#8221; font_container=&#8221;tag:h2|font_size:32|text_align:left|line_height:1.3&#8243; use_theme_fonts=&#8221;yes&#8221;][vc_column_text]VOLZ\u00aeTAPES jest zaanga\u017cowany w produkcj\u0119 rozwi\u0105za\u0144 o najwy\u017cszym standardzie. [&hellip;]","protected":false},"author":37,"featured_media":0,"parent":17479,"menu_order":0,"comment_status":"closed","ping_status":"closed","template":"","meta":{"footnotes":""},"_links":{"self":[{"href":"https:\/\/volztapes.com\/pl\/wp-json\/wp\/v2\/pages\/17516"}],"collection":[{"href":"https:\/\/volztapes.com\/pl\/wp-json\/wp\/v2\/pages"}],"about":[{"href":"https:\/\/volztapes.com\/pl\/wp-json\/wp\/v2\/types\/page"}],"author":[{"embeddable":true,"href":"https:\/\/volztapes.com\/pl\/wp-json\/wp\/v2\/users\/37"}],"replies":[{"embeddable":true,"href":"https:\/\/volztapes.com\/pl\/wp-json\/wp\/v2\/comments?post=17516"}],"version-history":[{"count":4,"href":"https:\/\/volztapes.com\/pl\/wp-json\/wp\/v2\/pages\/17516\/revisions"}],"predecessor-version":[{"id":17905,"href":"https:\/\/volztapes.com\/pl\/wp-json\/wp\/v2\/pages\/17516\/revisions\/17905"}],"up":[{"embeddable":true,"href":"https:\/\/volztapes.com\/pl\/wp-json\/wp\/v2\/pages\/17479"}],"wp:attachment":[{"href":"https:\/\/volztapes.com\/pl\/wp-json\/wp\/v2\/media?parent=17516"}],"curies":[{"name":"wp","href":"https:\/\/api.w.org\/{rel}","templated":true}]}}