{"id":17513,"date":"2024-07-08T10:43:48","date_gmt":"2024-07-08T08:43:48","guid":{"rendered":"https:\/\/volztapes.com\/kariera\/"},"modified":"2024-07-18T10:17:31","modified_gmt":"2024-07-18T08:17:31","slug":"kariera-2","status":"publish","type":"page","link":"https:\/\/volztapes.com\/pl\/kariera-2\/","title":{"rendered":"Kariera"},"content":{"rendered":"[vc_row full_width=&#8221;stretch_row&#8221; css=&#8221;.vc_custom_1721133502364{margin-top: -30px !important;padding-top: 100px !important;padding-bottom: 35px !important;background-image: url(https:\/\/volztapes.com\/wp-content\/uploads\/2024\/07\/vt-pl-building-slider_half.png?id=17542) !important;background-position: center !important;background-repeat: no-repeat !important;background-size: cover !important;}&#8221; el_class=&#8221;banner_new&#8221;][vc_column width=&#8221;1\/3&#8243;][vc_custom_heading text=&#8221;KARIERA&#8221; font_container=&#8221;tag:h2|font_size:35px|text_align:left|color:%23ffffff|line_height:60px&#8221; use_theme_fonts=&#8221;yes&#8221; css=&#8221;.vc_custom_1708701066589{margin-right: 0px !important;padding-top: 4% !important;padding-right: 0px !important;padding-bottom: 4% !important;padding-left: 4% !important;background-color: rgba(0,162,226,0.8) !important;*background-color: rgb(0,162,226) !important;}&#8221;][\/vc_column][vc_column width=&#8221;1\/3&#8243;][\/vc_column][vc_column width=&#8221;1\/3&#8243;][\/vc_column][\/vc_row][vc_row][vc_column][vc_empty_space height=&#8221;64&#8243;][vc_column_text]\r\n<h2>DO\u0141\u0104CZ DO NASZEGO ZESPO\u0141U<\/h2>\r\n[\/vc_column_text][vc_column_text]\r\nWiemy, \u017ce sercem naszego sukcesu jest nasz zesp\u00f3\u0142. Dobre wyniki mo\u017cna osi\u0105gn\u0105\u0107 tylko dzi\u0119ki silnemu zespo\u0142owi, kt\u00f3ry wsp\u00f3lnie d\u0105\u017cy do osi\u0105gni\u0119cia wsp\u00f3lnych cel\u00f3w. Dlatego z pasj\u0105 tworzymy miejsce pracy, kt\u00f3re sprzyja motywacji pracownik\u00f3w, indywidualnemu rozwojowi i osobistej satysfakcji.\r\n[\/vc_column_text][vc_column_text]Zawsze szukamy nowych talent\u00f3w, aby wzmocni\u0107 nasz zesp\u00f3\u0142. Aplikacje s\u0105 mile widziane, prosimy przesy\u0142a\u0107 poczt\u0105 elektroniczn\u0105 na adres:\r\n\r\n<a href=\"mailto:m.zyk@volztapes.pl\">m.zyk@volztapes.pl<\/a>[\/vc_column_text][\/vc_column][\/vc_row][vc_row][vc_column width=&#8221;1\/2&#8243;][\/vc_column][vc_column width=&#8221;1\/2&#8243;][vc_column_text]\r\n\r\n[\/vc_column_text][\/vc_column][\/vc_row][vc_row][vc_column][vc_empty_space][\/vc_column][\/vc_row]","protected":false},"excerpt":{"rendered":"[vc_row full_width=&#8221;stretch_row&#8221; css=&#8221;.vc_custom_1721133502364{margin-top: -30px !important;padding-top: 100px !important;padding-bottom: 35px !important;background-image: url(https:\/\/volztapes.com\/wp-content\/uploads\/2024\/07\/vt-pl-building-slider_half.png?id=17542) !important;background-position: center !important;background-repeat: no-repeat !important;background-size: cover !important;}&#8221; el_class=&#8221;banner_new&#8221;][vc_column width=&#8221;1\/3&#8243;][vc_custom_heading text=&#8221;KARIERA&#8221; font_container=&#8221;tag:h2|font_size:35px|text_align:left|color:%23ffffff|line_height:60px&#8221; use_theme_fonts=&#8221;yes&#8221; css=&#8221;.vc_custom_1708701066589{margin-right: 0px !important;padding-top: 4% !important;padding-right: 0px !important;padding-bottom: 4% !important;padding-left: 4% !important;background-color: rgba(0,162,226,0.8) !important;*background-color: rgb(0,162,226) !important;}&#8221;][\/vc_column][vc_column width=&#8221;1\/3&#8243;][\/vc_column][vc_column width=&#8221;1\/3&#8243;][\/vc_column][\/vc_row][vc_row][vc_column][vc_empty_space height=&#8221;64&#8243;][vc_column_text] DO\u0141\u0104CZ DO NASZEGO ZESPO\u0141U [\/vc_column_text][vc_column_text] Wiemy, \u017ce sercem naszego sukcesu jest nasz zesp\u00f3\u0142. Dobre wyniki [&hellip;]","protected":false},"author":27,"featured_media":0,"parent":0,"menu_order":0,"comment_status":"closed","ping_status":"closed","template":"","meta":{"footnotes":""},"_links":{"self":[{"href":"https:\/\/volztapes.com\/pl\/wp-json\/wp\/v2\/pages\/17513"}],"collection":[{"href":"https:\/\/volztapes.com\/pl\/wp-json\/wp\/v2\/pages"}],"about":[{"href":"https:\/\/volztapes.com\/pl\/wp-json\/wp\/v2\/types\/page"}],"author":[{"embeddable":true,"href":"https:\/\/volztapes.com\/pl\/wp-json\/wp\/v2\/users\/27"}],"replies":[{"embeddable":true,"href":"https:\/\/volztapes.com\/pl\/wp-json\/wp\/v2\/comments?post=17513"}],"version-history":[{"count":9,"href":"https:\/\/volztapes.com\/pl\/wp-json\/wp\/v2\/pages\/17513\/revisions"}],"predecessor-version":[{"id":19239,"href":"https:\/\/volztapes.com\/pl\/wp-json\/wp\/v2\/pages\/17513\/revisions\/19239"}],"wp:attachment":[{"href":"https:\/\/volztapes.com\/pl\/wp-json\/wp\/v2\/media?parent=17513"}],"curies":[{"name":"wp","href":"https:\/\/api.w.org\/{rel}","templated":true}]}}