{"id":17479,"date":"2024-07-04T15:51:25","date_gmt":"2024-07-04T13:51:25","guid":{"rendered":"https:\/\/volztapes.com\/o-nas\/"},"modified":"2024-07-16T14:46:30","modified_gmt":"2024-07-16T12:46:30","slug":"o-nas","status":"publish","type":"page","link":"https:\/\/volztapes.com\/pl\/o-nas\/","title":{"rendered":"O nas"},"content":{"rendered":"<p>[vc_row full_width=&#8221;stretch_row&#8221; el_class=&#8221;banner_new&#8221; css=&#8221;.vc_custom_1721133931456{margin-top: -30px !important;padding-top: 100px !important;padding-bottom: 35px !important;background-image: url(https:\/\/volztapes.com\/wp-content\/uploads\/2024\/07\/vt-pl-building-slider_half.png?id=17542) !important;background-position: center !important;background-repeat: no-repeat !important;background-size: cover !important;}&#8221;][vc_column width=&#8221;1\/4&#8243;][vc_custom_heading text=&#8221;O NAS&#8221; font_container=&#8221;tag:h2|font_size:35px|text_align:left|color:%23ffffff|line_height:60px&#8221; use_theme_fonts=&#8221;yes&#8221; css=&#8221;.vc_custom_1721133988210{margin-right: 0px !important;padding-top: 4% !important;padding-right: 4% !important;padding-bottom: 4% !important;padding-left: 4% !important;background-color: rgba(0,162,226,0.8) !important;*background-color: rgb(0,162,226) !important;}&#8221;][\/vc_column][vc_column width=&#8221;1\/4&#8243;][\/vc_column][vc_column width=&#8221;1\/4&#8243;][\/vc_column][vc_column width=&#8221;1\/4&#8243;][\/vc_column][\/vc_row][vc_row][vc_column][vc_empty_space][\/vc_column][\/vc_row][vc_row][vc_column width=&#8221;1\/2&#8243;][vc_column_text]Mo\u017cesz polega\u0107 na wszechstronnej wiedzy VOLZ\u00ae TAPES w zakresie technologii samoprzylepnych. Nasze zespo\u0142y ds. sprzeda\u017cy i produkcji posiadaj\u0105 wieloletnie do\u015bwiadczenie w bran\u017cy ta\u015bm samoprzylepnych oraz niestandardowych, sztancowanych wykroj\u00f3w samoprzylepnych. Zapewniaj\u0105c osobiste konsultacje i bie\u017c\u0105ce, bezpo\u015brednie wsparcie, jeste\u015bmy zaanga\u017cowani w opracowywanie rozwi\u0105za\u0144 o najwy\u017cszej jako\u015bci i elastyczno\u015bci, aby spe\u0142ni\u0107 wszystkie wymagania operacyjne.[\/vc_column_text][\/vc_column][vc_column width=&#8221;1\/2&#8243;][vc_column_text]Od 2010 roku VOLZ\u00ae TAPES produkuje w\u0142asn\u0105 lini\u0119 elektrycznych ta\u015bm samoprzylepnych, rozszerzaj\u0105c j\u0105 w 2014 roku o ta\u015bmy dwustronne. Opr\u00f3cz naszych w\u0142asnych produkt\u00f3w, dostarczamy szerok\u0105 gam\u0119 standardowych i specjalistycznych produkt\u00f3w najlepszych producent\u00f3w w bran\u017cy. Po\u015bwi\u0119caj\u0105c ostatnie kilkadziesi\u0105t lat na rozw\u00f3j naszych kluczowych kompetencji w obszarach powlekania, konwertowania i dystrybucji, firma VOLZ\u00ae TAPES przekszta\u0142ci\u0142a si\u0119 z wy\u0142\u0105cznego dystrybutora w specjalist\u0119 bran\u017cowego dostarczaj\u0105cego niestandardowe rozwi\u0105zania samoprzylepne.[\/vc_column_text][vc_column_text]Naszym g\u0142\u00f3wnym priorytetem jest zaspokajanie indywidualnego zapotrzebowania na innowacyjne, wysokiej klasy i op\u0142acalne rozwi\u0105zania w zakresie ta\u015bm samoprzylepnych. Zawsze staramy si\u0119 budowa\u0107 trwa\u0142\u0105 wi\u0119\u017a z naszymi klientami i naszymi produktami![\/vc_column_text][\/vc_column][\/vc_row][vc_row][vc_column][vc_column_text]<\/p>\r\n<p>&nbsp;[\/vc_column_text][\/vc_column][\/vc_row]<\/p>\r\n","protected":false},"excerpt":{"rendered":"[vc_row full_width=&#8221;stretch_row&#8221; el_class=&#8221;banner_new&#8221; css=&#8221;.vc_custom_1721133931456{margin-top: -30px !important;padding-top: 100px !important;padding-bottom: 35px !important;background-image: url(https:\/\/volztapes.com\/wp-content\/uploads\/2024\/07\/vt-pl-building-slider_half.png?id=17542) !important;background-position: center !important;background-repeat: no-repeat !important;background-size: cover !important;}&#8221;][vc_column width=&#8221;1\/4&#8243;][vc_custom_heading text=&#8221;O NAS&#8221; font_container=&#8221;tag:h2|font_size:35px|text_align:left|color:%23ffffff|line_height:60px&#8221; use_theme_fonts=&#8221;yes&#8221; css=&#8221;.vc_custom_1721133988210{margin-right: 0px !important;padding-top: 4% !important;padding-right: 4% !important;padding-bottom: 4% !important;padding-left: 4% !important;background-color: rgba(0,162,226,0.8) !important;*background-color: rgb(0,162,226) !important;}&#8221;][\/vc_column][vc_column width=&#8221;1\/4&#8243;][\/vc_column][vc_column width=&#8221;1\/4&#8243;][\/vc_column][vc_column width=&#8221;1\/4&#8243;][\/vc_column][\/vc_row][vc_row][vc_column][vc_empty_space][\/vc_column][\/vc_row][vc_row][vc_column width=&#8221;1\/2&#8243;][vc_column_text]Mo\u017cesz polega\u0107 na wszechstronnej wiedzy VOLZ\u00ae TAPES w zakresie technologii samoprzylepnych. Nasze zespo\u0142y ds. [&hellip;]","protected":false},"author":37,"featured_media":0,"parent":0,"menu_order":0,"comment_status":"closed","ping_status":"closed","template":"","meta":{"footnotes":""},"_links":{"self":[{"href":"https:\/\/volztapes.com\/pl\/wp-json\/wp\/v2\/pages\/17479"}],"collection":[{"href":"https:\/\/volztapes.com\/pl\/wp-json\/wp\/v2\/pages"}],"about":[{"href":"https:\/\/volztapes.com\/pl\/wp-json\/wp\/v2\/types\/page"}],"author":[{"embeddable":true,"href":"https:\/\/volztapes.com\/pl\/wp-json\/wp\/v2\/users\/37"}],"replies":[{"embeddable":true,"href":"https:\/\/volztapes.com\/pl\/wp-json\/wp\/v2\/comments?post=17479"}],"version-history":[{"count":13,"href":"https:\/\/volztapes.com\/pl\/wp-json\/wp\/v2\/pages\/17479\/revisions"}],"predecessor-version":[{"id":17904,"href":"https:\/\/volztapes.com\/pl\/wp-json\/wp\/v2\/pages\/17479\/revisions\/17904"}],"wp:attachment":[{"href":"https:\/\/volztapes.com\/pl\/wp-json\/wp\/v2\/media?parent=17479"}],"curies":[{"name":"wp","href":"https:\/\/api.w.org\/{rel}","templated":true}]}}