{"id":17422,"date":"2024-06-27T14:31:22","date_gmt":"2024-06-27T12:31:22","guid":{"rendered":"https:\/\/volztapes.com\/najnowsze-wiadomosci\/"},"modified":"2024-11-04T16:53:27","modified_gmt":"2024-11-04T15:53:27","slug":"najnowsze-wiadomosci","status":"publish","type":"page","link":"https:\/\/volztapes.com\/pl\/najnowsze-wiadomosci\/","title":{"rendered":"Najnowsze wiadomo\u015bci"},"content":{"rendered":"[vc_row][vc_column][vc_empty_space height=&#8221;20&#8243;][vc_column_text]\r\n<h1>VOLZ\u00ae TAPES na bie\u017c\u0105co<\/h1>\r\nChcesz by\u0107 na bie\u017c\u0105co z najnowszymi wiadomo\u015bciami na temat VOLZ\u00ae TAPES i bran\u017cy ta\u015bm samoprzylepnych? Tutaj regularnie znajdziesz najnowsze informacje o nas, naszych rozwi\u0105zaniach samoprzylepnych oraz nowych projektach, partnerstwach i klientach.[\/vc_column_text][\/vc_column][\/vc_row][vc_row][vc_column]\t\t\t<div class=\"ts-blogs-wrapper ts-shortcode ts-blogs\" data-atts=\"{&quot;title&quot;:&quot;&quot;,&quot;columns&quot;:3,&quot;categories&quot;:&quot;&quot;,&quot;per_page&quot;:&quot;5&quot;,&quot;orderby&quot;:&quot;date&quot;,&quot;order&quot;:&quot;DESC&quot;,&quot;style&quot;:1,&quot;show_title&quot;:&quot;1&quot;,&quot;show_thumbnail&quot;:&quot;1&quot;,&quot;show_author&quot;:&quot;0&quot;,&quot;show_date&quot;:&quot;0&quot;,&quot;show_comment&quot;:&quot;0&quot;,&quot;show_excerpt&quot;:&quot;1&quot;,&quot;show_readmore&quot;:&quot;0&quot;,&quot;excerpt_words&quot;:20,&quot;is_slider&quot;:0,&quot;show_nav&quot;:&quot;1&quot;,&quot;auto_play&quot;:&quot;1&quot;,&quot;margin&quot;:30,&quot;is_masonry&quot;:0,&quot;show_load_more&quot;:&quot;1&quot;}\">\n\t\t\t\t\t\t\t\t<div class=\"content-wrapper\">\n\t\t\t\t\t<div class=\"blogs\">\n\t\t\t\t\t\t\t\t\t\t<article class=\"item  ts-col-8 first\">\n\t\t\t\t\t<div class=\"thumbnail-content\">\n\t\t\t\t\t\t\t\t\t\t\t\t\t\t\t\t\t\t\t\t\t<a class=\"thumbnail  \" href=\"https:\/\/volztapes.com\/pl\/odwiedz-volz-tapes-polska-na-coil-expo-12-14-maja-2026\/\">\n\t\t\t\t\t\t\t\t\t<figure>\n\t\t\t\t\t\t\t\t\t<img loading=\"lazy\" decoding=\"async\" width=\"590\" height=\"84\" src=\"https:\/\/volztapes.com\/wp-content\/uploads\/2026\/03\/Coil-Expo-Teaser-590x84.png\" class=\"attachment-ts_blog_shortcode_thumb size-ts_blog_shortcode_thumb wp-post-image\" alt=\"\" \/>\t\t\t\t\t\t\t\t\t<\/figure>\n\t\t\t\t\t\t\t\t\t<div class=\"effect-thumbnail\"><\/div>\n\t\t\t\t\t\t\t\t<\/a>\n\t\t\t\t\t\t\t\t\n\t\t\t\t\t\t\t\t\n\t\t\t\t\t\t\t\t\t\t\t\t\t<!-- Blog Date -->\n\t\t\t\t\t\t\t\t\t\t\t<\/div>\n\t\t\t\t\t\n\t\t\t\t\t\t\t\t\t\t\t\n\t\t\t\t\t<div class=\"content-meta\">\n\t\t\t\t\t\n\t\t\t\t\t\t<header>\n\t\t\t\t\t\t\t<!-- Blog Title -->\n\t\t\t\t\t\t\t\t\t\t\t\t\t\t<h3 class=\"heading-title blog-title entry-title\"><a href=\"https:\/\/volztapes.com\/pl\/odwiedz-volz-tapes-polska-na-coil-expo-12-14-maja-2026\/\">Odwied\u017a Volz Tapes Polska na Coil Expo 12-14 maja 2026!<\/a><\/h3>\n\t\t\t\t\t\t\t\t\t\t\t\t\t\t\n\t\t\t\t\t\t\t<!-- Blog Date Time -->\n\t\t\t\t\t\t\t\t\t\t\t\t\t<\/header>\n\t\t\t\t\t\t\n\t\t\t\t\t\t\t\t\t\t\t\t<div class=\"excerpt\">Odwied\u017a Volz Tapes Polska na Coil Expo 12-14 maja 2026!<\/div>\n\t\t\t\t\t\t\t\t\t\t\t\t\n\t\t\t\t\t\t\t\t\t\t\t\t\n\t\t\t\t\t\t<!-- Blog Author -->\n\t\t\t\t\t\t\t\t\t\t\t\t\n\t\t\t\t\t\t<!-- Blog Comment -->\n\t\t\t\t\t\t\t\t\t\t\t\t\n\t\t\t\t\t<\/div>\n\t\t\t\t\t\t\n\t\t\t\t\t\t\t\t\t\t\n\t\t\t\t<\/article>\n\t\t\t\t\t\t\t<article class=\"item  ts-col-8 \">\n\t\t\t\t\t<div class=\"thumbnail-content\">\n\t\t\t\t\t\t\t\t\t\t\t\t\t\t\t\t\t\t\t\t\t<a class=\"thumbnail  \" href=\"https:\/\/volztapes.com\/pl\/zapraszamy-na-targi-coiltech-augsburg\/\">\n\t\t\t\t\t\t\t\t\t<figure>\n\t\t\t\t\t\t\t\t\t<img loading=\"lazy\" decoding=\"async\" width=\"500\" height=\"103\" src=\"https:\/\/volztapes.com\/wp-content\/uploads\/2021\/12\/Coiltech-Augs_de_-big-bannerp2.png\" class=\"attachment-ts_blog_shortcode_thumb size-ts_blog_shortcode_thumb wp-post-image\" alt=\"\" \/>\t\t\t\t\t\t\t\t\t<\/figure>\n\t\t\t\t\t\t\t\t\t<div class=\"effect-thumbnail\"><\/div>\n\t\t\t\t\t\t\t\t<\/a>\n\t\t\t\t\t\t\t\t\n\t\t\t\t\t\t\t\t\n\t\t\t\t\t\t\t\t\t\t\t\t\t<!-- Blog Date -->\n\t\t\t\t\t\t\t\t\t\t\t<\/div>\n\t\t\t\t\t\n\t\t\t\t\t\t\t\t\t\t\t\n\t\t\t\t\t<div class=\"content-meta\">\n\t\t\t\t\t\n\t\t\t\t\t\t<header>\n\t\t\t\t\t\t\t<!-- Blog Title -->\n\t\t\t\t\t\t\t\t\t\t\t\t\t\t<h3 class=\"heading-title blog-title entry-title\"><a href=\"https:\/\/volztapes.com\/pl\/zapraszamy-na-targi-coiltech-augsburg\/\">Zapraszamy na Targi Coiltech Augsburg!<\/a><\/h3>\n\t\t\t\t\t\t\t\t\t\t\t\t\t\t\n\t\t\t\t\t\t\t<!-- Blog Date Time -->\n\t\t\t\t\t\t\t\t\t\t\t\t\t<\/header>\n\t\t\t\t\t\t\n\t\t\t\t\t\t\t\t\t\t\t\t<div class=\"excerpt\">Zapraszamy na Targi Coiltech Augsburg! Coiltech zawsze oferuje doskona\u0142\u0105 okazj\u0119 do nawi\u0105zania kontakt\u00f3w z producentami i deweloperami silnik\u00f3w elektrycznych, generator\u00f3w,<\/div>\n\t\t\t\t\t\t\t\t\t\t\t\t\n\t\t\t\t\t\t\t\t\t\t\t\t\n\t\t\t\t\t\t<!-- Blog Author -->\n\t\t\t\t\t\t\t\t\t\t\t\t\n\t\t\t\t\t\t<!-- Blog Comment -->\n\t\t\t\t\t\t\t\t\t\t\t\t\n\t\t\t\t\t<\/div>\n\t\t\t\t\t\t\n\t\t\t\t\t\t\t\t\t\t\n\t\t\t\t<\/article>\n\t\t\t\t\t\t\t<article class=\"item  ts-col-8 last\">\n\t\t\t\t\t<div class=\"thumbnail-content\">\n\t\t\t\t\t\t\t\t\t\t\t\t\t\t\t\t\t\t\t\t\t<a class=\"thumbnail  \" href=\"https:\/\/volztapes.com\/pl\/dolacz-do-nas-podczas-21-edycji-remadays-warsaw-w-dniach-27-29-01-2026-r\/\">\n\t\t\t\t\t\t\t\t\t<figure>\n\t\t\t\t\t\t\t\t\t<img loading=\"lazy\" decoding=\"async\" width=\"500\" height=\"352\" src=\"https:\/\/volztapes.com\/wp-content\/uploads\/2026\/01\/Zaproszenie-na-targi-REMA-DAYS-2026-500x352.png\" class=\"attachment-ts_blog_shortcode_thumb size-ts_blog_shortcode_thumb wp-post-image\" alt=\"\" \/>\t\t\t\t\t\t\t\t\t<\/figure>\n\t\t\t\t\t\t\t\t\t<div class=\"effect-thumbnail\"><\/div>\n\t\t\t\t\t\t\t\t<\/a>\n\t\t\t\t\t\t\t\t\n\t\t\t\t\t\t\t\t\n\t\t\t\t\t\t\t\t\t\t\t\t\t<!-- Blog Date -->\n\t\t\t\t\t\t\t\t\t\t\t<\/div>\n\t\t\t\t\t\n\t\t\t\t\t\t\t\t\t\t\t\n\t\t\t\t\t<div class=\"content-meta\">\n\t\t\t\t\t\n\t\t\t\t\t\t<header>\n\t\t\t\t\t\t\t<!-- Blog Title -->\n\t\t\t\t\t\t\t\t\t\t\t\t\t\t<h3 class=\"heading-title blog-title entry-title\"><a href=\"https:\/\/volztapes.com\/pl\/dolacz-do-nas-podczas-21-edycji-remadays-warsaw-w-dniach-27-29-01-2026-r\/\">Do\u0142\u0105cz do nas podczas 21 edycji RemaDays Warsaw w dniach 27.- 29.01.2026 r.<\/a><\/h3>\n\t\t\t\t\t\t\t\t\t\t\t\t\t\t\n\t\t\t\t\t\t\t<!-- Blog Date Time -->\n\t\t\t\t\t\t\t\t\t\t\t\t\t<\/header>\n\t\t\t\t\t\t\n\t\t\t\t\t\t\t\t\t\t\t\t<div class=\"excerpt\">Do\u0142\u0105cz do nas podczas 21 edycji RemaDays Warsaw w dniach 27.-29.01.2026\u00a0r. Targi RemaDays Warsaw to najwi\u0119ksze reklamy i poligrafii w<\/div>\n\t\t\t\t\t\t\t\t\t\t\t\t\n\t\t\t\t\t\t\t\t\t\t\t\t\n\t\t\t\t\t\t<!-- Blog Author -->\n\t\t\t\t\t\t\t\t\t\t\t\t\n\t\t\t\t\t\t<!-- Blog Comment -->\n\t\t\t\t\t\t\t\t\t\t\t\t\n\t\t\t\t\t<\/div>\n\t\t\t\t\t\t\n\t\t\t\t\t\t\t\t\t\t\n\t\t\t\t<\/article>\n\t\t\t\t\t\t\t<article class=\"item  ts-col-8 first\">\n\t\t\t\t\t<div class=\"thumbnail-content\">\n\t\t\t\t\t\t\t\t\t\t\t\t\t\t\t\t\t\t\t\t\t<a class=\"thumbnail  \" href=\"https:\/\/volztapes.com\/pl\/tesa-74515-lse-transfer-mounting-tape\/\">\n\t\t\t\t\t\t\t\t\t<figure>\n\t\t\t\t\t\t\t\t\t<img loading=\"lazy\" decoding=\"async\" width=\"590\" height=\"352\" src=\"https:\/\/volztapes.com\/wp-content\/uploads\/2025\/12\/tesa-74515_News-Foto-590x352.png\" class=\"attachment-ts_blog_shortcode_thumb size-ts_blog_shortcode_thumb wp-post-image\" alt=\"\" \/>\t\t\t\t\t\t\t\t\t<\/figure>\n\t\t\t\t\t\t\t\t\t<div class=\"effect-thumbnail\"><\/div>\n\t\t\t\t\t\t\t\t<\/a>\n\t\t\t\t\t\t\t\t\n\t\t\t\t\t\t\t\t\n\t\t\t\t\t\t\t\t\t\t\t\t\t<!-- Blog Date -->\n\t\t\t\t\t\t\t\t\t\t\t<\/div>\n\t\t\t\t\t\n\t\t\t\t\t\t\t\t\t\t\t\n\t\t\t\t\t<div class=\"content-meta\">\n\t\t\t\t\t\n\t\t\t\t\t\t<header>\n\t\t\t\t\t\t\t<!-- Blog Title -->\n\t\t\t\t\t\t\t\t\t\t\t\t\t\t<h3 class=\"heading-title blog-title entry-title\"><a href=\"https:\/\/volztapes.com\/pl\/tesa-74515-lse-transfer-mounting-tape\/\">tesa\u00ae 74515 przezroczysta ta\u015bma transferowa LSE<\/a><\/h3>\n\t\t\t\t\t\t\t\t\t\t\t\t\t\t\n\t\t\t\t\t\t\t<!-- Blog Date Time -->\n\t\t\t\t\t\t\t\t\t\t\t\t\t<\/header>\n\t\t\t\t\t\t\n\t\t\t\t\t\t\t\t\t\t\t\t<div class=\"excerpt\">tesa\u00ae 74515 przezroczysta ta\u015bma transferowa LSE tesa\u00ae 74515 to przezroczysta dwustronna ta\u015bma transferowa o grubo\u015bci 125 \u03bcm przeznaczona do wysokowydajnego<\/div>\n\t\t\t\t\t\t\t\t\t\t\t\t\n\t\t\t\t\t\t\t\t\t\t\t\t\n\t\t\t\t\t\t<!-- Blog Author -->\n\t\t\t\t\t\t\t\t\t\t\t\t\n\t\t\t\t\t\t<!-- Blog Comment -->\n\t\t\t\t\t\t\t\t\t\t\t\t\n\t\t\t\t\t<\/div>\n\t\t\t\t\t\t\n\t\t\t\t\t\t\t\t\t\t\n\t\t\t\t<\/article>\n\t\t\t\t\t\t\t<article class=\"item  ts-col-8 \">\n\t\t\t\t\t<div class=\"thumbnail-content\">\n\t\t\t\t\t\t\t\t\t\t\t\t\t\t\t\t\t\t\t\t\t<a class=\"thumbnail  \" href=\"https:\/\/volztapes.com\/pl\/tesa4950-lse-filmic-mounting-tape\/\">\n\t\t\t\t\t\t\t\t\t<figure>\n\t\t\t\t\t\t\t\t\t<img loading=\"lazy\" decoding=\"async\" width=\"590\" height=\"352\" src=\"https:\/\/volztapes.com\/wp-content\/uploads\/2025\/12\/tesa-4950_News-foto-590x352.png\" class=\"attachment-ts_blog_shortcode_thumb size-ts_blog_shortcode_thumb wp-post-image\" alt=\"\" \/>\t\t\t\t\t\t\t\t\t<\/figure>\n\t\t\t\t\t\t\t\t\t<div class=\"effect-thumbnail\"><\/div>\n\t\t\t\t\t\t\t\t<\/a>\n\t\t\t\t\t\t\t\t\n\t\t\t\t\t\t\t\t\n\t\t\t\t\t\t\t\t\t\t\t\t\t<!-- Blog Date -->\n\t\t\t\t\t\t\t\t\t\t\t<\/div>\n\t\t\t\t\t\n\t\t\t\t\t\t\t\t\t\t\t\n\t\t\t\t\t<div class=\"content-meta\">\n\t\t\t\t\t\n\t\t\t\t\t\t<header>\n\t\t\t\t\t\t\t<!-- Blog Title -->\n\t\t\t\t\t\t\t\t\t\t\t\t\t\t<h3 class=\"heading-title blog-title entry-title\"><a href=\"https:\/\/volztapes.com\/pl\/tesa4950-lse-filmic-mounting-tape\/\">tesa\u00ae4950 &#8211; dwustronna przezroczysta ta\u015bma foliowa PET LSE<\/a><\/h3>\n\t\t\t\t\t\t\t\t\t\t\t\t\t\t\n\t\t\t\t\t\t\t<!-- Blog Date Time -->\n\t\t\t\t\t\t\t\t\t\t\t\t\t<\/header>\n\t\t\t\t\t\t\n\t\t\t\t\t\t\t\t\t\t\t\t<div class=\"excerpt\">tesa\u00ae4950 &#8211; dwustronna przezroczysta ta\u015bma foliowa PET LSE tesa\u00ae 4950 to dwustronna przezroczysta ta\u015bma z folii PET o doskona\u0142ej wydajno\u015bci,<\/div>\n\t\t\t\t\t\t\t\t\t\t\t\t\n\t\t\t\t\t\t\t\t\t\t\t\t\n\t\t\t\t\t\t<!-- Blog Author -->\n\t\t\t\t\t\t\t\t\t\t\t\t\n\t\t\t\t\t\t<!-- Blog Comment -->\n\t\t\t\t\t\t\t\t\t\t\t\t\n\t\t\t\t\t<\/div>\n\t\t\t\t\t\t\n\t\t\t\t\t\t\t\t\t\t\n\t\t\t\t<\/article>\n\t\t\t\t\t\t\t\t<\/div>\n\t\t\t\t\t\t\t\t\t\t<div class=\"load-more-wrapper\">\n\t\t\t\t\t\t<a href=\"#\" class=\"load-more button\" data-paged=\"2\">Weiter anzeigen<\/a>\n\t\t\t\t\t<\/div>\n\t\t\t\t\t\t\t\t\t<\/div>\n\t\t\t<\/div>\n\t\t[\/vc_column][\/vc_row]","protected":false},"excerpt":{"rendered":"[vc_row][vc_column][vc_empty_space height=&#8221;20&#8243;][vc_column_text] VOLZ\u00ae TAPES na bie\u017c\u0105co Chcesz by\u0107 na bie\u017c\u0105co z najnowszymi wiadomo\u015bciami na temat VOLZ\u00ae TAPES i bran\u017cy ta\u015bm samoprzylepnych? Tutaj regularnie znajdziesz najnowsze informacje o nas, naszych rozwi\u0105zaniach samoprzylepnych oraz nowych projektach, partnerstwach i klientach.[\/vc_column_text][\/vc_column][\/vc_row][vc_row][vc_column][\/vc_column][\/vc_row]","protected":false},"author":37,"featured_media":21622,"parent":0,"menu_order":0,"comment_status":"closed","ping_status":"closed","template":"","meta":{"footnotes":""},"_links":{"self":[{"href":"https:\/\/volztapes.com\/pl\/wp-json\/wp\/v2\/pages\/17422"}],"collection":[{"href":"https:\/\/volztapes.com\/pl\/wp-json\/wp\/v2\/pages"}],"about":[{"href":"https:\/\/volztapes.com\/pl\/wp-json\/wp\/v2\/types\/page"}],"author":[{"embeddable":true,"href":"https:\/\/volztapes.com\/pl\/wp-json\/wp\/v2\/users\/37"}],"replies":[{"embeddable":true,"href":"https:\/\/volztapes.com\/pl\/wp-json\/wp\/v2\/comments?post=17422"}],"version-history":[{"count":2,"href":"https:\/\/volztapes.com\/pl\/wp-json\/wp\/v2\/pages\/17422\/revisions"}],"predecessor-version":[{"id":17916,"href":"https:\/\/volztapes.com\/pl\/wp-json\/wp\/v2\/pages\/17422\/revisions\/17916"}],"wp:featuredmedia":[{"embeddable":true,"href":"https:\/\/volztapes.com\/pl\/wp-json\/wp\/v2\/media\/21622"}],"wp:attachment":[{"href":"https:\/\/volztapes.com\/pl\/wp-json\/wp\/v2\/media?parent=17422"}],"curies":[{"name":"wp","href":"https:\/\/api.w.org\/{rel}","templated":true}]}}