{"id":17419,"date":"2024-06-27T14:25:18","date_gmt":"2024-06-27T12:25:18","guid":{"rendered":"https:\/\/volztapes.com\/reach-rohs\/"},"modified":"2024-07-09T15:21:05","modified_gmt":"2024-07-09T13:21:05","slug":"reach-rohs","status":"publish","type":"page","link":"https:\/\/volztapes.com\/pl\/informacje\/reach-rohs\/","title":{"rendered":"REACH \/ RoHS"},"content":{"rendered":"[vc_row full_width=&#8221;stretch_row&#8221; css=&#8221;.vc_custom_1490964251791{margin-top: -30px !important;background-image: url(https:\/\/volztapes.com\/wp-content\/uploads\/2016\/11\/bg_title_service.jpg?id=1313) !important;background-position: center !important;background-repeat: no-repeat !important;background-size: cover !important;}&#8221;][vc_column width=&#8221;1\/2&#8243;][vc_custom_heading source=&#8221;post_title&#8221; font_container=&#8221;tag:h1|text_align:left|color:%23ffffff&#8221; use_theme_fonts=&#8221;yes&#8221; css=&#8221;.vc_custom_1490961223486{margin-top: 80px !important;margin-bottom: 80px !important;padding-top: 10px !important;padding-right: 20px !important;padding-bottom: 10px !important;padding-left: 20px !important;background-color: rgba(0,163,222,0.8) !important;*background-color: rgb(0,163,222) !important;}&#8221; el_class=&#8221;bannertitle&#8221;][\/vc_column][vc_column width=&#8221;1\/2&#8243;][\/vc_column][\/vc_row][vc_row][vc_column][vc_empty_space height=&#8221;30&#8243;][\/vc_column][\/vc_row][vc_row][vc_column width=&#8221;1\/3&#8243;][vc_custom_heading text=&#8221;Informacje dotycz\u0105ce REACH i RoHS&#8221; font_container=&#8221;tag:h1|font_size:28|text_align:left&#8221; use_theme_fonts=&#8221;yes&#8221;][\/vc_column][vc_column width=&#8221;3\/4&#8243;][vc_column_text]Zapytania dotycz\u0105ce REACH, RoHS i wszystkich innych dyrektyw UE nale\u017cy kierowa\u0107 bezpo\u015brednio na adres <a href=\"mailto:a.piszczatowski@volztapes.pl\">a.piszczatowski@volztapes.pl<\/a>[\/vc_column_text][\/vc_column][\/vc_row]","protected":false},"excerpt":{"rendered":"[vc_row full_width=&#8221;stretch_row&#8221; css=&#8221;.vc_custom_1490964251791{margin-top: -30px !important;background-image: url(https:\/\/volztapes.com\/wp-content\/uploads\/2016\/11\/bg_title_service.jpg?id=1313) !important;background-position: center !important;background-repeat: no-repeat !important;background-size: cover !important;}&#8221;][vc_column width=&#8221;1\/2&#8243;][vc_custom_heading source=&#8221;post_title&#8221; font_container=&#8221;tag:h1|text_align:left|color:%23ffffff&#8221; use_theme_fonts=&#8221;yes&#8221; css=&#8221;.vc_custom_1490961223486{margin-top: 80px !important;margin-bottom: 80px !important;padding-top: 10px !important;padding-right: 20px !important;padding-bottom: 10px !important;padding-left: 20px !important;background-color: rgba(0,163,222,0.8) !important;*background-color: rgb(0,163,222) !important;}&#8221; el_class=&#8221;bannertitle&#8221;][\/vc_column][vc_column width=&#8221;1\/2&#8243;][\/vc_column][\/vc_row][vc_row][vc_column][vc_empty_space height=&#8221;30&#8243;][\/vc_column][\/vc_row][vc_row][vc_column width=&#8221;1\/3&#8243;][vc_custom_heading text=&#8221;Informacje dotycz\u0105ce REACH i RoHS&#8221; font_container=&#8221;tag:h1|font_size:28|text_align:left&#8221; use_theme_fonts=&#8221;yes&#8221;][\/vc_column][vc_column width=&#8221;3\/4&#8243;][vc_column_text]Zapytania dotycz\u0105ce REACH, RoHS i wszystkich innych dyrektyw UE nale\u017cy [&hellip;]","protected":false},"author":37,"featured_media":0,"parent":17507,"menu_order":0,"comment_status":"closed","ping_status":"closed","template":"","meta":{"footnotes":""},"_links":{"self":[{"href":"https:\/\/volztapes.com\/pl\/wp-json\/wp\/v2\/pages\/17419"}],"collection":[{"href":"https:\/\/volztapes.com\/pl\/wp-json\/wp\/v2\/pages"}],"about":[{"href":"https:\/\/volztapes.com\/pl\/wp-json\/wp\/v2\/types\/page"}],"author":[{"embeddable":true,"href":"https:\/\/volztapes.com\/pl\/wp-json\/wp\/v2\/users\/37"}],"replies":[{"embeddable":true,"href":"https:\/\/volztapes.com\/pl\/wp-json\/wp\/v2\/comments?post=17419"}],"version-history":[{"count":4,"href":"https:\/\/volztapes.com\/pl\/wp-json\/wp\/v2\/pages\/17419\/revisions"}],"predecessor-version":[{"id":17575,"href":"https:\/\/volztapes.com\/pl\/wp-json\/wp\/v2\/pages\/17419\/revisions\/17575"}],"up":[{"embeddable":true,"href":"https:\/\/volztapes.com\/pl\/wp-json\/wp\/v2\/pages\/17507"}],"wp:attachment":[{"href":"https:\/\/volztapes.com\/pl\/wp-json\/wp\/v2\/media?parent=17419"}],"curies":[{"name":"wp","href":"https:\/\/api.w.org\/{rel}","templated":true}]}}