{"id":17415,"date":"2024-06-27T14:06:31","date_gmt":"2024-06-27T12:06:31","guid":{"rendered":"https:\/\/volztapes.com\/informacje-o-firmie-nota-prawna\/"},"modified":"2024-07-22T11:31:13","modified_gmt":"2024-07-22T09:31:13","slug":"informacje-o-firmie-nota-prawna","status":"publish","type":"page","link":"https:\/\/volztapes.com\/pl\/informacje-o-firmie-nota-prawna\/","title":{"rendered":"Nota prawna"},"content":{"rendered":"[vc_row css=&#8221;.vc_custom_1490885133639{margin-top: 50px !important;margin-bottom: 50px !important;}&#8221;][vc_column][vc_column_text]\r\n<h3>Operator strony internetowej<\/h3>\r\nVolz Selbstklebetechnik GmbH\r\nFischerinsel 3\r\nDE-79227 Schallstadt\r\nFon: +49 (0) 76 64 \/ 50 500 &#8211; 0\r\nFax: +49 (0) 76 64 \/ 50 500 &#8211; 50\r\n<a href=\"mailto:info@volz-tape.com\">info@volztapes.com<\/a>\r\n\r\n<strong>Wi\u0119cej informacji\r\nDyrektor zarz\u0105dzaj\u0105cy:\r\n<\/strong>Andreas Benz\r\n<h3><strong>Kontakt<\/strong><\/h3>\r\n<strong>Volz Tapes Polska Sp. z o.o.\r\n<\/strong>Go\u015blinowo 7C\r\n62-200 Gniezno, Polska\r\nTelefon: +48 61 46188-00\r\nFax: +48 61 46188-01\r\n<a href=\"mailto:info@volztapes.pl\">info@volztapes.pl<\/a>\r\n\r\nREGON 527535368\r\nNIP PL7842539418\r\nKRS 0001090727\r\nkapita\u0142 zak\u0142adowy 200.000 z\u0142\r\n\r\n&nbsp;\r\n\r\nPrawa autorskie\r\nUk\u0142ad i projekt strony internetowej jako ca\u0142o\u015bci oraz jej poszczeg\u00f3lne elementy s\u0105 chronione prawem autorskim. To samo dotyczy poszczeg\u00f3lnych materia\u0142\u00f3w redakcyjnych, jak r\u00f3wnie\u017c ich wyboru i kompilacji. Dalsze wykorzystywanie i powielanie jest dozwolone wy\u0142\u0105cznie do cel\u00f3w prywatnych; nie wolno wprowadza\u0107 \u017cadnych zmian. Publiczne korzystanie z witryny jest dozwolone wy\u0142\u0105cznie za zgod\u0105 operatora.\r\n\r\nWy\u0142\u0105czenie odpowiedzialno\u015bci\r\nVolz Selbstklebetechnik GmbH i Volz Tapes Polska Sp. z o. o. nie ponosz\u0105 odpowiedzialno\u015bci za zawarto\u015b\u0107 zewn\u0119trznych stron internetowych.[\/vc_column_text][\/vc_column][\/vc_row]","protected":false},"excerpt":{"rendered":"[vc_row css=&#8221;.vc_custom_1490885133639{margin-top: 50px !important;margin-bottom: 50px !important;}&#8221;][vc_column][vc_column_text] Operator strony internetowej Volz Selbstklebetechnik GmbH Fischerinsel 3 DE-79227 Schallstadt Fon: +49 (0) 76 64 \/ 50 500 &#8211; 0 Fax: +49 (0) 76 64 \/ 50 500 &#8211; 50 info@volztapes.com Wi\u0119cej informacji Dyrektor zarz\u0105dzaj\u0105cy: Andreas Benz Kontakt Volz Tapes Polska Sp. z o.o. Go\u015blinowo 7C 62-200 Gniezno, Polska [&hellip;]","protected":false},"author":37,"featured_media":0,"parent":0,"menu_order":0,"comment_status":"closed","ping_status":"closed","template":"","meta":{"footnotes":""},"_links":{"self":[{"href":"https:\/\/volztapes.com\/pl\/wp-json\/wp\/v2\/pages\/17415"}],"collection":[{"href":"https:\/\/volztapes.com\/pl\/wp-json\/wp\/v2\/pages"}],"about":[{"href":"https:\/\/volztapes.com\/pl\/wp-json\/wp\/v2\/types\/page"}],"author":[{"embeddable":true,"href":"https:\/\/volztapes.com\/pl\/wp-json\/wp\/v2\/users\/37"}],"replies":[{"embeddable":true,"href":"https:\/\/volztapes.com\/pl\/wp-json\/wp\/v2\/comments?post=17415"}],"version-history":[{"count":5,"href":"https:\/\/volztapes.com\/pl\/wp-json\/wp\/v2\/pages\/17415\/revisions"}],"predecessor-version":[{"id":19262,"href":"https:\/\/volztapes.com\/pl\/wp-json\/wp\/v2\/pages\/17415\/revisions\/19262"}],"wp:attachment":[{"href":"https:\/\/volztapes.com\/pl\/wp-json\/wp\/v2\/media?parent=17415"}],"curies":[{"name":"wp","href":"https:\/\/api.w.org\/{rel}","templated":true}]}}