{"id":17396,"date":"2024-06-26T15:46:44","date_gmt":"2024-06-26T13:46:44","guid":{"rendered":"https:\/\/volztapes.com\/laminowanie\/"},"modified":"2024-07-17T14:22:31","modified_gmt":"2024-07-17T12:22:31","slug":"laminowanie","status":"publish","type":"page","link":"https:\/\/volztapes.com\/pl\/laminowanie\/","title":{"rendered":"Powlekanie"},"content":{"rendered":"[vc_row full_width=&#8221;stretch_row&#8221; css=&#8221;.vc_custom_1700147613448{margin-top: -30px !important;padding-top: 100px !important;padding-bottom: 35px !important;background-image: url(https:\/\/volztapes.com\/wp-content\/uploads\/2016\/11\/bg_title_coating-1.jpg?id=1515) !important;background-position: center !important;background-repeat: no-repeat !important;background-size: cover !important;}&#8221; el_class=&#8221;banner_new&#8221;][vc_column width=&#8221;1\/3&#8243;][vc_custom_heading text=&#8221;POWLEKANIE&#8221; font_container=&#8221;tag:h2|font_size:40px|text_align:center|color:%23ffffff|line_height:60px&#8221; use_theme_fonts=&#8221;yes&#8221; css=&#8221;.vc_custom_1700147481888{padding-top: 4% !important;padding-right: 4% !important;padding-bottom: 4% !important;padding-left: 4% !important;background-color: rgba(0,162,226,0.8) !important;*background-color: rgb(0,162,226) !important;}&#8221;][\/vc_column][vc_column width=&#8221;1\/3&#8243;][\/vc_column][vc_column width=&#8221;1\/3&#8243;][\/vc_column][\/vc_row][vc_row full_width=&#8221;stretch_row&#8221; css=&#8221;.vc_custom_1488289820001{margin-top: -30px !important;margin-bottom: 0px !important;padding-top: 80px !important;padding-bottom: 20px !important;}&#8221;][vc_column width=&#8221;1\/3&#8243;][vc_custom_heading text=&#8221;Laminowanie&#8221; font_container=&#8221;tag:h1|font_size:32|text_align:left&#8221; use_theme_fonts=&#8221;yes&#8221;][vc_custom_heading text=&#8221;Powlekanie ta\u015bmami samoprzylepnymi na zam\u00f3wienie&#8221; font_container=&#8221;tag:h1|font_size:24|text_align:left&#8221; google_fonts=&#8221;font_family:Open%20Sans%3A300%2C300italic%2Cregular%2Citalic%2C600%2C600italic%2C700%2C700italic%2C800%2C800italic|font_style:400%20regular%3A400%3Anormal&#8221;][\/vc_column][vc_column width=&#8221;1\/3&#8243;][vc_column_text]Od 2010 i 2014 roku firma VOLZ\u00ae TAPES rozpocz\u0119\u0142a produkuj\u0119 wysokiej jako\u015bci ta\u015bm elektroizolacyjnych oraz dwustronnie klej\u0105cych. Powlekamy na zlecenie materia\u0142y bazowe, aby tworzy\u0107 zaawansowane, innowacyjne rozwi\u0105zania ta\u015bmowe. Jeste\u015bmy dumni z tego, \u017ce obs\u0142ugujemy znacz\u0105c\u0105 i renomowan\u0105 baz\u0119 klient\u00f3w z r\u00f3\u017cnych bran\u017c, takich jak: handel, produkcja przemys\u0142owa oraz przemys\u0142 motoryzacyjny. Do grona naszych klient\u00f3w zaliczamy renomowanych producent\u00f3w z r\u00f3\u017cnych bran\u017c oraz dystrybutor\u00f3w ta\u015bm samoprzylepnych z ca\u0142ego \u015bwiata.[\/vc_column_text][\/vc_column][vc_column width=&#8221;1\/3&#8243;][vc_column_text]Dzielimy si\u0119 i poszerzamy nasz\u0105 wiedz\u0119 specjalistyczn\u0105 w zakresie technologii samoprzylepnych jako szanowany cz\u0142onek AFERA &#8211; Stowarzyszenia Europejskich Producent\u00f3w Ta\u015bm Samoprzylepnych. Dzi\u0119ki temu cz\u0142onkostwu anga\u017cujemy si\u0119 r\u00f3wnie\u017c w ci\u0105g\u0142\u0105 wymian\u0119 ze stowarzyszeniami samoprzylepnymi z USA (PSTC), Chin (CATIA), Tajwanu (TAAT) i Japonii (JATMA).[\/vc_column_text][\/vc_column][\/vc_row][vc_row full_width=&#8221;stretch_row&#8221; css=&#8221;.vc_custom_1488290700450{background-color: #f2f2f2 !important;}&#8221;][vc_column][vc_empty_space height=&#8221;40&#8243;][vc_column_text]\r\n<h2>Powlekanie<\/h2>\r\nTa\u015bmy VOLZ<sup>\u00ae<\/sup> TAPES pokrywaj\u0105 r\u00f3\u017cne materia\u0142y no\u015bne, takie jak tkaniny, PP, PE, PET, PVC, w\u0142\u00f3kniny i pianki szerok\u0105 gam\u0105 system\u00f3w klej\u0105cych, takich jak kleje topliwe na bazie kauczuku syntetycznego, kauczuku naturalnego, rozpuszczalnik\u00f3w lub akrylan\u00f3w dyspersyjnych. R\u00f3wnie\u017c ta\u015bmy samoprzylepne bez podk\u0142adu (transferowe) z w\u0142\u00f3knem szklanym i bez.[\/vc_column_text]\n\t\t\t<!-- START Coating REVOLUTION SLIDER 6.5.14 --><p class=\"rs-p-wp-fix\"><\/p>\n\t\t\t<rs-module-wrap id=\"rev_slider_6_1_wrapper\" data-source=\"gallery\" style=\"visibility:hidden;background:transparent;padding:0;margin:0px auto;margin-top:0;margin-bottom:0;\">\n\t\t\t\t<rs-module id=\"rev_slider_6_1\" style=\"\" data-version=\"6.5.14\">\n\t\t\t\t\t<rs-slides>\n\t\t\t\t\t\t<rs-slide style=\"position: absolute;\" data-key=\"rs-27\" data-title=\"Coating\" data-thumb=\"\/\/volztapes.com\/wp-content\/uploads\/2016\/11\/Coating-1-100x50.jpg\" data-anim=\"ms:600;\" data-in=\"o:0;\" data-out=\"a:false;\">\n\t\t\t\t\t\t\t<img decoding=\"async\" src=\"\/\/volztapes.com\/wp-content\/plugins\/revslider\/public\/assets\/assets\/dummy.png\" alt=\"\" title=\"Powlekanie\" class=\"rev-slidebg tp-rs-img rs-lazyload\" data-lazyload=\"\/\/volztapes.com\/wp-content\/uploads\/2016\/11\/Coating-1.jpg\" data-no-retina>\n<!---->\t\t\t\t\t\t<\/rs-slide>\n\t\t\t\t\t\t<rs-slide style=\"position: absolute;\" data-key=\"rs-33\" data-title=\"Coating\" data-thumb=\"\/\/volztapes.com\/wp-content\/uploads\/2016\/11\/Coating-2-100x50.jpg\" data-anim=\"ms:600;\" data-in=\"o:0;\" data-out=\"a:false;\">\n\t\t\t\t\t\t\t<img decoding=\"async\" src=\"\/\/volztapes.com\/wp-content\/plugins\/revslider\/public\/assets\/assets\/dummy.png\" alt=\"\" title=\"Powlekanie\" class=\"rev-slidebg tp-rs-img rs-lazyload\" data-lazyload=\"\/\/volztapes.com\/wp-content\/uploads\/2016\/11\/Coating-2.jpg\" data-no-retina>\n<!---->\t\t\t\t\t\t<\/rs-slide>\n\t\t\t\t\t\t<rs-slide style=\"position: absolute;\" data-key=\"rs-34\" data-title=\"Coating\" data-thumb=\"\/\/volztapes.com\/wp-content\/uploads\/2016\/11\/Coating-3-100x50.jpg\" data-anim=\"ms:600;\" data-in=\"o:0;\" data-out=\"a:false;\">\n\t\t\t\t\t\t\t<img decoding=\"async\" src=\"\/\/volztapes.com\/wp-content\/plugins\/revslider\/public\/assets\/assets\/dummy.png\" alt=\"\" title=\"Powlekanie\" class=\"rev-slidebg tp-rs-img rs-lazyload\" data-lazyload=\"\/\/volztapes.com\/wp-content\/uploads\/2016\/11\/Coating-3.jpg\" data-no-retina>\n<!---->\t\t\t\t\t\t<\/rs-slide>\n\t\t\t\t\t\t<rs-slide style=\"position: absolute;\" data-key=\"rs-35\" data-title=\"Coating\" data-thumb=\"\/\/volztapes.com\/wp-content\/uploads\/2016\/11\/Coating-4-100x50.jpg\" data-anim=\"ms:600;\" data-in=\"o:0;\" data-out=\"a:false;\">\n\t\t\t\t\t\t\t<img decoding=\"async\" src=\"\/\/volztapes.com\/wp-content\/plugins\/revslider\/public\/assets\/assets\/dummy.png\" alt=\"\" title=\"Powlekanie\" class=\"rev-slidebg tp-rs-img rs-lazyload\" data-lazyload=\"\/\/volztapes.com\/wp-content\/uploads\/2016\/11\/Coating-4.jpg\" data-no-retina>\n<!---->\t\t\t\t\t\t<\/rs-slide>\n\t\t\t\t\t\t<rs-slide style=\"position: absolute;\" data-key=\"rs-36\" data-title=\"Coating\" data-thumb=\"\/\/volztapes.com\/wp-content\/uploads\/2016\/11\/Coating-5-100x50.jpg\" data-anim=\"ms:600;\" data-in=\"o:0;\" data-out=\"a:false;\">\n\t\t\t\t\t\t\t<img decoding=\"async\" src=\"\/\/volztapes.com\/wp-content\/plugins\/revslider\/public\/assets\/assets\/dummy.png\" alt=\"\" title=\"Powlekanie\" class=\"rev-slidebg tp-rs-img rs-lazyload\" data-lazyload=\"\/\/volztapes.com\/wp-content\/uploads\/2016\/11\/Coating-5.jpg\" data-no-retina>\n<!---->\t\t\t\t\t\t<\/rs-slide>\n\t\t\t\t\t\t<rs-slide style=\"position: absolute;\" data-key=\"rs-37\" data-title=\"Coating\" data-thumb=\"\/\/volztapes.com\/wp-content\/uploads\/2016\/11\/coating07-100x50.jpg\" data-anim=\"ms:600;\" data-in=\"o:0;\" data-out=\"a:false;\">\n\t\t\t\t\t\t\t<img decoding=\"async\" src=\"\/\/volztapes.com\/wp-content\/plugins\/revslider\/public\/assets\/assets\/dummy.png\" alt=\"\" title=\"Powlekanie\" class=\"rev-slidebg tp-rs-img rs-lazyload\" data-lazyload=\"\/\/volztapes.com\/wp-content\/uploads\/2016\/11\/coating07.jpg\" data-no-retina>\n<!---->\t\t\t\t\t\t<\/rs-slide>\n\t\t\t\t\t<\/rs-slides>\n\t\t\t\t<\/rs-module>\n\t\t\t\t<script>\n\t\t\t\t\tsetREVStartSize({c: 'rev_slider_6_1',rl:[1240,1024,778,480],el:[],gw:[1180,1024,778,480],gh:[500,500,500,720],type:'standard',justify:'',layout:'fullwidth',mh:\"0\"});if (window.RS_MODULES!==undefined && window.RS_MODULES.modules!==undefined && window.RS_MODULES.modules[\"revslider61\"]!==undefined) {window.RS_MODULES.modules[\"revslider61\"].once = false;window.revapi6 = undefined;if (window.RS_MODULES.checkMinimal!==undefined) window.RS_MODULES.checkMinimal()}\n\t\t\t\t<\/script>\n\t\t\t<\/rs-module-wrap>\n\t\t\t<!-- END REVOLUTION SLIDER -->\n[\/vc_column][\/vc_row][vc_row][vc_column][vc_empty_space height=&#8221;30&#8243;][\/vc_column][\/vc_row][vc_row][vc_column width=&#8221;1\/3&#8243;][vc_row_inner css=&#8221;.vc_custom_1490873329464{margin-right: 10px !important;margin-left: 10px !important;padding-right: 20px !important;padding-bottom: 10px !important;padding-left: 20px !important;background-color: #00a3de !important;}&#8221;][vc_column_inner el_class=&#8221;textfarbe-weiss&#8221;][vc_column_text css=&#8221;.vc_custom_1562145094883{margin-bottom: 0px !important;padding-bottom: 0px !important;}&#8221;]\r\n<h4>Masz jakie\u015b pytania?<\/h4>\r\nZadzwo\u0144 do nas:\r\n<strong><span class=\"info-phone\">+48 61 46188 00<\/span><\/strong>\r\nLub wy\u015blij nam wiadomo\u015b\u0107 z zapytaniem.[\/vc_column_text]<div class=\"ts-button-wrapper\"><style type=\"text\/css\" scoped>.ts-button-wrapper a.ts-button-1{background:#e41613;border-color:#e8e8e8;border-width:0px ;color:#ffffff;border-radius:0;}.ts-button-wrapper a.ts-button-1:hover{background:#ffffff;border-color:#00a3de;color:#00a3de;}<\/style><a href=\"https:\/\/volztapes.com\/pl\/kontakt\/\" target=\"_self\" class=\"ts-button ts-button-1 medium  \">Formularz kontaktowy<\/a><\/div>[\/vc_column_inner][\/vc_row_inner][\/vc_column][vc_column width=&#8221;2\/3&#8243;][vc_empty_space][vc_row_inner css=&#8221;.vc_custom_1488294947764{margin-right: 10px !important;margin-left: 10px !important;padding-right: 20px !important;padding-left: 20px !important;}&#8221;][vc_column_inner width=&#8221;1\/12&#8243;][vc_icon icon_fontawesome=&#8221;fa fa-info-circle&#8221; color=&#8221;custom&#8221; size=&#8221;lg&#8221; custom_color=&#8221;#00a3de&#8221; css=&#8221;.vc_custom_1479905852181{margin-bottom: 0px !important;padding-bottom: 0px !important;}&#8221;][\/vc_column_inner][vc_column_inner width=&#8221;5\/6&#8243;][vc_column_text]Dostarczamy jumbo o \u015brednicy do 1 metra, ca\u0142e logrolle zgodnie z wymaganiami lub gotowe, poci\u0119te rolki o \u017c\u0105danej szeroko\u015bci.\r\nOferujemy wykonanie standardowych (etykieta g\u00f3rna lub boczna)\r\noraz niestandardowych etykiet, pakowane pojedynczych rolek lub\r\nw formie zbiorczej &#8211; akordeonu lub wie\u017cy.[\/vc_column_text][\/vc_column_inner][\/vc_row_inner][\/vc_column][\/vc_row]","protected":false},"excerpt":{"rendered":"[vc_row full_width=&#8221;stretch_row&#8221; css=&#8221;.vc_custom_1700147613448{margin-top: -30px !important;padding-top: 100px !important;padding-bottom: 35px !important;background-image: url(https:\/\/volztapes.com\/wp-content\/uploads\/2016\/11\/bg_title_coating-1.jpg?id=1515) !important;background-position: center !important;background-repeat: no-repeat !important;background-size: cover !important;}&#8221; el_class=&#8221;banner_new&#8221;][vc_column width=&#8221;1\/3&#8243;][vc_custom_heading text=&#8221;POWLEKANIE&#8221; font_container=&#8221;tag:h2|font_size:40px|text_align:center|color:%23ffffff|line_height:60px&#8221; use_theme_fonts=&#8221;yes&#8221; css=&#8221;.vc_custom_1700147481888{padding-top: 4% !important;padding-right: 4% !important;padding-bottom: 4% !important;padding-left: 4% !important;background-color: rgba(0,162,226,0.8) !important;*background-color: rgb(0,162,226) !important;}&#8221;][\/vc_column][vc_column width=&#8221;1\/3&#8243;][\/vc_column][vc_column width=&#8221;1\/3&#8243;][\/vc_column][\/vc_row][vc_row full_width=&#8221;stretch_row&#8221; css=&#8221;.vc_custom_1488289820001{margin-top: -30px !important;margin-bottom: 0px !important;padding-top: 80px !important;padding-bottom: 20px !important;}&#8221;][vc_column width=&#8221;1\/3&#8243;][vc_custom_heading text=&#8221;Laminowanie&#8221; font_container=&#8221;tag:h1|font_size:32|text_align:left&#8221; use_theme_fonts=&#8221;yes&#8221;][vc_custom_heading text=&#8221;Powlekanie ta\u015bmami samoprzylepnymi na [&hellip;]","protected":false},"author":37,"featured_media":0,"parent":0,"menu_order":0,"comment_status":"closed","ping_status":"closed","template":"","meta":{"footnotes":""},"_links":{"self":[{"href":"https:\/\/volztapes.com\/pl\/wp-json\/wp\/v2\/pages\/17396"}],"collection":[{"href":"https:\/\/volztapes.com\/pl\/wp-json\/wp\/v2\/pages"}],"about":[{"href":"https:\/\/volztapes.com\/pl\/wp-json\/wp\/v2\/types\/page"}],"author":[{"embeddable":true,"href":"https:\/\/volztapes.com\/pl\/wp-json\/wp\/v2\/users\/37"}],"replies":[{"embeddable":true,"href":"https:\/\/volztapes.com\/pl\/wp-json\/wp\/v2\/comments?post=17396"}],"version-history":[{"count":17,"href":"https:\/\/volztapes.com\/pl\/wp-json\/wp\/v2\/pages\/17396\/revisions"}],"predecessor-version":[{"id":19209,"href":"https:\/\/volztapes.com\/pl\/wp-json\/wp\/v2\/pages\/17396\/revisions\/19209"}],"wp:attachment":[{"href":"https:\/\/volztapes.com\/pl\/wp-json\/wp\/v2\/media?parent=17396"}],"curies":[{"name":"wp","href":"https:\/\/api.w.org\/{rel}","templated":true}]}}