{"id":17319,"date":"2026-01-09T11:00:07","date_gmt":"2026-01-09T10:00:07","guid":{"rendered":"https:\/\/volztapes.com\/?page_id=17319"},"modified":"2026-01-09T11:58:30","modified_gmt":"2026-01-09T10:58:30","slug":"home-2-2","status":"publish","type":"page","link":"https:\/\/volztapes.com\/pl\/","title":{"rendered":"Home"},"content":{"rendered":"[vc_row css=&#8221;.vc_custom_1479894175688{margin-top: 20px !important;}&#8221;][vc_column width=&#8221;1\/2&#8243;][vc_custom_heading text=&#8221;TA\u015aMY VOLZ<sup>\u00ae<\/sup> \u2013 Tw\u00f3j Ekspert\r\nw dziedzinie technologii ta\u015bm samoprzylepnych&#8221; font_container=&#8221;tag:h1|font_size:24|text_align:left|line_height:1.3&#8243; google_fonts=&#8221;font_family:Open%20Sans%3A300%2C300italic%2Cregular%2Citalic%2C600%2C600italic%2C700%2C700italic%2C800%2C800italic|font_style:400%20regular%3A400%3Anormal&#8221;][\/vc_column][vc_column width=&#8221;1\/2&#8243;][vc_column_text]VOLZ\u00ae TAPES oferuje produkty o wysokiej jako\u015bci, a tak\u017ce doradztwo w doborze rozwi\u0105za\u0144 technologicznych w zakresie klejenia.\u00a0 Nasza oferta\u00a0 obejmuje szeroki asortyment ta\u015bm samoprzylepnych: elektroizolacyjnych, jednostronnych i dwustronnych<em>,<\/em> maskuj\u0105cych, opakowaniowych oraz wykroj\u00f3w i urz\u0105dze\u0144 do aplikacji pochodz\u0105cych od wiod\u0105cych \u015bwiatowych producent\u00f3w, jak r\u00f3wnie\u017c z naszego w\u0142asnego zak\u0142adu produkcyjnego.[\/vc_column_text][vc_column_text]Dostarczamy gotowe oraz niestandardowe rozwi\u0105zania technologiczne, aby sprosta\u0107 najbardziej z\u0142o\u017conym wyzwaniom bran\u017cowym. Nasz wyspecjalizowany zak\u0142ad produkcyjny jest w stanie przygotowa\u0107 dowoln\u0105 szeroko\u015b\u0107 ta\u015bmy i wyprodukowa\u0107 dowolne wykroje, zgodnie z dok\u0142adnymi specyfikacjami klienta. Produkujemy ta\u015bmy samoprzylepne i dostarczamy je w wymaganych wymiarach: od ma\u0142ych rolek po d\u0142ugie nawoje &#8211; Jumbo, a tak\u017ce w szpulach przemys\u0142owych.\r\n\r\nAby sprosta\u0107 Pa\u0144stwa indywidulanym wymaganiom, nasze rozwi\u0105zania technologiczne nie s\u0105 typowe, lecz wyspecjalizowane.\r\nWitamy na stronie VOLZ\u00ae TAPES \u2013 Tw\u00f3j ekspert w dziedzinie technologii ta\u015bm samoprzylepnych.[\/vc_column_text][\/vc_column][\/vc_row][vc_row full_width=&#8221;stretch_row&#8221; css=&#8221;.vc_custom_1636730411864{padding-top: 30px !important;background-color: #f0f0f0 !important;}&#8221;][vc_column][vc_custom_heading text=&#8221;TA\u015aMY VOLZ<sup>\u00ae<\/sup>: Precyzyjne rozwi\u0105zania dla wymagaj\u0105cych aplikacji&#8221; font_container=&#8221;tag:h2|font_size:24|text_align:left|line_height:1.3&#8243; google_fonts=&#8221;font_family:Open%20Sans%3A300%2C300italic%2Cregular%2Citalic%2C600%2C600italic%2C700%2C700italic%2C800%2C800italic|font_style:400%20regular%3A400%3Anormal&#8221; css=&#8221;.vc_custom_1718617956089{padding-bottom: 30px !important;}&#8221;][vc_raw_html]JTNDZGl2JTIwY2xhc3MlM0QlMjJhdXRvLXJlc2l6YWJsZS1pZnJhbWUlMjIlM0UlMEElMjAlMjAlM0NkaXYlM0UlMEElMjAlMjAlMjAlMjAlM0NpZnJhbWUlMjBmcmFtZWJvcmRlciUzRCUyMjAlMjIlMjBhbGxvd2Z1bGxzY3JlZW4lM0QlMjIlMjIlMjBzcmMlM0QlMjJodHRwcyUzQSUyRiUyRnd3dy55b3V0dWJlLW5vY29va2llLmNvbSUyRmVtYmVkJTJGUU01b1lCakRQZzglM0ZyZWwlM0QwJTIyJTNFJTNDJTJGaWZyYW1lJTNFJTBBJTIwJTIwJTNDJTJGZGl2JTNFJTBBJTNDJTJGZGl2JTNF[\/vc_raw_html][\/vc_column][\/vc_row][vc_row full_width=&#8221;stretch_row&#8221; equal_height=&#8221;yes&#8221; css=&#8221;.vc_custom_1721216810624{padding-top: 60px !important;padding-bottom: 60px !important;background-color: #f0f0f0 !important;}&#8221;][vc_column width=&#8221;1\/3&#8243;]\t<div class=\"ts-feature-wrapper equal_height feature-vertical icon-default has-image\">\n\t\t<div class=\"feature-content\">\n\t\t\n\t\t\t\t\t\t\n\t\t\t\t\t\t\t\n\t\t\t\t<a target=\"_self\" class=\"feature-thumbnail\" href=\"https:\/\/volztapes.com\/pl\/laminowanie\/\" >\n\t\t\t\t\t<img loading=\"lazy\" decoding=\"async\" width=\"720\" height=\"409\" src=\"https:\/\/volztapes.com\/wp-content\/uploads\/2016\/10\/home_teaser_coating_3.jpg\" class=\"img\" alt=\"\" srcset=\"https:\/\/volztapes.com\/wp-content\/uploads\/2016\/10\/home_teaser_coating_3.jpg 720w, https:\/\/volztapes.com\/wp-content\/uploads\/2016\/10\/home_teaser_coating_3-600x341.jpg 600w, https:\/\/volztapes.com\/wp-content\/uploads\/2016\/10\/home_teaser_coating_3-300x170.jpg 300w\" sizes=\"(max-width: 720px) 100vw, 720px\" \/> \n\t\t\t\t\t<span class=\"overlay\"><\/span>\n\t\t\t\t<\/a>\n\t\t\t\t\n\t\t\t\t\t\t\n\t\t\t\t\t\t\t<header class=\"feature-header\">\n\t\t\t\t\t\t\n\t\t\t\t\t\t\t\t\t<h3 class=\"feature-title heading-title entry-title\">\n\t\t\t\t\t\t<a target=\"_self\" href=\"https:\/\/volztapes.com\/pl\/laminowanie\/\">Powlekanie: Niestandardowe rozwi\u0105zania samoprzylepne<\/a>\n\t\t\t\t\t<\/h3>\n\t\t\t\t\t\t\t\t\n\t\t\t\t\t\t\t\t\t<div class=\"feature-excerpt\">\n\t\t\t\t\t\tDostosowujemy innowacyjne rozwi\u0105zania w zakresie ta\u015bm jednostronnych i dwustronnych, powlekaj\u0105c materia\u0142y bazowe wysokiej jako\u015bci klejami zgodnie z zapotrzebowaniem klienta.\t\t\t\t\t<\/div>\n\t\t\t\t\t\t\t\n\t\t\t\t\t\t\t<\/header>\n\t\t\t\t\t<\/div>\n\t<\/div>\n\t[\/vc_column][vc_column width=&#8221;1\/3&#8243;]\t<div class=\"ts-feature-wrapper equal_height feature-vertical icon-default has-image\">\n\t\t<div class=\"feature-content\">\n\t\t\n\t\t\t\t\t\t\n\t\t\t\t\t\t\t\n\t\t\t\t<a target=\"_self\" class=\"feature-thumbnail\" href=\"https:\/\/volztapes.com\/pl\/konfekcja\/\" >\n\t\t\t\t\t<img loading=\"lazy\" decoding=\"async\" width=\"720\" height=\"409\" src=\"https:\/\/volztapes.com\/wp-content\/uploads\/2016\/10\/home_teaser_converting_2.jpg\" class=\"img\" alt=\"\" srcset=\"https:\/\/volztapes.com\/wp-content\/uploads\/2016\/10\/home_teaser_converting_2.jpg 720w, https:\/\/volztapes.com\/wp-content\/uploads\/2016\/10\/home_teaser_converting_2-600x341.jpg 600w, https:\/\/volztapes.com\/wp-content\/uploads\/2016\/10\/home_teaser_converting_2-300x170.jpg 300w\" sizes=\"(max-width: 720px) 100vw, 720px\" \/> \n\t\t\t\t\t<span class=\"overlay\"><\/span>\n\t\t\t\t<\/a>\n\t\t\t\t\n\t\t\t\t\t\t\n\t\t\t\t\t\t\t<header class=\"feature-header\">\n\t\t\t\t\t\t\n\t\t\t\t\t\t\t\t\t<h3 class=\"feature-title heading-title entry-title\">\n\t\t\t\t\t\t<a target=\"_self\" href=\"https:\/\/volztapes.com\/pl\/konfekcja\/\">Konfekcja: Produkcja na zam\u00f3wienie<\/a>\n\t\t\t\t\t<\/h3>\n\t\t\t\t\t\t\t\t\n\t\t\t\t\t\t\t\t\t<div class=\"feature-excerpt\">\n\t\t\t\t\t\tProdukcja wykroj\u00f3w oraz rolek o dowolnych szeroko\u015bciach i d\u0142ugo\u015bciach z wysokiej jako\u015bci ta\u015bm samoprzylepnych zgodnie z Pa\u0144stwa specyfikacj\u0105 techniczn\u0105.\r\n\r\nRolki zapakowane pojedynczo lub zbiorowo.\t\t\t\t\t<\/div>\n\t\t\t\t\t\t\t\n\t\t\t\t\t\t\t<\/header>\n\t\t\t\t\t<\/div>\n\t<\/div>\n\t[\/vc_column][vc_column width=&#8221;1\/3&#8243;]\t<div class=\"ts-feature-wrapper equal_height feature-vertical icon-default has-image\">\n\t\t<div class=\"feature-content\">\n\t\t\n\t\t\t\t\t\t\n\t\t\t\t\t\t\t\n\t\t\t\t<a target=\"_self\" class=\"feature-thumbnail\" href=\"https:\/\/volztapes.com\/pl\/dystrybucja\/\" >\n\t\t\t\t\t<img loading=\"lazy\" decoding=\"async\" width=\"720\" height=\"409\" src=\"https:\/\/volztapes.com\/wp-content\/uploads\/2016\/10\/teaser_produktsortiment-1.jpg\" class=\"img\" alt=\"\" srcset=\"https:\/\/volztapes.com\/wp-content\/uploads\/2016\/10\/teaser_produktsortiment-1.jpg 720w, https:\/\/volztapes.com\/wp-content\/uploads\/2016\/10\/teaser_produktsortiment-1-600x341.jpg 600w, https:\/\/volztapes.com\/wp-content\/uploads\/2016\/10\/teaser_produktsortiment-1-300x170.jpg 300w\" sizes=\"(max-width: 720px) 100vw, 720px\" \/> \n\t\t\t\t\t<span class=\"overlay\"><\/span>\n\t\t\t\t<\/a>\n\t\t\t\t\n\t\t\t\t\t\t\n\t\t\t\t\t\t\t<header class=\"feature-header\">\n\t\t\t\t\t\t\n\t\t\t\t\t\t\t\t\t<h3 class=\"feature-title heading-title entry-title\">\n\t\t\t\t\t\t<a target=\"_self\" href=\"https:\/\/volztapes.com\/pl\/dystrybucja\/\">Dystrybucja: Rozwi\u0105zania samoprzylepne na ka\u017cd\u0105 potrzeb\u0119<\/a>\n\t\t\t\t\t<\/h3>\n\t\t\t\t\t\t\t\t\n\t\t\t\t\t\t\t\t\t<div class=\"feature-excerpt\">\n\t\t\t\t\t\tTa\u015bmy samoprzylepne: elektroizolacyjne, jednostronne i dwustronne, maskuj\u0105ce, opakowaniowe oraz wykroje i rozwi\u0105zania techniczne. VOLZ\u00ae TAPES oferuje wyj\u0105tkowe produkty wszystkich wiod\u0105cych producent\u00f3w, a tak\u017ce z naszej w\u0142asnej linii produkcyjnej.\t\t\t\t\t<\/div>\n\t\t\t\t\t\t\t\n\t\t\t\t\t\t\t<\/header>\n\t\t\t\t\t<\/div>\n\t<\/div>\n\t[\/vc_column][\/vc_row][vc_row equal_height=&#8221;yes&#8221;][vc_column width=&#8221;1\/2&#8243;]\t\t\t<div class=\"ts-blogs-wrapper ts-shortcode ts-blogs\" data-atts=\"{&quot;title&quot;:&quot;Daty targ\\u00f3w&quot;,&quot;columns&quot;:2,&quot;categories&quot;:&quot;73&quot;,&quot;per_page&quot;:&quot;2&quot;,&quot;orderby&quot;:&quot;date&quot;,&quot;order&quot;:&quot;DESC&quot;,&quot;style&quot;:1,&quot;show_title&quot;:&quot;1&quot;,&quot;show_thumbnail&quot;:&quot;1&quot;,&quot;show_author&quot;:&quot;0&quot;,&quot;show_date&quot;:&quot;0&quot;,&quot;show_comment&quot;:&quot;0&quot;,&quot;show_excerpt&quot;:&quot;0&quot;,&quot;show_readmore&quot;:&quot;0&quot;,&quot;excerpt_words&quot;:20,&quot;is_slider&quot;:0,&quot;show_nav&quot;:&quot;1&quot;,&quot;auto_play&quot;:&quot;0&quot;,&quot;margin&quot;:30,&quot;is_masonry&quot;:0,&quot;show_load_more&quot;:&quot;0&quot;}\">\n\t\t\t\t\t\t\t\t<header class=\"shortcode-heading-wrapper\">\n\t\t\t\t\t<h3 class=\"heading-title\">Daty targ\u00f3w<\/h3>\n\t\t\t\t<\/header>\n\t\t\t\t\t\t\t\t<div class=\"content-wrapper\">\n\t\t\t\t\t<div class=\"blogs\">\n\t\t\t\t\t\t\t\t\t\t<article class=\"item  ts-col-12 first\">\n\t\t\t\t\t<div class=\"thumbnail-content\">\n\t\t\t\t\t\t\t\t\t\t\t\t\t\t\t\t\t\t\t\t\t<a class=\"thumbnail  \" href=\"https:\/\/volztapes.com\/pl\/odwiedz-volz-tapes-polska-na-coil-expo-12-14-maja-2026\/\">\n\t\t\t\t\t\t\t\t\t<figure>\n\t\t\t\t\t\t\t\t\t<img loading=\"lazy\" decoding=\"async\" width=\"590\" height=\"84\" src=\"https:\/\/volztapes.com\/wp-content\/uploads\/2026\/03\/Coil-Expo-Teaser-590x84.png\" class=\"attachment-ts_blog_shortcode_thumb size-ts_blog_shortcode_thumb wp-post-image\" alt=\"\" \/>\t\t\t\t\t\t\t\t\t<\/figure>\n\t\t\t\t\t\t\t\t\t<div class=\"effect-thumbnail\"><\/div>\n\t\t\t\t\t\t\t\t<\/a>\n\t\t\t\t\t\t\t\t\n\t\t\t\t\t\t\t\t\n\t\t\t\t\t\t\t\t\t\t\t\t\t<!-- Blog Date -->\n\t\t\t\t\t\t\t\t\t\t\t<\/div>\n\t\t\t\t\t\n\t\t\t\t\t\t\t\t\t\t\t\n\t\t\t\t\t<div class=\"content-meta\">\n\t\t\t\t\t\n\t\t\t\t\t\t<header>\n\t\t\t\t\t\t\t<!-- Blog Title -->\n\t\t\t\t\t\t\t\t\t\t\t\t\t\t<h3 class=\"heading-title blog-title entry-title\"><a href=\"https:\/\/volztapes.com\/pl\/odwiedz-volz-tapes-polska-na-coil-expo-12-14-maja-2026\/\">Odwied\u017a Volz Tapes Polska na Coil Expo 12-14 maja 2026!<\/a><\/h3>\n\t\t\t\t\t\t\t\t\t\t\t\t\t\t\n\t\t\t\t\t\t\t<!-- Blog Date Time -->\n\t\t\t\t\t\t\t\t\t\t\t\t\t<\/header>\n\t\t\t\t\t\t\n\t\t\t\t\t\t\t\t\t\t\t\t\n\t\t\t\t\t\t\t\t\t\t\t\t\n\t\t\t\t\t\t<!-- Blog Author -->\n\t\t\t\t\t\t\t\t\t\t\t\t\n\t\t\t\t\t\t<!-- Blog Comment -->\n\t\t\t\t\t\t\t\t\t\t\t\t\n\t\t\t\t\t<\/div>\n\t\t\t\t\t\t\n\t\t\t\t\t\t\t\t\t\t\n\t\t\t\t<\/article>\n\t\t\t\t\t\t\t<article class=\"item  ts-col-12 last\">\n\t\t\t\t\t<div class=\"thumbnail-content\">\n\t\t\t\t\t\t\t\t\t\t\t\t\t\t\t\t\t\t\t\t\t<a class=\"thumbnail  \" href=\"https:\/\/volztapes.com\/pl\/zapraszamy-na-targi-coiltech-augsburg\/\">\n\t\t\t\t\t\t\t\t\t<figure>\n\t\t\t\t\t\t\t\t\t<img loading=\"lazy\" decoding=\"async\" width=\"500\" height=\"103\" src=\"https:\/\/volztapes.com\/wp-content\/uploads\/2021\/12\/Coiltech-Augs_de_-big-bannerp2.png\" class=\"attachment-ts_blog_shortcode_thumb size-ts_blog_shortcode_thumb wp-post-image\" alt=\"\" \/>\t\t\t\t\t\t\t\t\t<\/figure>\n\t\t\t\t\t\t\t\t\t<div class=\"effect-thumbnail\"><\/div>\n\t\t\t\t\t\t\t\t<\/a>\n\t\t\t\t\t\t\t\t\n\t\t\t\t\t\t\t\t\n\t\t\t\t\t\t\t\t\t\t\t\t\t<!-- Blog Date -->\n\t\t\t\t\t\t\t\t\t\t\t<\/div>\n\t\t\t\t\t\n\t\t\t\t\t\t\t\t\t\t\t\n\t\t\t\t\t<div class=\"content-meta\">\n\t\t\t\t\t\n\t\t\t\t\t\t<header>\n\t\t\t\t\t\t\t<!-- Blog Title -->\n\t\t\t\t\t\t\t\t\t\t\t\t\t\t<h3 class=\"heading-title blog-title entry-title\"><a href=\"https:\/\/volztapes.com\/pl\/zapraszamy-na-targi-coiltech-augsburg\/\">Zapraszamy na Targi Coiltech Augsburg!<\/a><\/h3>\n\t\t\t\t\t\t\t\t\t\t\t\t\t\t\n\t\t\t\t\t\t\t<!-- Blog Date Time -->\n\t\t\t\t\t\t\t\t\t\t\t\t\t<\/header>\n\t\t\t\t\t\t\n\t\t\t\t\t\t\t\t\t\t\t\t\n\t\t\t\t\t\t\t\t\t\t\t\t\n\t\t\t\t\t\t<!-- Blog Author -->\n\t\t\t\t\t\t\t\t\t\t\t\t\n\t\t\t\t\t\t<!-- Blog Comment -->\n\t\t\t\t\t\t\t\t\t\t\t\t\n\t\t\t\t\t<\/div>\n\t\t\t\t\t\t\n\t\t\t\t\t\t\t\t\t\t\n\t\t\t\t<\/article>\n\t\t\t\t\t\t\t\t<\/div>\n\t\t\t\t\t\t\t\t\t<\/div>\n\t\t\t<\/div>\n\t\t[\/vc_column][vc_column width=&#8221;1\/2&#8243;]\t\t\t<div class=\"ts-blogs-wrapper ts-shortcode ts-blogs\" data-atts=\"{&quot;title&quot;:&quot;Aktualno\\u015bci&quot;,&quot;columns&quot;:2,&quot;categories&quot;:&quot;1&quot;,&quot;per_page&quot;:&quot;2&quot;,&quot;orderby&quot;:&quot;date&quot;,&quot;order&quot;:&quot;DESC&quot;,&quot;style&quot;:1,&quot;show_title&quot;:&quot;1&quot;,&quot;show_thumbnail&quot;:&quot;1&quot;,&quot;show_author&quot;:&quot;0&quot;,&quot;show_date&quot;:&quot;1&quot;,&quot;show_comment&quot;:&quot;0&quot;,&quot;show_excerpt&quot;:&quot;0&quot;,&quot;show_readmore&quot;:&quot;0&quot;,&quot;excerpt_words&quot;:20,&quot;is_slider&quot;:0,&quot;show_nav&quot;:&quot;1&quot;,&quot;auto_play&quot;:&quot;1&quot;,&quot;margin&quot;:30,&quot;is_masonry&quot;:0,&quot;show_load_more&quot;:&quot;0&quot;}\">\n\t\t\t\t\t\t\t\t<header class=\"shortcode-heading-wrapper\">\n\t\t\t\t\t<h3 class=\"heading-title\">Aktualno\u015bci<\/h3>\n\t\t\t\t<\/header>\n\t\t\t\t\t\t\t\t<div class=\"content-wrapper\">\n\t\t\t\t\t<div class=\"blogs\">\n\t\t\t\t\t\t\t\t\t\t<article class=\"item  ts-col-12 first\">\n\t\t\t\t\t<div class=\"thumbnail-content\">\n\t\t\t\t\t\t\t\t\t\t\t\t\t\t\t\t\t\t\t\t\t<a class=\"thumbnail  \" href=\"https:\/\/volztapes.com\/pl\/tesa-74515-lse-transfer-mounting-tape\/\">\n\t\t\t\t\t\t\t\t\t<figure>\n\t\t\t\t\t\t\t\t\t<img loading=\"lazy\" decoding=\"async\" width=\"590\" height=\"352\" src=\"https:\/\/volztapes.com\/wp-content\/uploads\/2025\/12\/tesa-74515_News-Foto-590x352.png\" class=\"attachment-ts_blog_shortcode_thumb size-ts_blog_shortcode_thumb wp-post-image\" alt=\"\" \/>\t\t\t\t\t\t\t\t\t<\/figure>\n\t\t\t\t\t\t\t\t\t<div class=\"effect-thumbnail\"><\/div>\n\t\t\t\t\t\t\t\t<\/a>\n\t\t\t\t\t\t\t\t\n\t\t\t\t\t\t\t\t\n\t\t\t\t\t\t\t\t\t\t\t\t\t<!-- Blog Date -->\n\t\t\t\t\t\t\t\t\t\t\t\t<div class=\"date-time\">\n\t\t\t\t\t\t\t<span>09<\/span>\n\t\t\t\t\t\t\t<span>gru<\/span>\n\t\t\t\t\t\t<\/div>\n\t\t\t\t\t\t\t\t\t\t\t<\/div>\n\t\t\t\t\t\n\t\t\t\t\t\t\t\t\t\t\t\n\t\t\t\t\t<div class=\"content-meta\">\n\t\t\t\t\t\n\t\t\t\t\t\t<header>\n\t\t\t\t\t\t\t<!-- Blog Title -->\n\t\t\t\t\t\t\t\t\t\t\t\t\t\t<h3 class=\"heading-title blog-title entry-title\"><a href=\"https:\/\/volztapes.com\/pl\/tesa-74515-lse-transfer-mounting-tape\/\">tesa\u00ae 74515 przezroczysta ta\u015bma transferowa LSE<\/a><\/h3>\n\t\t\t\t\t\t\t\t\t\t\t\t\t\t\n\t\t\t\t\t\t\t<!-- Blog Date Time -->\n\t\t\t\t\t\t\t\t\t\t\t\t\t<\/header>\n\t\t\t\t\t\t\n\t\t\t\t\t\t\t\t\t\t\t\t\n\t\t\t\t\t\t\t\t\t\t\t\t\n\t\t\t\t\t\t<!-- Blog Author -->\n\t\t\t\t\t\t\t\t\t\t\t\t\n\t\t\t\t\t\t<!-- Blog Comment -->\n\t\t\t\t\t\t\t\t\t\t\t\t\n\t\t\t\t\t<\/div>\n\t\t\t\t\t\t\n\t\t\t\t\t\t\t\t\t\t\n\t\t\t\t<\/article>\n\t\t\t\t\t\t\t<article class=\"item  ts-col-12 last\">\n\t\t\t\t\t<div class=\"thumbnail-content\">\n\t\t\t\t\t\t\t\t\t\t\t\t\t\t\t\t\t\t\t\t\t<a class=\"thumbnail  \" href=\"https:\/\/volztapes.com\/pl\/tesa4950-lse-filmic-mounting-tape\/\">\n\t\t\t\t\t\t\t\t\t<figure>\n\t\t\t\t\t\t\t\t\t<img loading=\"lazy\" decoding=\"async\" width=\"590\" height=\"352\" src=\"https:\/\/volztapes.com\/wp-content\/uploads\/2025\/12\/tesa-4950_News-foto-590x352.png\" class=\"attachment-ts_blog_shortcode_thumb size-ts_blog_shortcode_thumb wp-post-image\" alt=\"\" \/>\t\t\t\t\t\t\t\t\t<\/figure>\n\t\t\t\t\t\t\t\t\t<div class=\"effect-thumbnail\"><\/div>\n\t\t\t\t\t\t\t\t<\/a>\n\t\t\t\t\t\t\t\t\n\t\t\t\t\t\t\t\t\n\t\t\t\t\t\t\t\t\t\t\t\t\t<!-- Blog Date -->\n\t\t\t\t\t\t\t\t\t\t\t\t<div class=\"date-time\">\n\t\t\t\t\t\t\t<span>08<\/span>\n\t\t\t\t\t\t\t<span>gru<\/span>\n\t\t\t\t\t\t<\/div>\n\t\t\t\t\t\t\t\t\t\t\t<\/div>\n\t\t\t\t\t\n\t\t\t\t\t\t\t\t\t\t\t\n\t\t\t\t\t<div class=\"content-meta\">\n\t\t\t\t\t\n\t\t\t\t\t\t<header>\n\t\t\t\t\t\t\t<!-- Blog Title -->\n\t\t\t\t\t\t\t\t\t\t\t\t\t\t<h3 class=\"heading-title blog-title entry-title\"><a href=\"https:\/\/volztapes.com\/pl\/tesa4950-lse-filmic-mounting-tape\/\">tesa\u00ae4950 &#8211; dwustronna przezroczysta ta\u015bma foliowa PET LSE<\/a><\/h3>\n\t\t\t\t\t\t\t\t\t\t\t\t\t\t\n\t\t\t\t\t\t\t<!-- Blog Date Time -->\n\t\t\t\t\t\t\t\t\t\t\t\t\t<\/header>\n\t\t\t\t\t\t\n\t\t\t\t\t\t\t\t\t\t\t\t\n\t\t\t\t\t\t\t\t\t\t\t\t\n\t\t\t\t\t\t<!-- Blog Author -->\n\t\t\t\t\t\t\t\t\t\t\t\t\n\t\t\t\t\t\t<!-- Blog Comment -->\n\t\t\t\t\t\t\t\t\t\t\t\t\n\t\t\t\t\t<\/div>\n\t\t\t\t\t\t\n\t\t\t\t\t\t\t\t\t\t\n\t\t\t\t<\/article>\n\t\t\t\t\t\t\t\t<\/div>\n\t\t\t\t\t\t\t\t\t<\/div>\n\t\t\t<\/div>\n\t\t[\/vc_column][\/vc_row][vc_row css=&#8221;.vc_custom_1500892327437{padding-top: 20px !important;padding-right: 20px !important;padding-left: 20px !important;background-image: url(https:\/\/volztapes.com\/wp-content\/uploads\/2016\/10\/teaser-handabroller3.jpg?id=1977) !important;background-position: 0 0 !important;background-repeat: no-repeat !important;}&#8221;][vc_column width=&#8221;1\/2&#8243;][\/vc_column][vc_column width=&#8221;1\/2&#8243;][vc_row_inner][vc_column_inner offset=&#8221;vc_hidden-lg vc_hidden-md vc_hidden-sm&#8221;][vc_empty_space height=&#8221;120&#8243;][\/vc_column_inner][\/vc_row_inner][vc_column_text el_class=&#8221;tapedispenser&#8221;]\r\n<h2 style=\"color: #fff; margin-bottom: 2px;\">Profi <span style=\"font-weight: normal;\">161-21402<\/span><\/h2>\r\n<p style=\"color: #fff;\">Odwied\u017a nasz\u0105 stron<strong><a href=\"https:\/\/www.tapedispenser.de\/?lang=en\/\" target=\"_blank\" rel=\"noopener noreferrer\"> www.tapedispenser.de<\/a> <\/strong>\u00a0i dowiedz si\u0119 wi\u0119cej o naszym profesjonalnym dyspenserze r\u0119cznym 161-21402.<\/p>\r\n[\/vc_column_text][\/vc_column][\/vc_row]","protected":false},"excerpt":{"rendered":"[vc_row css=&#8221;.vc_custom_1479894175688{margin-top: 20px !important;}&#8221;][vc_column width=&#8221;1\/2&#8243;][vc_custom_heading text=&#8221;TA\u015aMY VOLZ\u00ae \u2013 Tw\u00f3j Ekspert w dziedzinie technologii ta\u015bm samoprzylepnych&#8221; font_container=&#8221;tag:h1|font_size:24|text_align:left|line_height:1.3&#8243; google_fonts=&#8221;font_family:Open%20Sans%3A300%2C300italic%2Cregular%2Citalic%2C600%2C600italic%2C700%2C700italic%2C800%2C800italic|font_style:400%20regular%3A400%3Anormal&#8221;][\/vc_column][vc_column width=&#8221;1\/2&#8243;][vc_column_text]VOLZ\u00ae TAPES oferuje produkty o wysokiej jako\u015bci, a tak\u017ce doradztwo w doborze rozwi\u0105za\u0144 technologicznych w zakresie klejenia.\u00a0 Nasza oferta\u00a0 obejmuje szeroki asortyment ta\u015bm samoprzylepnych: elektroizolacyjnych, jednostronnych i dwustronnych, maskuj\u0105cych, opakowaniowych oraz wykroj\u00f3w i urz\u0105dze\u0144 do aplikacji pochodz\u0105cych od [&hellip;]","protected":false},"author":5,"featured_media":0,"parent":0,"menu_order":0,"comment_status":"closed","ping_status":"closed","template":"","meta":{"footnotes":""},"_links":{"self":[{"href":"https:\/\/volztapes.com\/pl\/wp-json\/wp\/v2\/pages\/17319"}],"collection":[{"href":"https:\/\/volztapes.com\/pl\/wp-json\/wp\/v2\/pages"}],"about":[{"href":"https:\/\/volztapes.com\/pl\/wp-json\/wp\/v2\/types\/page"}],"author":[{"embeddable":true,"href":"https:\/\/volztapes.com\/pl\/wp-json\/wp\/v2\/users\/5"}],"replies":[{"embeddable":true,"href":"https:\/\/volztapes.com\/pl\/wp-json\/wp\/v2\/comments?post=17319"}],"version-history":[{"count":27,"href":"https:\/\/volztapes.com\/pl\/wp-json\/wp\/v2\/pages\/17319\/revisions"}],"predecessor-version":[{"id":30265,"href":"https:\/\/volztapes.com\/pl\/wp-json\/wp\/v2\/pages\/17319\/revisions\/30265"}],"wp:attachment":[{"href":"https:\/\/volztapes.com\/pl\/wp-json\/wp\/v2\/media?parent=17319"}],"curies":[{"name":"wp","href":"https:\/\/api.w.org\/{rel}","templated":true}]}}