{"id":3469,"date":"2019-04-10T11:01:50","date_gmt":"2019-04-10T09:01:50","guid":{"rendered":"https:\/\/volztapes.com\/coating\/"},"modified":"2020-03-16T16:18:19","modified_gmt":"2020-03-16T15:18:19","slug":"coating","status":"publish","type":"page","link":"https:\/\/volztapes.com\/en\/coating\/","title":{"rendered":"Coating"},"content":{"rendered":"[vc_row full_width=&#8221;stretch_row&#8221; css=&#8221;.vc_custom_1488289820001{margin-top: -30px !important;margin-bottom: 0px !important;padding-top: 80px !important;padding-bottom: 20px !important;}&#8221;][vc_column width=&#8221;1\/3&#8243;][vc_custom_heading text=&#8221;Coating -&#8221; font_container=&#8221;tag:h1|font_size:32|text_align:left&#8221; use_theme_fonts=&#8221;yes&#8221;][vc_custom_heading text=&#8221;Custom Coated Adhesive Tapes&#8221; font_container=&#8221;tag:h1|font_size:24|text_align:left&#8221; google_fonts=&#8221;font_family:Open%20Sans%3A300%2C300italic%2Cregular%2Citalic%2C600%2C600italic%2C700%2C700italic%2C800%2C800italic|font_style:400%20regular%3A400%3Anormal&#8221;][\/vc_column][vc_column width=&#8221;1\/3&#8243;][vc_column_text]Since 2010, and 2014, respectively, VOLZ\u00ae TAPES produces high-end <a href=\"https:\/\/volztapes.com\/wp-content\/uploads\/2016\/11\/2020-02-28-V\u00f6llst\u00e4ndig-Elektroklebeb\u00e4nder-V1.20-29-01-2020-web.pdf\"><strong>electrical<\/strong> <\/a>and <strong><a href=\"https:\/\/volztapes.com\/wp-content\/uploads\/2016\/11\/2020-03-12-V\u00f6llst\u00e4ndig-Doppelseitige-Klebeb\u00e4nder-V1.20-29-01-2020-web.pdf\">double-sided adhesive tapes<\/a><\/strong>. \u00a0We coat customer specific carrier materials with high-end adhesives to create advanced, innovative tape solutions. We are proud to serve a prominent and reputable customer base across an array of industries such as trade, industrial manufacturing and the automotive industry. We count renowned adhesive tape converters and dealers from all over the world among our valued customers.[\/vc_column_text][\/vc_column][vc_column width=&#8221;1\/3&#8243;][vc_column_text]We also share and broaden our expertise in self-adhesive technology as a respected member of AFERA, the Association of European Adhesive Tape Manufacturers. Through this membership, we also engage in a continuous exchange with the adhesive associations from the USA (PSTC), China (CATIA), Taiwan (TAAT) and Japan (JATMA).\r\n\r\n[\/vc_column_text][\/vc_column][\/vc_row][vc_row full_width=&#8221;stretch_row&#8221; css=&#8221;.vc_custom_1488290700450{background-color: #f2f2f2 !important;}&#8221;][vc_column][vc_empty_space height=&#8221;40&#8243;][vc_column_text]\r\n<h2>Coating<\/h2>\r\nVOLZ\u00ae TAPES coats various backing materials such as fabrics, PP, PE, PET, PVC, fleece and foams with a wide variety of adhesive systems, such as synthetic rubber based hot melt adhesive, natural rubber adhesive, solvent or dispersion acrylics, and adhesive transfer tapes either with and without glass fibers.[\/vc_column_text]\n\t\t\t<!-- START Coating REVOLUTION SLIDER 6.5.14 --><p class=\"rs-p-wp-fix\"><\/p>\n\t\t\t<rs-module-wrap id=\"rev_slider_6_1_wrapper\" data-source=\"gallery\" style=\"visibility:hidden;background:transparent;padding:0;margin:0px auto;margin-top:0;margin-bottom:0;\">\n\t\t\t\t<rs-module id=\"rev_slider_6_1\" style=\"\" data-version=\"6.5.14\">\n\t\t\t\t\t<rs-slides>\n\t\t\t\t\t\t<rs-slide style=\"position: absolute;\" data-key=\"rs-27\" data-title=\"Coating\" data-thumb=\"\/\/volztapes.com\/wp-content\/uploads\/2016\/11\/Coating-1-100x50.jpg\" data-anim=\"ms:600;\" data-in=\"o:0;\" data-out=\"a:false;\">\n\t\t\t\t\t\t\t<img decoding=\"async\" src=\"\/\/volztapes.com\/wp-content\/plugins\/revslider\/public\/assets\/assets\/dummy.png\" alt=\"\" title=\"Coating\" class=\"rev-slidebg tp-rs-img rs-lazyload\" data-lazyload=\"\/\/volztapes.com\/wp-content\/uploads\/2016\/11\/Coating-1.jpg\" data-no-retina>\n<!---->\t\t\t\t\t\t<\/rs-slide>\n\t\t\t\t\t\t<rs-slide style=\"position: absolute;\" data-key=\"rs-33\" data-title=\"Coating\" data-thumb=\"\/\/volztapes.com\/wp-content\/uploads\/2016\/11\/Coating-2-100x50.jpg\" data-anim=\"ms:600;\" data-in=\"o:0;\" data-out=\"a:false;\">\n\t\t\t\t\t\t\t<img decoding=\"async\" src=\"\/\/volztapes.com\/wp-content\/plugins\/revslider\/public\/assets\/assets\/dummy.png\" alt=\"\" title=\"Coating\" class=\"rev-slidebg tp-rs-img rs-lazyload\" data-lazyload=\"\/\/volztapes.com\/wp-content\/uploads\/2016\/11\/Coating-2.jpg\" data-no-retina>\n<!---->\t\t\t\t\t\t<\/rs-slide>\n\t\t\t\t\t\t<rs-slide style=\"position: absolute;\" data-key=\"rs-34\" data-title=\"Coating\" data-thumb=\"\/\/volztapes.com\/wp-content\/uploads\/2016\/11\/Coating-3-100x50.jpg\" data-anim=\"ms:600;\" data-in=\"o:0;\" data-out=\"a:false;\">\n\t\t\t\t\t\t\t<img decoding=\"async\" src=\"\/\/volztapes.com\/wp-content\/plugins\/revslider\/public\/assets\/assets\/dummy.png\" alt=\"\" title=\"Coating\" class=\"rev-slidebg tp-rs-img rs-lazyload\" data-lazyload=\"\/\/volztapes.com\/wp-content\/uploads\/2016\/11\/Coating-3.jpg\" data-no-retina>\n<!---->\t\t\t\t\t\t<\/rs-slide>\n\t\t\t\t\t\t<rs-slide style=\"position: absolute;\" data-key=\"rs-35\" data-title=\"Coating\" data-thumb=\"\/\/volztapes.com\/wp-content\/uploads\/2016\/11\/Coating-4-100x50.jpg\" data-anim=\"ms:600;\" data-in=\"o:0;\" data-out=\"a:false;\">\n\t\t\t\t\t\t\t<img decoding=\"async\" src=\"\/\/volztapes.com\/wp-content\/plugins\/revslider\/public\/assets\/assets\/dummy.png\" alt=\"\" title=\"Coating\" class=\"rev-slidebg tp-rs-img rs-lazyload\" data-lazyload=\"\/\/volztapes.com\/wp-content\/uploads\/2016\/11\/Coating-4.jpg\" data-no-retina>\n<!---->\t\t\t\t\t\t<\/rs-slide>\n\t\t\t\t\t\t<rs-slide style=\"position: absolute;\" data-key=\"rs-36\" data-title=\"Coating\" data-thumb=\"\/\/volztapes.com\/wp-content\/uploads\/2016\/11\/Coating-5-100x50.jpg\" data-anim=\"ms:600;\" data-in=\"o:0;\" data-out=\"a:false;\">\n\t\t\t\t\t\t\t<img decoding=\"async\" src=\"\/\/volztapes.com\/wp-content\/plugins\/revslider\/public\/assets\/assets\/dummy.png\" alt=\"\" title=\"Coating\" class=\"rev-slidebg tp-rs-img rs-lazyload\" data-lazyload=\"\/\/volztapes.com\/wp-content\/uploads\/2016\/11\/Coating-5.jpg\" data-no-retina>\n<!---->\t\t\t\t\t\t<\/rs-slide>\n\t\t\t\t\t\t<rs-slide style=\"position: absolute;\" data-key=\"rs-37\" data-title=\"Coating\" data-thumb=\"\/\/volztapes.com\/wp-content\/uploads\/2016\/11\/coating07-100x50.jpg\" data-anim=\"ms:600;\" data-in=\"o:0;\" data-out=\"a:false;\">\n\t\t\t\t\t\t\t<img decoding=\"async\" src=\"\/\/volztapes.com\/wp-content\/plugins\/revslider\/public\/assets\/assets\/dummy.png\" alt=\"\" title=\"Coating\" class=\"rev-slidebg tp-rs-img rs-lazyload\" data-lazyload=\"\/\/volztapes.com\/wp-content\/uploads\/2016\/11\/coating07.jpg\" data-no-retina>\n<!---->\t\t\t\t\t\t<\/rs-slide>\n\t\t\t\t\t<\/rs-slides>\n\t\t\t\t<\/rs-module>\n\t\t\t\t<script>\n\t\t\t\t\tsetREVStartSize({c: 'rev_slider_6_1',rl:[1240,1024,778,480],el:[],gw:[1180,1024,778,480],gh:[500,500,500,720],type:'standard',justify:'',layout:'fullwidth',mh:\"0\"});if (window.RS_MODULES!==undefined && window.RS_MODULES.modules!==undefined && window.RS_MODULES.modules[\"revslider61\"]!==undefined) {window.RS_MODULES.modules[\"revslider61\"].once = false;window.revapi6 = undefined;if (window.RS_MODULES.checkMinimal!==undefined) window.RS_MODULES.checkMinimal()}\n\t\t\t\t<\/script>\n\t\t\t<\/rs-module-wrap>\n\t\t\t<!-- END REVOLUTION SLIDER -->\n[\/vc_column][\/vc_row][vc_row][vc_column][vc_empty_space height=&#8221;30&#8243;][\/vc_column][\/vc_row][vc_row][vc_column width=&#8221;1\/3&#8243;][vc_row_inner css=&#8221;.vc_custom_1490873329464{margin-right: 10px !important;margin-left: 10px !important;padding-right: 20px !important;padding-bottom: 10px !important;padding-left: 20px !important;background-color: #00a3de !important;}&#8221;][vc_column_inner el_class=&#8221;textfarbe-weiss&#8221;][vc_column_text css=&#8221;.vc_custom_1490873313369{margin-bottom: 0px !important;padding-bottom: 0px !important;}&#8221;]\r\n<h4>Questions?<\/h4>\r\nCall us at:\r\n<strong>+49 (0) 7664 \/ 50 500 &#8211; 0<\/strong>\r\nor send us a message with your request.[\/vc_column_text]<div class=\"ts-button-wrapper\"><style type=\"text\/css\" scoped>.ts-button-wrapper a.ts-button-1{background:#e41613;border-color:#e8e8e8;border-width:0px ;color:#ffffff;border-radius:0;}.ts-button-wrapper a.ts-button-1:hover{background:#ffffff;border-color:#00a3de;color:#00a3de;}<\/style><a href=\"https:\/\/volztapes.com\/en\/contact\/\" target=\"_self\" class=\"ts-button ts-button-1 medium fa fa fa-arrow-circle-right \">Contact Form<\/a><\/div>[\/vc_column_inner][\/vc_row_inner][\/vc_column][vc_column width=&#8221;2\/3&#8243;][vc_empty_space][vc_row_inner css=&#8221;.vc_custom_1488294947764{margin-right: 10px !important;margin-left: 10px !important;padding-right: 20px !important;padding-left: 20px !important;}&#8221;][vc_column_inner width=&#8221;1\/12&#8243;][vc_icon icon_fontawesome=&#8221;fa fa-info-circle&#8221; color=&#8221;custom&#8221; size=&#8221;lg&#8221; custom_color=&#8221;#00a3de&#8221; css=&#8221;.vc_custom_1479905852181{margin-bottom: 0px !important;padding-bottom: 0px !important;}&#8221;][\/vc_column_inner][vc_column_inner width=&#8221;5\/6&#8243;][vc_column_text]We deliver jumbos up to 1 m in diameter, log rolls as desired, or pre-cut tapes to your desired width. With a top or side mounted custom label,\u00a0 and packaged as a single roll, accordion, or as a tower.[\/vc_column_text][\/vc_column_inner][\/vc_row_inner][\/vc_column][\/vc_row]","protected":false},"excerpt":{"rendered":"[vc_row full_width=&#8221;stretch_row&#8221; css=&#8221;.vc_custom_1488289820001{margin-top: -30px !important;margin-bottom: 0px !important;padding-top: 80px !important;padding-bottom: 20px !important;}&#8221;][vc_column width=&#8221;1\/3&#8243;][vc_custom_heading text=&#8221;Coating -&#8221; font_container=&#8221;tag:h1|font_size:32|text_align:left&#8221; use_theme_fonts=&#8221;yes&#8221;][vc_custom_heading text=&#8221;Custom Coated Adhesive Tapes&#8221; font_container=&#8221;tag:h1|font_size:24|text_align:left&#8221; google_fonts=&#8221;font_family:Open%20Sans%3A300%2C300italic%2Cregular%2Citalic%2C600%2C600italic%2C700%2C700italic%2C800%2C800italic|font_style:400%20regular%3A400%3Anormal&#8221;][\/vc_column][vc_column width=&#8221;1\/3&#8243;][vc_column_text]Since 2010, and 2014, respectively, VOLZ\u00ae TAPES produces high-end electrical and double-sided adhesive tapes. \u00a0We coat customer specific carrier materials with high-end adhesives to create advanced, innovative tape solutions. We are proud to [&hellip;]","protected":false},"author":37,"featured_media":0,"parent":0,"menu_order":0,"comment_status":"closed","ping_status":"closed","template":"","meta":{"footnotes":""},"_links":{"self":[{"href":"https:\/\/volztapes.com\/en\/wp-json\/wp\/v2\/pages\/3469"}],"collection":[{"href":"https:\/\/volztapes.com\/en\/wp-json\/wp\/v2\/pages"}],"about":[{"href":"https:\/\/volztapes.com\/en\/wp-json\/wp\/v2\/types\/page"}],"author":[{"embeddable":true,"href":"https:\/\/volztapes.com\/en\/wp-json\/wp\/v2\/users\/37"}],"replies":[{"embeddable":true,"href":"https:\/\/volztapes.com\/en\/wp-json\/wp\/v2\/comments?post=3469"}],"version-history":[{"count":22,"href":"https:\/\/volztapes.com\/en\/wp-json\/wp\/v2\/pages\/3469\/revisions"}],"predecessor-version":[{"id":5368,"href":"https:\/\/volztapes.com\/en\/wp-json\/wp\/v2\/pages\/3469\/revisions\/5368"}],"wp:attachment":[{"href":"https:\/\/volztapes.com\/en\/wp-json\/wp\/v2\/media?parent=3469"}],"curies":[{"name":"wp","href":"https:\/\/api.w.org\/{rel}","templated":true}]}}