{"id":22397,"date":"2025-03-18T11:15:07","date_gmt":"2025-03-18T10:15:07","guid":{"rendered":"https:\/\/volztapes.com\/about-us\/quality-management-2\/"},"modified":"2025-03-18T14:42:32","modified_gmt":"2025-03-18T13:42:32","slug":"quality-management-2","status":"publish","type":"page","link":"https:\/\/volztapes.com\/en\/about-us\/quality-management-2\/","title":{"rendered":"Quality Management"},"content":{"rendered":"[vc_row full_width=&#8221;stretch_row&#8221; css=&#8221;.vc_custom_1700206908309{margin-top: -30px !important;padding-top: 100px !important;padding-bottom: 35px !important;background-image: url(https:\/\/volztapes.com\/wp-content\/uploads\/2016\/11\/bg_title_qualitaetsmanagement.jpg?id=1681) !important;background-position: center !important;background-repeat: no-repeat !important;background-size: cover !important;}&#8221; el_class=&#8221;banner_new&#8221;][vc_column width=&#8221;7\/12&#8243;][vc_custom_heading text=&#8221;QUALITY MANAGEMENT&#8221; font_container=&#8221;tag:h2|font_size:40px|text_align:center|color:%23ffffff|line_height:60px&#8221; use_theme_fonts=&#8221;yes&#8221; css=&#8221;.vc_custom_1700206894946{padding-top: 4% !important;padding-right: 4% !important;padding-bottom: 4% !important;padding-left: 4% !important;background-color: rgba(0,162,226,0.8) !important;*background-color: rgb(0,162,226) !important;}&#8221;][\/vc_column][vc_column width=&#8221;5\/12&#8243;][\/vc_column][\/vc_row][vc_row full_width=&#8221;stretch_row&#8221; css=&#8221;.vc_custom_1480098587880{margin-top: -30px !important;margin-bottom: 0px !important;padding-top: 80px !important;padding-bottom: 0px !important;background-color: #ededed !important;}&#8221;][vc_column width=&#8221;1\/2&#8243;][vc_custom_heading text=&#8221;Certified Quality&#8221; font_container=&#8221;tag:h1|font_size:32|text_align:left|line_height:1.3&#8243; use_theme_fonts=&#8221;yes&#8221;][vc_column_text]Unsere Kunden haben wie wir hohe Qualit\u00e4tsma\u00dfst\u00e4be. Aus diesem Grund haben wir ein <strong>mit hochmodernen Pr\u00fcfeinrichtungen ausgestattetes Labor<\/strong> eingerichtet. Hier werden die Spezifikationswerte der Klebeb\u00e4nder und Formstanzteile pr\u00e4zise \u00fcberpr\u00fcft. \u00a0F\u00fcr diese Ma\u00dfst\u00e4be stehen auch die Zertifizierungen unseres <strong>Qualit\u00e4tsmanagementsystems<\/strong> nach <strong>ISO 9001:2015<\/strong>\u00a0und unseres <strong>Umweltmanagementsystems<\/strong> nach <strong>ISO 14001:2015<\/strong>, sowie die <strong>UL-Listungen<\/strong> unserer <a href=\"https:\/\/volztapes.com\/wp-content\/uploads\/2016\/11\/2020.09.08.VOLZ-TAPES-Electrical-Adhesive-Tapes_Version-1-email.pdf\"><u>Elektroklebeb\u00e4nder<\/u><\/a> und <a href=\"https:\/\/volztapes.com\/wp-content\/uploads\/2016\/11\/2020.07.28.VOLZ-TAPES-Doppelseitige-Klebeb\u00e4nder_Version-1-email.pdf\"><u>doppelseitigen<\/u><\/a> Klebeb\u00e4nder. Au\u00dferdem nehmen wir am globalen GS1-System teil und erf\u00fcllen damit die GS1 Standards.\r\n\r\nVOLZ\u00ae TAPES arbeitet zudem mit dem G\u00fctesiegel &#8220;Sicher mit System&#8221; der Berufsgenossenschaft Handel und Warenlogistik (BGHW).\u00a0 Das G\u00fctesiegel best\u00e4tigt die wirksame Umsetzung eines\u00a0 <strong>Arbeitsschutzmanagementsystem<\/strong> (AMS) von VOLZ\u00ae TAPES in \u00dcbereinstimmung mit der <strong>NLF \/ ILO-OSH 2001\r\nund DIN ISO 45001:2018.<\/strong><strong>\u00a0 <\/strong>\r\n\r\nDar\u00fcber hinaus sind wir aktives AFERA Mitglied, dem Verband europ\u00e4ischer Klebebandhersteller.[\/vc_column_text][\/vc_column][vc_column width=&#8221;1\/2&#8243;][vc_row_inner][vc_column_inner][vc_empty_space][\/vc_column_inner][\/vc_row_inner][vc_row_inner][vc_column_inner width=&#8221;1\/4&#8243; offset=&#8221;vc_col-xs-6&#8243;][vc_single_image image=&#8221;4468&#8243; img_size=&#8221;full&#8221;][\/vc_column_inner][vc_column_inner width=&#8221;1\/4&#8243; offset=&#8221;vc_col-xs-6&#8243;][vc_single_image image=&#8221;22370&#8243; img_size=&#8221;medium&#8221; onclick=&#8221;custom_link&#8221; img_link_target=&#8221;_blank&#8221; link=&#8221;https:\/\/volztapes.com\/wp-content\/uploads\/2021\/12\/Certificate-ISO-9001-2015-Volz-Selbstklebetechnik-GmbH-valid-until-2028-03-14.pdf&#8221;][\/vc_column_inner][vc_column_inner width=&#8221;1\/4&#8243; offset=&#8221;vc_col-xs-6&#8243;][vc_single_image image=&#8221;4471&#8243; img_size=&#8221;full&#8221;][\/vc_column_inner][vc_column_inner width=&#8221;1\/4&#8243; offset=&#8221;vc_col-xs-6&#8243;][vc_single_image image=&#8221;22375&#8243; img_size=&#8221;medium&#8221; onclick=&#8221;custom_link&#8221; img_link_target=&#8221;_blank&#8221; link=&#8221;https:\/\/volztapes.com\/wp-content\/uploads\/2021\/12\/Certificate-ISO-14001-2015-Volz-Selbstklebetechnik-GmbH-valid-until-2028-03-14.pdf&#8221;][\/vc_column_inner][\/vc_row_inner][vc_row_inner][vc_column_inner width=&#8221;1\/3&#8243; offset=&#8221;vc_col-xs-6&#8243;][vc_single_image image=&#8221;911&#8243; img_size=&#8221;full&#8221;][\/vc_column_inner][vc_column_inner width=&#8221;1\/3&#8243; offset=&#8221;vc_col-xs-6&#8243;][vc_single_image image=&#8221;906&#8243; img_size=&#8221;full&#8221; onclick=&#8221;custom_link&#8221; img_link_target=&#8221;_blank&#8221; link=&#8221;https:\/\/volztapes.com\/wp-content\/uploads\/2016\/11\/E354783-20120516-CertificateofCompliance-1.pdf&#8221;][\/vc_column_inner][vc_column_inner width=&#8221;1\/3&#8243; offset=&#8221;vc_col-xs-6&#8243;][vc_single_image image=&#8221;904&#8243; img_size=&#8221;full&#8221; onclick=&#8221;custom_link&#8221; img_link_target=&#8221;_blank&#8221; link=&#8221;https:\/\/volztapes.com\/wp-content\/uploads\/2016\/11\/E354783-20120515-CertificateofCompliance-1.pdf&#8221;][\/vc_column_inner][\/vc_row_inner][\/vc_column][\/vc_row][vc_row full_width=&#8221;stretch_row&#8221; css=&#8221;.vc_custom_1480098587880{margin-top: -30px !important;margin-bottom: 0px !important;padding-top: 80px !important;padding-bottom: 0px !important;background-color: #ededed !important;}&#8221;][vc_column width=&#8221;1\/2&#8243;][vc_row_inner][vc_column_inner width=&#8221;1\/3&#8243; offset=&#8221;vc_col-xs-6&#8243;][vc_single_image image=&#8221;909&#8243; img_size=&#8221;full&#8221;][\/vc_column_inner][vc_column_inner width=&#8221;1\/3&#8243;][vc_single_image image=&#8221;898&#8243; img_size=&#8221;full&#8221;][\/vc_column_inner][vc_column_inner width=&#8221;1\/3&#8243;][vc_single_image image=&#8221;900&#8243; img_size=&#8221;full&#8221;][\/vc_column_inner][\/vc_row_inner][vc_row_inner][vc_column_inner width=&#8221;1\/3&#8243; offset=&#8221;vc_col-xs-6&#8243;][\/vc_column_inner][vc_column_inner width=&#8221;1\/3&#8243;][\/vc_column_inner][\/vc_row_inner][\/vc_column][vc_column width=&#8221;1\/2&#8243;][vc_row_inner][vc_column_inner width=&#8221;1\/3&#8243; offset=&#8221;vc_col-xs-6&#8243;][vc_single_image image=&#8221;22404&#8243; img_size=&#8221;115&#215;153&#8243; onclick=&#8221;custom_link&#8221; img_link_target=&#8221;_blank&#8221; link=&#8221;https:\/\/volztapes.com\/wp-content\/uploads\/2016\/11\/CO2-Zertifikat-VOLZ-TAPES.pdf&#8221;][\/vc_column_inner][vc_column_inner width=&#8221;1\/3&#8243;][vc_single_image image=&#8221;6760&#8243;][\/vc_column_inner][vc_column_inner width=&#8221;1\/3&#8243;][\/vc_column_inner][\/vc_row_inner][\/vc_column][\/vc_row][vc_row full_width=&#8221;stretch_row&#8221; css=&#8221;.vc_custom_1480098524924{margin-bottom: 0px !important;padding-bottom: 0px !important;background-color: #ededed !important;}&#8221;][vc_column]\n\t\t\t<!-- START EN  Qualitymanagement REVOLUTION SLIDER 6.5.14 --><p class=\"rs-p-wp-fix\"><\/p>\n\t\t\t<rs-module-wrap id=\"rev_slider_27_1_wrapper\" data-source=\"gallery\" style=\"visibility:hidden;background:transparent;padding:0;margin:0px auto;margin-top:0;margin-bottom:0;\">\n\t\t\t\t<rs-module id=\"rev_slider_27_1\" style=\"\" data-version=\"6.5.14\">\n\t\t\t\t\t<rs-slides>\n\t\t\t\t\t\t<rs-slide style=\"position: absolute;\" data-key=\"rs-216\" data-title=\"Schwerkraft\" data-thumb=\"\/\/volztapes.com\/wp-content\/uploads\/2016\/11\/bg_slide_Schwerkraftpruefer2-100x50.jpg\" data-in=\"o:0;\" data-out=\"a:false;\">\n\t\t\t\t\t\t\t<img decoding=\"async\" src=\"\/\/volztapes.com\/wp-content\/plugins\/revslider\/public\/assets\/assets\/dummy.png\" alt=\"\" title=\"Quality Management\" class=\"rev-slidebg tp-rs-img rs-lazyload\" data-lazyload=\"\/\/volztapes.com\/wp-content\/uploads\/2016\/11\/bg_slide_Schwerkraftpruefer2.jpg\" data-no-retina>\n<!--\n\t\t\t\t\t\t\t--><rs-layer\n\t\t\t\t\t\t\t\tid=\"slider-27-slide-216-layer-1\" \n\t\t\t\t\t\t\t\tclass=\"tp-shape tp-shapewrapper rs-selectable\"\n\t\t\t\t\t\t\t\tdata-type=\"shape\"\n\t\t\t\t\t\t\t\tdata-rsp_ch=\"on\"\n\t\t\t\t\t\t\t\tdata-xy=\"y:b;yo:76px;\"\n\t\t\t\t\t\t\t\tdata-text=\"w:normal;fw:100;\"\n\t\t\t\t\t\t\t\tdata-dim=\"w:560px;h:220px;\"\n\t\t\t\t\t\t\t\tdata-frame_0=\"x:-100%;o:1;\"\n\t\t\t\t\t\t\t\tdata-frame_0_mask=\"u:t;\"\n\t\t\t\t\t\t\t\tdata-frame_1=\"st:500;sp:1500;sR:500;\"\n\t\t\t\t\t\t\t\tdata-frame_1_mask=\"u:t;\"\n\t\t\t\t\t\t\t\tdata-frame_999=\"o:0;st:w;sR:7000.0006103516;\"\n\t\t\t\t\t\t\t\tstyle=\"z-index:5;background-color:rgba(0,163,226,0.8);\"\n\t\t\t\t\t\t\t> \n\t\t\t\t\t\t\t<\/rs-layer><!--\n\n\t\t\t\t\t\t\t--><rs-layer\n\t\t\t\t\t\t\t\tid=\"slider-27-slide-216-layer-2\" \n\t\t\t\t\t\t\t\tclass=\"rs-selectable\"\n\t\t\t\t\t\t\t\tdata-type=\"text\"\n\t\t\t\t\t\t\t\tdata-color=\"rgba(255, 255, 255, 1)\"\n\t\t\t\t\t\t\t\tdata-rsp_ch=\"on\"\n\t\t\t\t\t\t\t\tdata-xy=\"xo:44px,44px,44px,40px;yo:238px,238px,238px,440px;\"\n\t\t\t\t\t\t\t\tdata-text=\"w:normal;s:40,40,40,34;l:47;fw:700;\"\n\t\t\t\t\t\t\t\tdata-dim=\"w:450px,450px,450px,400px;\"\n\t\t\t\t\t\t\t\tdata-frame_1=\"e:power2.inOut;st:800;sp:1000;sR:800;\"\n\t\t\t\t\t\t\t\tdata-frame_999=\"o:0;e:nothing;st:w;sR:7200.0006103516;\"\n\t\t\t\t\t\t\t\tstyle=\"z-index:6;font-family:'Roboto';text-transform:uppercase;\"\n\t\t\t\t\t\t\t>Static Sheer Adhesion Test \n\t\t\t\t\t\t\t<\/rs-layer><!--\n\n\t\t\t\t\t\t\t--><rs-layer\n\t\t\t\t\t\t\t\tid=\"slider-27-slide-216-layer-3\" \n\t\t\t\t\t\t\t\tclass=\"rs-selectable\"\n\t\t\t\t\t\t\t\tdata-type=\"text\"\n\t\t\t\t\t\t\t\tdata-color=\"rgba(255, 255, 255, 1)\"\n\t\t\t\t\t\t\t\tdata-rsp_ch=\"on\"\n\t\t\t\t\t\t\t\tdata-xy=\"xo:50px,50px,50px,40px;yo:356px,356px,356px,500px;\"\n\t\t\t\t\t\t\t\tdata-text=\"w:normal;l:30;\"\n\t\t\t\t\t\t\t\tdata-dim=\"w:480px,480px,480px,420px;\"\n\t\t\t\t\t\t\t\tdata-frame_1=\"e:power2.inOut;st:800;sp:1000;sR:800;\"\n\t\t\t\t\t\t\t\tdata-frame_999=\"o:0;e:nothing;st:w;sR:7200.0006103516;\"\n\t\t\t\t\t\t\t\tstyle=\"z-index:7;font-family:'Roboto';\"\n\t\t\t\t\t\t\t>According to AFERA 5012 \n\t\t\t\t\t\t\t<\/rs-layer><!--\n-->\t\t\t\t\t\t<\/rs-slide>\n\t\t\t\t\t\t<rs-slide style=\"position: absolute;\" data-key=\"rs-223\" data-title=\"Reissdehnung\" data-thumb=\"\/\/volztapes.com\/wp-content\/uploads\/2016\/11\/bg_slide_Reissdehnung-100x50.jpg\" data-in=\"o:0;\" data-out=\"a:false;\">\n\t\t\t\t\t\t\t<img decoding=\"async\" src=\"\/\/volztapes.com\/wp-content\/plugins\/revslider\/public\/assets\/assets\/dummy.png\" alt=\"\" title=\"Quality Management\" class=\"rev-slidebg tp-rs-img rs-lazyload\" data-lazyload=\"\/\/volztapes.com\/wp-content\/uploads\/2016\/11\/bg_slide_Reissdehnung.jpg\" data-no-retina>\n<!--\n\t\t\t\t\t\t\t--><rs-layer\n\t\t\t\t\t\t\t\tid=\"slider-27-slide-223-layer-0\" \n\t\t\t\t\t\t\t\tclass=\"rs-selectable\"\n\t\t\t\t\t\t\t\tdata-type=\"text\"\n\t\t\t\t\t\t\t\tdata-rsp_ch=\"on\"\n\t\t\t\t\t\t\t\tdata-xy=\"xo:61px,52px,39px,24px;yo:352px,305px,231px,142px;\"\n\t\t\t\t\t\t\t\tdata-text=\"w:normal;s:20,17,12,7;l:25,21,15,9;\"\n\t\t\t\t\t\t\t\tdata-dim=\"w:472.0071px,409px,310px,191px;\"\n\t\t\t\t\t\t\t\tdata-frame_999=\"o:0;st:w;\"\n\t\t\t\t\t\t\t\tstyle=\"z-index:8;font-family:'Roboto';\"\n\t\t\t\t\t\t\t> Loop Tack according to  FINAT 9 \n\t\t\t\t\t\t\t<\/rs-layer><!--\n\n\t\t\t\t\t\t\t--><rs-layer\n\t\t\t\t\t\t\t\tid=\"slider-27-slide-223-layer-1\" \n\t\t\t\t\t\t\t\tclass=\"tp-shape tp-shapewrapper rs-selectable\"\n\t\t\t\t\t\t\t\tdata-type=\"shape\"\n\t\t\t\t\t\t\t\tdata-rsp_ch=\"on\"\n\t\t\t\t\t\t\t\tdata-xy=\"y:b;yo:76px;\"\n\t\t\t\t\t\t\t\tdata-text=\"w:normal;fw:100;\"\n\t\t\t\t\t\t\t\tdata-dim=\"w:560px;h:220px;\"\n\t\t\t\t\t\t\t\tdata-frame_0=\"x:-100%;o:1;\"\n\t\t\t\t\t\t\t\tdata-frame_0_mask=\"u:t;\"\n\t\t\t\t\t\t\t\tdata-frame_1=\"st:500;sp:1500;sR:500;\"\n\t\t\t\t\t\t\t\tdata-frame_1_mask=\"u:t;\"\n\t\t\t\t\t\t\t\tdata-frame_999=\"o:0;st:w;sR:7000.0006103516;\"\n\t\t\t\t\t\t\t\tstyle=\"z-index:5;background-color:rgba(0,163,226,0.8);\"\n\t\t\t\t\t\t\t> \n\t\t\t\t\t\t\t<\/rs-layer><!--\n\n\t\t\t\t\t\t\t--><rs-layer\n\t\t\t\t\t\t\t\tid=\"slider-27-slide-223-layer-2\" \n\t\t\t\t\t\t\t\tclass=\"rs-selectable\"\n\t\t\t\t\t\t\t\tdata-type=\"text\"\n\t\t\t\t\t\t\t\tdata-color=\"rgba(255, 255, 255, 1)\"\n\t\t\t\t\t\t\t\tdata-rsp_ch=\"on\"\n\t\t\t\t\t\t\t\tdata-xy=\"xo:58px,58px,58px,60px;yo:234px,234px,234px,450px;\"\n\t\t\t\t\t\t\t\tdata-text=\"w:normal;s:40;l:47;fw:700;\"\n\t\t\t\t\t\t\t\tdata-dim=\"w:486px,486px,486px,400px;\"\n\t\t\t\t\t\t\t\tdata-frame_1=\"e:power2.inOut;st:800;sp:1000;sR:800;\"\n\t\t\t\t\t\t\t\tdata-frame_999=\"o:0;e:nothing;st:w;sR:7200.0006103516;\"\n\t\t\t\t\t\t\t\tstyle=\"z-index:6;font-family:'Roboto';\"\n\t\t\t\t\t\t\t>Tensile Strength \n \n\t\t\t\t\t\t\t<\/rs-layer><!--\n\n\t\t\t\t\t\t\t--><rs-layer\n\t\t\t\t\t\t\t\tid=\"slider-27-slide-223-layer-3\" \n\t\t\t\t\t\t\t\tclass=\"rs-selectable\"\n\t\t\t\t\t\t\t\tdata-type=\"text\"\n\t\t\t\t\t\t\t\tdata-color=\"rgba(255, 255, 255, 1)\"\n\t\t\t\t\t\t\t\tdata-rsp_ch=\"on\"\n\t\t\t\t\t\t\t\tdata-xy=\"xo:62px,60px,60px,60px;yo:308px,338px,338px,550px;\"\n\t\t\t\t\t\t\t\tdata-text=\"w:normal;l:30;\"\n\t\t\t\t\t\t\t\tdata-dim=\"w:472px,471px,471px,400px;h:35.9894px,auto,auto,auto;\"\n\t\t\t\t\t\t\t\tdata-frame_1=\"e:power2.inOut;st:800;sp:1000;sR:800;\"\n\t\t\t\t\t\t\t\tdata-frame_999=\"o:0;e:nothing;st:w;sR:7200.0006103516;\"\n\t\t\t\t\t\t\t\tstyle=\"z-index:7;font-family:'Roboto';\"\n\t\t\t\t\t\t\t>According to AFERA 5004  \n\t\t\t\t\t\t\t<\/rs-layer><!--\n-->\t\t\t\t\t\t<\/rs-slide>\n\t\t\t\t\t\t<rs-slide style=\"position: absolute;\" data-key=\"rs-217\" data-title=\"Rolling Ball\" data-thumb=\"\/\/volztapes.com\/wp-content\/uploads\/2016\/11\/bg_slide_Rolling-Ball-Track2-100x50.jpg\" data-in=\"o:0;\" data-out=\"a:false;\">\n\t\t\t\t\t\t\t<img decoding=\"async\" src=\"\/\/volztapes.com\/wp-content\/plugins\/revslider\/public\/assets\/assets\/dummy.png\" alt=\"\" title=\"Quality Management\" class=\"rev-slidebg tp-rs-img rs-lazyload\" data-lazyload=\"\/\/volztapes.com\/wp-content\/uploads\/2016\/11\/bg_slide_Rolling-Ball-Track2.jpg\" data-no-retina>\n<!--\n\t\t\t\t\t\t\t--><rs-layer\n\t\t\t\t\t\t\t\tid=\"slider-27-slide-217-layer-1\" \n\t\t\t\t\t\t\t\tclass=\"tp-shape tp-shapewrapper rs-selectable\"\n\t\t\t\t\t\t\t\tdata-type=\"shape\"\n\t\t\t\t\t\t\t\tdata-rsp_ch=\"on\"\n\t\t\t\t\t\t\t\tdata-xy=\"xo:2px;y:b;yo:76px;\"\n\t\t\t\t\t\t\t\tdata-text=\"w:normal;fw:100;\"\n\t\t\t\t\t\t\t\tdata-dim=\"w:560px;h:220px;\"\n\t\t\t\t\t\t\t\tdata-frame_0=\"x:-100%;o:1;\"\n\t\t\t\t\t\t\t\tdata-frame_0_mask=\"u:t;\"\n\t\t\t\t\t\t\t\tdata-frame_1=\"st:500;sp:1500;sR:500;\"\n\t\t\t\t\t\t\t\tdata-frame_1_mask=\"u:t;\"\n\t\t\t\t\t\t\t\tdata-frame_999=\"o:0;st:w;sR:7000.0006103516;\"\n\t\t\t\t\t\t\t\tstyle=\"z-index:5;background-color:rgba(0,163,226,0.8);\"\n\t\t\t\t\t\t\t> \n\t\t\t\t\t\t\t<\/rs-layer><!--\n\n\t\t\t\t\t\t\t--><rs-layer\n\t\t\t\t\t\t\t\tid=\"slider-27-slide-217-layer-2\" \n\t\t\t\t\t\t\t\tclass=\"rs-selectable\"\n\t\t\t\t\t\t\t\tdata-type=\"text\"\n\t\t\t\t\t\t\t\tdata-color=\"rgba(255, 255, 255, 1)\"\n\t\t\t\t\t\t\t\tdata-rsp_ch=\"on\"\n\t\t\t\t\t\t\t\tdata-xy=\"xo:58px,58px,58px,50px;yo:271px,271px,271px,470px;\"\n\t\t\t\t\t\t\t\tdata-text=\"w:normal;s:40,40,40,38;l:47;fw:700;\"\n\t\t\t\t\t\t\t\tdata-dim=\"w:470px,470px,470px,420px;h:49px,49px,49px,auto;\"\n\t\t\t\t\t\t\t\tdata-frame_1=\"e:power2.inOut;st:800;sp:1000;sR:800;\"\n\t\t\t\t\t\t\t\tdata-frame_999=\"o:0;e:nothing;st:w;sR:7200.0006103516;\"\n\t\t\t\t\t\t\t\tstyle=\"z-index:6;font-family:'Roboto';text-transform:uppercase;\"\n\t\t\t\t\t\t\t>Rolling Ball Tack \n\t\t\t\t\t\t\t<\/rs-layer><!--\n\n\t\t\t\t\t\t\t--><rs-layer\n\t\t\t\t\t\t\t\tid=\"slider-27-slide-217-layer-3\" \n\t\t\t\t\t\t\t\tclass=\"rs-selectable\"\n\t\t\t\t\t\t\t\tdata-type=\"text\"\n\t\t\t\t\t\t\t\tdata-color=\"rgba(255, 255, 255, 1)\"\n\t\t\t\t\t\t\t\tdata-rsp_ch=\"on\"\n\t\t\t\t\t\t\t\tdata-xy=\"xo:55px,55px,55px,50px;yo:342px,342px,342px,530px;\"\n\t\t\t\t\t\t\t\tdata-text=\"w:normal;l:30;\"\n\t\t\t\t\t\t\t\tdata-dim=\"w:471px,471px,471px,420px;h:auto,auto,auto,100px;\"\n\t\t\t\t\t\t\t\tdata-frame_1=\"e:power2.inOut;st:800;sp:1000;sR:800;\"\n\t\t\t\t\t\t\t\tdata-frame_999=\"o:0;e:nothing;st:w;sR:7200.0006103516;\"\n\t\t\t\t\t\t\t\tstyle=\"z-index:7;font-family:'Roboto';\"\n\t\t\t\t\t\t\t>According to PSTC-6 \n\t\t\t\t\t\t\t<\/rs-layer><!--\n-->\t\t\t\t\t\t<\/rs-slide>\n\t\t\t\t\t\t<rs-slide style=\"position: absolute;\" data-key=\"rs-224\" data-title=\"Stanzteilpr\u00fcfung\" data-thumb=\"\/\/volztapes.com\/wp-content\/uploads\/2016\/11\/projector-edited-100x50.png\" data-in=\"o:0;\" data-out=\"a:false;\">\n\t\t\t\t\t\t\t<img decoding=\"async\" src=\"\/\/volztapes.com\/wp-content\/plugins\/revslider\/public\/assets\/assets\/dummy.png\" alt=\"\" title=\"Quality Management\" class=\"rev-slidebg tp-rs-img rs-lazyload\" data-lazyload=\"\/\/volztapes.com\/wp-content\/uploads\/2016\/11\/projector-edited.png\" data-no-retina>\n<!--\n\t\t\t\t\t\t\t--><rs-layer\n\t\t\t\t\t\t\t\tid=\"slider-27-slide-224-layer-1\" \n\t\t\t\t\t\t\t\tclass=\"tp-shape tp-shapewrapper rs-selectable\"\n\t\t\t\t\t\t\t\tdata-type=\"shape\"\n\t\t\t\t\t\t\t\tdata-rsp_ch=\"on\"\n\t\t\t\t\t\t\t\tdata-xy=\"y:b;yo:76px;\"\n\t\t\t\t\t\t\t\tdata-text=\"w:normal;fw:100;\"\n\t\t\t\t\t\t\t\tdata-dim=\"w:644.988px,644px,644px,644px;h:220px;\"\n\t\t\t\t\t\t\t\tdata-frame_0=\"x:-100%;o:1;\"\n\t\t\t\t\t\t\t\tdata-frame_0_mask=\"u:t;\"\n\t\t\t\t\t\t\t\tdata-frame_1=\"st:500;sp:1500;sR:500;\"\n\t\t\t\t\t\t\t\tdata-frame_1_mask=\"u:t;\"\n\t\t\t\t\t\t\t\tdata-frame_999=\"o:0;st:w;sR:7000.0006103516;\"\n\t\t\t\t\t\t\t\tstyle=\"z-index:5;background-color:rgba(0,163,226,0.8);\"\n\t\t\t\t\t\t\t> \n\t\t\t\t\t\t\t<\/rs-layer><!--\n\n\t\t\t\t\t\t\t--><rs-layer\n\t\t\t\t\t\t\t\tid=\"slider-27-slide-224-layer-2\" \n\t\t\t\t\t\t\t\tclass=\"rs-selectable\"\n\t\t\t\t\t\t\t\tdata-type=\"text\"\n\t\t\t\t\t\t\t\tdata-color=\"rgba(255, 255, 255, 1)\"\n\t\t\t\t\t\t\t\tdata-rsp_ch=\"on\"\n\t\t\t\t\t\t\t\tdata-xy=\"xo:60px;yo:234px,234px,234px,470px;\"\n\t\t\t\t\t\t\t\tdata-text=\"w:normal;s:40,40,40,38;l:47;fw:700;\"\n\t\t\t\t\t\t\t\tdata-dim=\"w:548.992px,548px,548px,420px;\"\n\t\t\t\t\t\t\t\tdata-frame_1=\"e:power2.inOut;st:800;sp:1000;sR:800;\"\n\t\t\t\t\t\t\t\tdata-frame_999=\"o:0;e:nothing;st:w;sR:7200.0006103516;\"\n\t\t\t\t\t\t\t\tstyle=\"z-index:6;font-family:'Roboto';text-transform:uppercase;\"\n\t\t\t\t\t\t\t>STAMPED PART AUDIT \n\t\t\t\t\t\t\t<\/rs-layer><!--\n\n\t\t\t\t\t\t\t--><rs-layer\n\t\t\t\t\t\t\t\tid=\"slider-27-slide-224-layer-3\" \n\t\t\t\t\t\t\t\tclass=\"rs-selectable\"\n\t\t\t\t\t\t\t\tdata-type=\"text\"\n\t\t\t\t\t\t\t\tdata-color=\"rgba(255, 255, 255, 1)\"\n\t\t\t\t\t\t\t\tdata-rsp_ch=\"on\"\n\t\t\t\t\t\t\t\tdata-xy=\"xo:60px;yo:301px,301px,301px,530px;\"\n\t\t\t\t\t\t\t\tdata-text=\"w:normal;l:30;\"\n\t\t\t\t\t\t\t\tdata-dim=\"w:433.985px,433px,433px,420px;h:auto,auto,auto,68px;\"\n\t\t\t\t\t\t\t\tdata-frame_1=\"e:power2.inOut;st:800;sp:1000;sR:800;\"\n\t\t\t\t\t\t\t\tdata-frame_999=\"o:0;e:nothing;st:w;sR:7200.0006103516;\"\n\t\t\t\t\t\t\t\tstyle=\"z-index:7;font-family:'Roboto';\"\n\t\t\t\t\t\t\t>Each die-cut part is inspected and verified by digital optical measurement. \n\t\t\t\t\t\t\t<\/rs-layer><!--\n-->\t\t\t\t\t\t<\/rs-slide>\n\t\t\t\t\t<\/rs-slides>\n\t\t\t\t<\/rs-module>\n\t\t\t\t<script>\n\t\t\t\t\tsetREVStartSize({c: 'rev_slider_27_1',rl:[1240,1024,778,480],el:[500,500,500,720],gw:[1180,1024,778,480],gh:[500,500,500,720],type:'standard',justify:'',layout:'fullwidth',mh:\"0\"});if (window.RS_MODULES!==undefined && window.RS_MODULES.modules!==undefined && window.RS_MODULES.modules[\"revslider271\"]!==undefined) {window.RS_MODULES.modules[\"revslider271\"].once = false;window.revapi27 = undefined;if (window.RS_MODULES.checkMinimal!==undefined) window.RS_MODULES.checkMinimal()}\n\t\t\t\t<\/script>\n\t\t\t<\/rs-module-wrap>\n\t\t\t<!-- END REVOLUTION SLIDER -->\n[\/vc_column][\/vc_row][vc_row][vc_column][vc_empty_space][\/vc_column][\/vc_row][vc_row][vc_column width=&#8221;1\/2&#8243;][vc_column_text]We test our adhesive products according to AFERA, FINAT, PSTC, CATIA, TAAT und JATMA standards. \u00a0Per request, we can test to other specifications and standards required by our customers. We ensure quality of our die-cut parts using advanced optical measuring technology, comparing products against each customers\u2019 unique set of specifications. All test procedures and respective results are documented for transparency and future reference.[\/vc_column_text][vc_row_inner][vc_column_inner width=&#8221;1\/2&#8243; offset=&#8221;vc_col-xs-6&#8243;][vc_single_image image=&#8221;917&#8243; img_size=&#8221;full&#8221;][\/vc_column_inner][vc_column_inner width=&#8221;1\/2&#8243; offset=&#8221;vc_col-xs-6&#8243;][vc_single_image image=&#8221;921&#8243; img_size=&#8221;full&#8221;][\/vc_column_inner][\/vc_row_inner][vc_row_inner][vc_column_inner width=&#8221;1\/2&#8243; offset=&#8221;vc_col-xs-6&#8243;][vc_single_image image=&#8221;919&#8243; img_size=&#8221;full&#8221;][\/vc_column_inner][vc_column_inner width=&#8221;1\/2&#8243; offset=&#8221;vc_col-xs-6&#8243;][vc_single_image image=&#8221;1892&#8243; img_size=&#8221;full&#8221;][\/vc_column_inner][\/vc_row_inner][vc_row_inner][vc_column_inner width=&#8221;1\/2&#8243; offset=&#8221;vc_col-xs-6&#8243;][vc_single_image image=&#8221;1889&#8243; img_size=&#8221;full&#8221;][\/vc_column_inner][vc_column_inner width=&#8221;1\/2&#8243; offset=&#8221;vc_col-xs-6&#8243;][vc_single_image image=&#8221;1887&#8243; img_size=&#8221;full&#8221;][\/vc_column_inner][\/vc_row_inner][\/vc_column][vc_column width=&#8221;1\/2&#8243;][vc_column_text]<strong>Testing in our laboratory includes:<\/strong>[\/vc_column_text][vc_column_text]\r\n<ul>\r\n \t<li>Scherkraftpr\u00fcfung nach AFERA 5012<\/li>\r\n \t<li>Rei\u00dfdehnung &amp; Rei\u00dfkraft nach AFERA 5004<\/li>\r\n \t<li>Klebkraftpr\u00fcfung 90\u00b0 &amp; 180\u00b0 nach AFERA 5001<\/li>\r\n \t<li>Dickenmessung nach AFERA 5006<\/li>\r\n \t<li>Loop Tack Test nach FINAT 9<\/li>\r\n \t<li>Rolling Ball Tack Test nach PSTC-6<\/li>\r\n \t<li>Abrollkraft DIN EN 1944<\/li>\r\n \t<li>Materialstrukturpr\u00fcfung<\/li>\r\n \t<li>Fl\u00e4chengewichtmessung<\/li>\r\n \t<li>Pr\u00fcfung der Druckqualit\u00e4t von Barcodes<\/li>\r\n \t<li>Klimatests auf Anfrage<\/li>\r\n<\/ul>\r\n[\/vc_column_text][\/vc_column][\/vc_row]","protected":false},"excerpt":{"rendered":"[vc_row full_width=&#8221;stretch_row&#8221; css=&#8221;.vc_custom_1700206908309{margin-top: -30px !important;padding-top: 100px !important;padding-bottom: 35px !important;background-image: url(https:\/\/volztapes.com\/wp-content\/uploads\/2016\/11\/bg_title_qualitaetsmanagement.jpg?id=1681) !important;background-position: center !important;background-repeat: no-repeat !important;background-size: cover !important;}&#8221; el_class=&#8221;banner_new&#8221;][vc_column width=&#8221;7\/12&#8243;][vc_custom_heading text=&#8221;QUALITY MANAGEMENT&#8221; font_container=&#8221;tag:h2|font_size:40px|text_align:center|color:%23ffffff|line_height:60px&#8221; use_theme_fonts=&#8221;yes&#8221; css=&#8221;.vc_custom_1700206894946{padding-top: 4% !important;padding-right: 4% !important;padding-bottom: 4% !important;padding-left: 4% !important;background-color: rgba(0,162,226,0.8) !important;*background-color: rgb(0,162,226) !important;}&#8221;][\/vc_column][vc_column width=&#8221;5\/12&#8243;][\/vc_column][\/vc_row][vc_row full_width=&#8221;stretch_row&#8221; css=&#8221;.vc_custom_1480098587880{margin-top: -30px !important;margin-bottom: 0px !important;padding-top: 80px !important;padding-bottom: 0px !important;background-color: #ededed !important;}&#8221;][vc_column width=&#8221;1\/2&#8243;][vc_custom_heading text=&#8221;Certified Quality&#8221; font_container=&#8221;tag:h1|font_size:32|text_align:left|line_height:1.3&#8243; use_theme_fonts=&#8221;yes&#8221;][vc_column_text]Unsere Kunden [&hellip;]","protected":false},"author":37,"featured_media":0,"parent":3447,"menu_order":0,"comment_status":"closed","ping_status":"closed","template":"","meta":{"footnotes":""},"_links":{"self":[{"href":"https:\/\/volztapes.com\/en\/wp-json\/wp\/v2\/pages\/22397"}],"collection":[{"href":"https:\/\/volztapes.com\/en\/wp-json\/wp\/v2\/pages"}],"about":[{"href":"https:\/\/volztapes.com\/en\/wp-json\/wp\/v2\/types\/page"}],"author":[{"embeddable":true,"href":"https:\/\/volztapes.com\/en\/wp-json\/wp\/v2\/users\/37"}],"replies":[{"embeddable":true,"href":"https:\/\/volztapes.com\/en\/wp-json\/wp\/v2\/comments?post=22397"}],"version-history":[{"count":16,"href":"https:\/\/volztapes.com\/en\/wp-json\/wp\/v2\/pages\/22397\/revisions"}],"predecessor-version":[{"id":22425,"href":"https:\/\/volztapes.com\/en\/wp-json\/wp\/v2\/pages\/22397\/revisions\/22425"}],"up":[{"embeddable":true,"href":"https:\/\/volztapes.com\/en\/wp-json\/wp\/v2\/pages\/3447"}],"wp:attachment":[{"href":"https:\/\/volztapes.com\/en\/wp-json\/wp\/v2\/media?parent=22397"}],"curies":[{"name":"wp","href":"https:\/\/api.w.org\/{rel}","templated":true}]}}